{"id":9298,"date":"2023-09-13T17:44:38","date_gmt":"2023-09-13T14:44:38","guid":{"rendered":"https:\/\/szekelycsuda.ro\/pertnereink\/"},"modified":"2023-09-13T17:51:56","modified_gmt":"2023-09-13T14:51:56","slug":"partenerii","status":"publish","type":"page","link":"https:\/\/szekelycsuda.ro\/ro\/partenerii\/","title":{"rendered":"Partenerii"},"content":{"rendered":"\t\t<div data-elementor-type=\"wp-page\" data-elementor-id=\"9298\" class=\"elementor elementor-9298 elementor-9292\" data-elementor-post-type=\"page\">\n\t\t\t\t\t\t<section class=\"elementor-section elementor-top-section elementor-element elementor-element-b8ec2fb elementor-section-full_width elementor-section-height-min-height elementor-section-content-middle elementor-section-stretched elementor-section-height-default elementor-section-items-middle\" data-id=\"b8ec2fb\" data-element_type=\"section\" data-e-type=\"section\" data-settings=\"{&quot;stretch_section&quot;:&quot;section-stretched&quot;,&quot;background_background&quot;:&quot;classic&quot;}\">\n\t\t\t\t\t\t<div class=\"elementor-container elementor-column-gap-no\">\n\t\t\t\t\t<div class=\"elementor-column elementor-col-100 elementor-top-column elementor-element elementor-element-5f6859b\" data-id=\"5f6859b\" data-element_type=\"column\" data-e-type=\"column\">\n\t\t\t<div class=\"elementor-widget-wrap elementor-element-populated\">\n\t\t\t\t\t\t<div class=\"elementor-element elementor-element-50e2c16 elementor-position-center elementor-widget-mobile__width-initial elementor-position-above elementor-widget elementor-widget-heading\" data-id=\"50e2c16\" data-element_type=\"widget\" data-e-type=\"widget\" data-widget_type=\"heading.default\">\n\t\t\t\t\t<div class=\"elementor-heading-wrapper\" ><div class=\"elementor-heading-wrapper-inner\"><h1 class=\"elementor-heading-title elementor-size-default\">Hagyom\u00e1nyos \u00e9s term\u00e9szetes term\u00e9kek, <br>melyek az emberek <br>eg\u00e9szs\u00e9g\u00e9t szolg\u00e1lj\u00e1k. <\/h1><\/div><\/div>\t\t\t\t<\/div>\n\t\t\t\t<div class=\"elementor-element elementor-element-0b1d0e0 elementor-align-center elementor-button-primary elementor-widget elementor-widget-button\" data-id=\"0b1d0e0\" data-element_type=\"widget\" data-e-type=\"widget\" data-widget_type=\"button.default\">\n\t\t\t\t\t        <div class=\"elementor-button-wrapper\">\n            <a href=\"#\" class=\"elementor-button-link elementor-button elementor-size-lg\" role=\"button\">\n                        <span class=\"elementor-button-content-wrapper\">\n\t\t\t            <span class=\"elementor-button-text\">DESPRE NOI<\/span>\n\t\t<\/span>\n\n\n                <\/a>\n        <\/div>\n        \t\t\t\t<\/div>\n\t\t\t\t\t<\/div>\n\t\t<\/div>\n\t\t\t\t\t<\/div>\n\t\t<\/section>\n\t\t\t\t<section class=\"elementor-section elementor-top-section elementor-element elementor-element-7e4ebe6 elementor-section-stretched elementor-section-boxed elementor-section-height-default elementor-section-height-default\" data-id=\"7e4ebe6\" data-element_type=\"section\" data-e-type=\"section\" data-settings=\"{&quot;stretch_section&quot;:&quot;section-stretched&quot;}\">\n\t\t\t\t\t\t<div class=\"elementor-container elementor-column-gap-no\">\n\t\t\t\t\t<div class=\"elementor-column elementor-col-100 elementor-top-column elementor-element elementor-element-7193966\" data-id=\"7193966\" data-element_type=\"column\" data-e-type=\"column\">\n\t\t\t<div class=\"elementor-widget-wrap elementor-element-populated\">\n\t\t\t\t\t\t<div class=\"elementor-element elementor-element-645f4ad elementor-position-center elementor-position-below elementor-widget elementor-widget-heading\" data-id=\"645f4ad\" data-element_type=\"widget\" data-e-type=\"widget\" data-widget_type=\"heading.default\">\n\t\t\t\t\t<div class=\"elementor-heading-wrapper\" ><div class=\"elementor-heading-wrapper-inner\"><h2 class=\"elementor-heading-title elementor-size-default\">Produse secuiasc\u0103 minune<\/h2><span class=\"sub-title\">... pute\u021bi face cump\u0103r\u0103turi \u0219i \u00een aceste locuri ...<\/span><\/div><\/div>\t\t\t\t<\/div>\n\t\t\t\t<div class=\"elementor-element elementor-element-eb16001 elementor-widget elementor-widget-text-editor\" data-id=\"eb16001\" data-element_type=\"widget\" data-e-type=\"widget\" data-widget_type=\"text-editor.default\">\n\t\t\t\t\t        <div class=\"elementor-text-editor elementor-clearfix\"><p style=\"text-align: left;\"><strong>Elan trio Srl<\/strong> (Magazinele Merkur)<\/p><p style=\"text-align: left;\"><strong>Helyenvalo SRL<\/strong> (Hely\u00e9nval\u00f3 Odorheiu Secuiesc)<\/p><p style=\"text-align: left;\"><strong>Kin Hom Srl<\/strong> (Boti Bolt B\u0103ile Homorod)<\/p><p style=\"text-align: left;\"><strong>Brizzo Tour Srl<\/strong> (Praid)<\/p><p style=\"text-align: left;\"><strong>Herba Milefolium Srl <\/strong>(Miercurea Ciuc)<\/p><p style=\"text-align: left;\"><strong>Bio Line Profi Srl<\/strong> ( Odorheiu Secuiesc, Targu Secuiesc)<\/p><p style=\"text-align: left;\"><strong>Hidv\u00e9ghy Norbert<\/strong> E.V (P\u00e9cel, Ungaria)<\/p><p style=\"text-align: left;\"><strong>Tolnai \u00e9s Tolnai Kft<\/strong> (P\u00e9cs, Ungaria)<\/p><\/div>\n        \t\t\t\t<\/div>\n\t\t\t\t\t<\/div>\n\t\t<\/div>\n\t\t\t\t\t<\/div>\n\t\t<\/section>\n\t\t\t\t<\/div>\n\t\t","protected":false},"excerpt":{"rendered":"<p>Hagyom\u00e1nyos \u00e9s term\u00e9szetes term\u00e9kek, melyek az emberek eg\u00e9szs\u00e9g\u00e9t szolg\u00e1lj\u00e1k. DESPRE NOI Produse secuiasc\u0103 minune &#8230; pute\u021bi face cump\u0103r\u0103turi \u0219i \u00een aceste locuri &#8230; Elan trio Srl (Magazinele Merkur) Helyenvalo SRL (Hely\u00e9nval\u00f3 Odorheiu Secuiesc) Kin Hom Srl (Boti Bolt B\u0103ile Homorod) Brizzo Tour Srl (Praid) Herba Milefolium Srl (Miercurea Ciuc) Bio Line Profi Srl ( Odorheiu &hellip; <\/p>\n<p class=\"more-link-wrap\"><a href=\"https:\/\/szekelycsuda.ro\/ro\/partenerii\/\" class=\"more-link\"><i class=\"opal-icon-plus\" aria-hidden=\"true\"><\/i><span>Cite\u015fte mai mult<span class=\"screen-reader-text\"> &#8222;Partenerii&#8221;<\/span><\/span><\/a><\/p>\n","protected":false},"author":1,"featured_media":0,"parent":0,"menu_order":0,"comment_status":"closed","ping_status":"closed","template":"page-elementor.php","meta":{"footnotes":""},"class_list":["post-9298","page","type-page","status-publish","hentry"],"yoast_head":"<!-- This site is optimized with the Yoast SEO Premium plugin v20.13 (Yoast SEO v20.13) - https:\/\/yoast.com\/wordpress\/plugins\/seo\/ -->\n<title>De unde s\u0103 cump\u0103ra\u021bi unguent creme secuiasca minune<\/title>\n<meta name=\"robots\" content=\"index, follow, max-snippet:-1, max-image-preview:large, max-video-preview:-1\" \/>\n<link rel=\"canonical\" href=\"https:\/\/szekelycsuda.ro\/ro\/partenerii\/\" \/>\n<meta property=\"og:locale\" content=\"ro_RO\" \/>\n<meta property=\"og:type\" content=\"article\" \/>\n<meta property=\"og:title\" content=\"Partenerii\" \/>\n<meta property=\"og:description\" content=\"Hagyom\u00e1nyos \u00e9s term\u00e9szetes term\u00e9kek, melyek az emberek eg\u00e9szs\u00e9g\u00e9t szolg\u00e1lj\u00e1k. DESPRE NOI Produse secuiasc\u0103 minune &#8230; pute\u021bi face cump\u0103r\u0103turi \u0219i \u00een aceste locuri &#8230; Elan trio Srl (Magazinele Merkur) Helyenvalo SRL (Hely\u00e9nval\u00f3 Odorheiu Secuiesc) Kin Hom Srl (Boti Bolt B\u0103ile Homorod) Brizzo Tour Srl (Praid) Herba Milefolium Srl (Miercurea Ciuc) Bio Line Profi Srl ( Odorheiu &hellip; Cite\u015fte mai mult &quot;Partenerii&quot;\" \/>\n<meta property=\"og:url\" content=\"https:\/\/szekelycsuda.ro\/ro\/partenerii\/\" \/>\n<meta property=\"og:site_name\" content=\"Sz\u00e9kely Csuda Ken\u0151cs\" \/>\n<meta property=\"article:modified_time\" content=\"2023-09-13T14:51:56+00:00\" \/>\n<meta name=\"twitter:card\" content=\"summary_large_image\" \/>\n<meta name=\"twitter:label1\" content=\"Timp estimat pentru citire\" \/>\n\t<meta name=\"twitter:data1\" content=\"1 minut\" \/>\n<script type=\"application\/ld+json\" class=\"yoast-schema-graph\">{\"@context\":\"https:\/\/schema.org\",\"@graph\":[{\"@type\":\"WebPage\",\"@id\":\"https:\/\/szekelycsuda.ro\/ro\/partenerii\/\",\"url\":\"https:\/\/szekelycsuda.ro\/ro\/partenerii\/\",\"name\":\"De unde s\u0103 cump\u0103ra\u021bi unguent creme secuiasca minune\",\"isPartOf\":{\"@id\":\"https:\/\/szekelycsuda.ro\/#website\"},\"datePublished\":\"2023-09-13T14:44:38+00:00\",\"dateModified\":\"2023-09-13T14:51:56+00:00\",\"breadcrumb\":{\"@id\":\"https:\/\/szekelycsuda.ro\/ro\/partenerii\/#breadcrumb\"},\"inLanguage\":\"ro-RO\",\"potentialAction\":[{\"@type\":\"ReadAction\",\"target\":[\"https:\/\/szekelycsuda.ro\/ro\/partenerii\/\"]}]},{\"@type\":\"BreadcrumbList\",\"@id\":\"https:\/\/szekelycsuda.ro\/ro\/partenerii\/#breadcrumb\",\"itemListElement\":[{\"@type\":\"ListItem\",\"position\":1,\"name\":\"Home\",\"item\":\"https:\/\/szekelycsuda.ro\/ro\/\"},{\"@type\":\"ListItem\",\"position\":2,\"name\":\"Partenerii\"}]},{\"@type\":\"WebSite\",\"@id\":\"https:\/\/szekelycsuda.ro\/#website\",\"url\":\"https:\/\/szekelycsuda.ro\/\",\"name\":\"Sz\u00e9kely Csuda Ken\u0151cs\",\"description\":\"\",\"potentialAction\":[{\"@type\":\"SearchAction\",\"target\":{\"@type\":\"EntryPoint\",\"urlTemplate\":\"https:\/\/szekelycsuda.ro\/?s={search_term_string}\"},\"query-input\":\"required name=search_term_string\"}],\"inLanguage\":\"ro-RO\"}]}<\/script>\n<!-- \/ Yoast SEO Premium plugin. -->","yoast_head_json":{"title":"De unde s\u0103 cump\u0103ra\u021bi unguent creme secuiasca minune","robots":{"index":"index","follow":"follow","max-snippet":"max-snippet:-1","max-image-preview":"max-image-preview:large","max-video-preview":"max-video-preview:-1"},"canonical":"https:\/\/szekelycsuda.ro\/ro\/partenerii\/","og_locale":"ro_RO","og_type":"article","og_title":"Partenerii","og_description":"Hagyom\u00e1nyos \u00e9s term\u00e9szetes term\u00e9kek, melyek az emberek eg\u00e9szs\u00e9g\u00e9t szolg\u00e1lj\u00e1k. DESPRE NOI Produse secuiasc\u0103 minune &#8230; pute\u021bi face cump\u0103r\u0103turi \u0219i \u00een aceste locuri &#8230; Elan trio Srl (Magazinele Merkur) Helyenvalo SRL (Hely\u00e9nval\u00f3 Odorheiu Secuiesc) Kin Hom Srl (Boti Bolt B\u0103ile Homorod) Brizzo Tour Srl (Praid) Herba Milefolium Srl (Miercurea Ciuc) Bio Line Profi Srl ( Odorheiu &hellip; Cite\u015fte mai mult \"Partenerii\"","og_url":"https:\/\/szekelycsuda.ro\/ro\/partenerii\/","og_site_name":"Sz\u00e9kely Csuda Ken\u0151cs","article_modified_time":"2023-09-13T14:51:56+00:00","twitter_card":"summary_large_image","twitter_misc":{"Timp estimat pentru citire":"1 minut"},"schema":{"@context":"https:\/\/schema.org","@graph":[{"@type":"WebPage","@id":"https:\/\/szekelycsuda.ro\/ro\/partenerii\/","url":"https:\/\/szekelycsuda.ro\/ro\/partenerii\/","name":"De unde s\u0103 cump\u0103ra\u021bi unguent creme secuiasca minune","isPartOf":{"@id":"https:\/\/szekelycsuda.ro\/#website"},"datePublished":"2023-09-13T14:44:38+00:00","dateModified":"2023-09-13T14:51:56+00:00","breadcrumb":{"@id":"https:\/\/szekelycsuda.ro\/ro\/partenerii\/#breadcrumb"},"inLanguage":"ro-RO","potentialAction":[{"@type":"ReadAction","target":["https:\/\/szekelycsuda.ro\/ro\/partenerii\/"]}]},{"@type":"BreadcrumbList","@id":"https:\/\/szekelycsuda.ro\/ro\/partenerii\/#breadcrumb","itemListElement":[{"@type":"ListItem","position":1,"name":"Home","item":"https:\/\/szekelycsuda.ro\/ro\/"},{"@type":"ListItem","position":2,"name":"Partenerii"}]},{"@type":"WebSite","@id":"https:\/\/szekelycsuda.ro\/#website","url":"https:\/\/szekelycsuda.ro\/","name":"Sz\u00e9kely Csuda Ken\u0151cs","description":"","potentialAction":[{"@type":"SearchAction","target":{"@type":"EntryPoint","urlTemplate":"https:\/\/szekelycsuda.ro\/?s={search_term_string}"},"query-input":"required name=search_term_string"}],"inLanguage":"ro-RO"}]}},"_links":{"self":[{"href":"https:\/\/szekelycsuda.ro\/ro\/wp-json\/wp\/v2\/pages\/9298","targetHints":{"allow":["GET"]}}],"collection":[{"href":"https:\/\/szekelycsuda.ro\/ro\/wp-json\/wp\/v2\/pages"}],"about":[{"href":"https:\/\/szekelycsuda.ro\/ro\/wp-json\/wp\/v2\/types\/page"}],"author":[{"embeddable":true,"href":"https:\/\/szekelycsuda.ro\/ro\/wp-json\/wp\/v2\/users\/1"}],"replies":[{"embeddable":true,"href":"https:\/\/szekelycsuda.ro\/ro\/wp-json\/wp\/v2\/comments?post=9298"}],"version-history":[{"count":4,"href":"https:\/\/szekelycsuda.ro\/ro\/wp-json\/wp\/v2\/pages\/9298\/revisions"}],"predecessor-version":[{"id":9302,"href":"https:\/\/szekelycsuda.ro\/ro\/wp-json\/wp\/v2\/pages\/9298\/revisions\/9302"}],"wp:attachment":[{"href":"https:\/\/szekelycsuda.ro\/ro\/wp-json\/wp\/v2\/media?parent=9298"}],"curies":[{"name":"wp","href":"https:\/\/api.w.org\/{rel}","templated":true}]}}