{"id":9325,"date":"2023-08-23T07:58:41","date_gmt":"2023-08-23T04:58:41","guid":{"rendered":"https:\/\/szekelycsuda.ro\/rolunk\/"},"modified":"2023-09-13T23:32:43","modified_gmt":"2023-09-13T20:32:43","slug":"despre-noi","status":"publish","type":"page","link":"https:\/\/szekelycsuda.ro\/ro\/despre-noi\/","title":{"rendered":"Despre noi"},"content":{"rendered":"\t\t<div data-elementor-type=\"wp-page\" data-elementor-id=\"9325\" class=\"elementor elementor-9325 elementor-608\" data-elementor-post-type=\"page\">\n\t\t\t\t\t\t<section class=\"elementor-section elementor-top-section elementor-element elementor-element-b8ec2fb elementor-section-full_width elementor-section-height-min-height elementor-section-content-middle elementor-section-stretched elementor-section-height-default elementor-section-items-middle\" data-id=\"b8ec2fb\" data-element_type=\"section\" data-e-type=\"section\" data-settings=\"{&quot;stretch_section&quot;:&quot;section-stretched&quot;,&quot;background_background&quot;:&quot;classic&quot;}\">\n\t\t\t\t\t\t<div class=\"elementor-container elementor-column-gap-no\">\n\t\t\t\t\t<div class=\"elementor-column elementor-col-100 elementor-top-column elementor-element elementor-element-5f6859b\" data-id=\"5f6859b\" data-element_type=\"column\" data-e-type=\"column\">\n\t\t\t<div class=\"elementor-widget-wrap elementor-element-populated\">\n\t\t\t\t\t\t<div class=\"elementor-element elementor-element-50e2c16 elementor-position-center elementor-widget-mobile__width-initial elementor-position-above elementor-widget elementor-widget-heading\" data-id=\"50e2c16\" data-element_type=\"widget\" data-e-type=\"widget\" data-widget_type=\"heading.default\">\n\t\t\t\t\t<div class=\"elementor-heading-wrapper\" ><div class=\"elementor-heading-wrapper-inner\"><h1 class=\"elementor-heading-title elementor-size-default\">Produse tradi\u021bionale \u0219i naturale <br>care servesc s\u0103n\u0103t\u0103\u021bii oamenilor.<\/h1><\/div><\/div>\t\t\t\t<\/div>\n\t\t\t\t<div class=\"elementor-element elementor-element-0b1d0e0 elementor-align-center elementor-button-primary elementor-widget elementor-widget-button\" data-id=\"0b1d0e0\" data-element_type=\"widget\" data-e-type=\"widget\" data-widget_type=\"button.default\">\n\t\t\t\t\t        <div class=\"elementor-button-wrapper\">\n            <a href=\"#\" class=\"elementor-button-link elementor-button elementor-size-lg\" role=\"button\">\n                        <span class=\"elementor-button-content-wrapper\">\n\t\t\t            <span class=\"elementor-button-text\">ISMERJEN MEG MINKET<\/span>\n\t\t<\/span>\n\n\n                <\/a>\n        <\/div>\n        \t\t\t\t<\/div>\n\t\t\t\t\t<\/div>\n\t\t<\/div>\n\t\t\t\t\t<\/div>\n\t\t<\/section>\n\t\t\t\t<section class=\"elementor-section elementor-top-section elementor-element elementor-element-7e4ebe6 elementor-section-stretched elementor-section-boxed elementor-section-height-default elementor-section-height-default\" data-id=\"7e4ebe6\" data-element_type=\"section\" data-e-type=\"section\" data-settings=\"{&quot;stretch_section&quot;:&quot;section-stretched&quot;}\">\n\t\t\t\t\t\t<div class=\"elementor-container elementor-column-gap-no\">\n\t\t\t\t\t<div class=\"elementor-column elementor-col-100 elementor-top-column elementor-element elementor-element-7193966\" data-id=\"7193966\" data-element_type=\"column\" data-e-type=\"column\">\n\t\t\t<div class=\"elementor-widget-wrap elementor-element-populated\">\n\t\t\t\t\t\t<div class=\"elementor-element elementor-element-645f4ad elementor-position-center elementor-position-below elementor-widget elementor-widget-heading\" data-id=\"645f4ad\" data-element_type=\"widget\" data-e-type=\"widget\" data-widget_type=\"heading.default\">\n\t\t\t\t\t<div class=\"elementor-heading-wrapper\" ><div class=\"elementor-heading-wrapper-inner\"><h2 class=\"elementor-heading-title elementor-size-default\">Produse Secuiasc\u0103 Minune<\/h2><span class=\"sub-title\">...a\u0219a a inceput...<\/span><\/div><\/div>\t\t\t\t<\/div>\n\t\t\t\t<div class=\"elementor-element elementor-element-eb16001 elementor-widget elementor-widget-text-editor\" data-id=\"eb16001\" data-element_type=\"widget\" data-e-type=\"widget\" data-widget_type=\"text-editor.default\">\n\t\t\t\t\t        <div class=\"elementor-text-editor elementor-clearfix\"><p><strong>Am fondat afacerea \u00een 2019 cu scopul de a sprijini produc\u0103torii secui cu serviciile noastre \u0219i de a promova produsele secuie\u0219ti de calitate.<\/strong><\/p><p>\u00cen magazinul nostru web se g\u0103sesc produse secuie\u0219ti, ale c\u0103ror materii prime sunt de pe teritoriul Ardealului, \u0219i sunt preparate dup\u0103 re\u021bete, tradi\u021bii locale.<\/p><p>Aceste produse se fac cu mare grij\u0103, \u0219i sunt compuse majoritar din ingrediente naturale.<br \/>Pentru afacerea noastr\u0103 sunt de o importan\u021b\u0103 mare produsele tradi\u021bionale \u0219i naturale, care servesc la s\u0103n\u0103tatea oamenilor.<br \/>Suntem prezen\u021bi \u0219i pe re\u021belele de socializare, unde post\u0103m cele mai noi \u0219tiri, nout\u0103\u021bi pentru vizitatorii no\u0219tri.<\/p><\/div>\n        \t\t\t\t<\/div>\n\t\t\t\t\t<\/div>\n\t\t<\/div>\n\t\t\t\t\t<\/div>\n\t\t<\/section>\n\t\t\t\t<\/div>\n\t\t","protected":false},"excerpt":{"rendered":"<p>Produse tradi\u021bionale \u0219i naturale care servesc s\u0103n\u0103t\u0103\u021bii oamenilor. ISMERJEN MEG MINKET Produse Secuiasc\u0103 Minune &#8230;a\u0219a a inceput&#8230; Am fondat afacerea \u00een 2019 cu scopul de a sprijini produc\u0103torii secui cu serviciile noastre \u0219i de a promova produsele secuie\u0219ti de calitate. \u00cen magazinul nostru web se g\u0103sesc produse secuie\u0219ti, ale c\u0103ror materii prime sunt de pe &hellip; <\/p>\n<p class=\"more-link-wrap\"><a href=\"https:\/\/szekelycsuda.ro\/ro\/despre-noi\/\" class=\"more-link\"><i class=\"opal-icon-plus\" aria-hidden=\"true\"><\/i><span>Cite\u015fte mai mult<span class=\"screen-reader-text\"> &#8222;Despre noi&#8221;<\/span><\/span><\/a><\/p>\n","protected":false},"author":1,"featured_media":0,"parent":0,"menu_order":0,"comment_status":"closed","ping_status":"closed","template":"page-elementor.php","meta":{"footnotes":""},"class_list":["post-9325","page","type-page","status-publish","hentry"],"yoast_head":"<!-- This site is optimized with the Yoast SEO Premium plugin v20.13 (Yoast SEO v20.13) - https:\/\/yoast.com\/wordpress\/plugins\/seo\/ -->\n<title>Despre noi - Sz\u00e9kely Csuda Ken\u0151cs<\/title>\n<meta name=\"robots\" content=\"index, follow, max-snippet:-1, max-image-preview:large, max-video-preview:-1\" \/>\n<link rel=\"canonical\" href=\"https:\/\/szekelycsuda.ro\/ro\/despre-noi\/\" \/>\n<meta property=\"og:locale\" content=\"ro_RO\" \/>\n<meta property=\"og:type\" content=\"article\" \/>\n<meta property=\"og:title\" content=\"Despre noi\" \/>\n<meta property=\"og:description\" content=\"Produse tradi\u021bionale \u0219i naturale care servesc s\u0103n\u0103t\u0103\u021bii oamenilor. ISMERJEN MEG MINKET Produse Secuiasc\u0103 Minune &#8230;a\u0219a a inceput&#8230; Am fondat afacerea \u00een 2019 cu scopul de a sprijini produc\u0103torii secui cu serviciile noastre \u0219i de a promova produsele secuie\u0219ti de calitate. \u00cen magazinul nostru web se g\u0103sesc produse secuie\u0219ti, ale c\u0103ror materii prime sunt de pe &hellip; Cite\u015fte mai mult &quot;Despre noi&quot;\" \/>\n<meta property=\"og:url\" content=\"https:\/\/szekelycsuda.ro\/ro\/despre-noi\/\" \/>\n<meta property=\"og:site_name\" content=\"Sz\u00e9kely Csuda Ken\u0151cs\" \/>\n<meta property=\"article:modified_time\" content=\"2023-09-13T20:32:43+00:00\" \/>\n<meta name=\"twitter:card\" content=\"summary_large_image\" \/>\n<meta name=\"twitter:label1\" content=\"Timp estimat pentru citire\" \/>\n\t<meta name=\"twitter:data1\" content=\"1 minut\" \/>\n<script type=\"application\/ld+json\" class=\"yoast-schema-graph\">{\"@context\":\"https:\/\/schema.org\",\"@graph\":[{\"@type\":\"WebPage\",\"@id\":\"https:\/\/szekelycsuda.ro\/ro\/despre-noi\/\",\"url\":\"https:\/\/szekelycsuda.ro\/ro\/despre-noi\/\",\"name\":\"Despre noi - Sz\u00e9kely Csuda Ken\u0151cs\",\"isPartOf\":{\"@id\":\"https:\/\/szekelycsuda.ro\/#website\"},\"datePublished\":\"2023-08-23T04:58:41+00:00\",\"dateModified\":\"2023-09-13T20:32:43+00:00\",\"breadcrumb\":{\"@id\":\"https:\/\/szekelycsuda.ro\/ro\/despre-noi\/#breadcrumb\"},\"inLanguage\":\"ro-RO\",\"potentialAction\":[{\"@type\":\"ReadAction\",\"target\":[\"https:\/\/szekelycsuda.ro\/ro\/despre-noi\/\"]}]},{\"@type\":\"BreadcrumbList\",\"@id\":\"https:\/\/szekelycsuda.ro\/ro\/despre-noi\/#breadcrumb\",\"itemListElement\":[{\"@type\":\"ListItem\",\"position\":1,\"name\":\"Home\",\"item\":\"https:\/\/szekelycsuda.ro\/ro\/\"},{\"@type\":\"ListItem\",\"position\":2,\"name\":\"Despre noi\"}]},{\"@type\":\"WebSite\",\"@id\":\"https:\/\/szekelycsuda.ro\/#website\",\"url\":\"https:\/\/szekelycsuda.ro\/\",\"name\":\"Sz\u00e9kely Csuda Ken\u0151cs\",\"description\":\"\",\"potentialAction\":[{\"@type\":\"SearchAction\",\"target\":{\"@type\":\"EntryPoint\",\"urlTemplate\":\"https:\/\/szekelycsuda.ro\/?s={search_term_string}\"},\"query-input\":\"required name=search_term_string\"}],\"inLanguage\":\"ro-RO\"}]}<\/script>\n<!-- \/ Yoast SEO Premium plugin. -->","yoast_head_json":{"title":"Despre noi - Sz\u00e9kely Csuda Ken\u0151cs","robots":{"index":"index","follow":"follow","max-snippet":"max-snippet:-1","max-image-preview":"max-image-preview:large","max-video-preview":"max-video-preview:-1"},"canonical":"https:\/\/szekelycsuda.ro\/ro\/despre-noi\/","og_locale":"ro_RO","og_type":"article","og_title":"Despre noi","og_description":"Produse tradi\u021bionale \u0219i naturale care servesc s\u0103n\u0103t\u0103\u021bii oamenilor. ISMERJEN MEG MINKET Produse Secuiasc\u0103 Minune &#8230;a\u0219a a inceput&#8230; Am fondat afacerea \u00een 2019 cu scopul de a sprijini produc\u0103torii secui cu serviciile noastre \u0219i de a promova produsele secuie\u0219ti de calitate. \u00cen magazinul nostru web se g\u0103sesc produse secuie\u0219ti, ale c\u0103ror materii prime sunt de pe &hellip; Cite\u015fte mai mult \"Despre noi\"","og_url":"https:\/\/szekelycsuda.ro\/ro\/despre-noi\/","og_site_name":"Sz\u00e9kely Csuda Ken\u0151cs","article_modified_time":"2023-09-13T20:32:43+00:00","twitter_card":"summary_large_image","twitter_misc":{"Timp estimat pentru citire":"1 minut"},"schema":{"@context":"https:\/\/schema.org","@graph":[{"@type":"WebPage","@id":"https:\/\/szekelycsuda.ro\/ro\/despre-noi\/","url":"https:\/\/szekelycsuda.ro\/ro\/despre-noi\/","name":"Despre noi - Sz\u00e9kely Csuda Ken\u0151cs","isPartOf":{"@id":"https:\/\/szekelycsuda.ro\/#website"},"datePublished":"2023-08-23T04:58:41+00:00","dateModified":"2023-09-13T20:32:43+00:00","breadcrumb":{"@id":"https:\/\/szekelycsuda.ro\/ro\/despre-noi\/#breadcrumb"},"inLanguage":"ro-RO","potentialAction":[{"@type":"ReadAction","target":["https:\/\/szekelycsuda.ro\/ro\/despre-noi\/"]}]},{"@type":"BreadcrumbList","@id":"https:\/\/szekelycsuda.ro\/ro\/despre-noi\/#breadcrumb","itemListElement":[{"@type":"ListItem","position":1,"name":"Home","item":"https:\/\/szekelycsuda.ro\/ro\/"},{"@type":"ListItem","position":2,"name":"Despre noi"}]},{"@type":"WebSite","@id":"https:\/\/szekelycsuda.ro\/#website","url":"https:\/\/szekelycsuda.ro\/","name":"Sz\u00e9kely Csuda Ken\u0151cs","description":"","potentialAction":[{"@type":"SearchAction","target":{"@type":"EntryPoint","urlTemplate":"https:\/\/szekelycsuda.ro\/?s={search_term_string}"},"query-input":"required name=search_term_string"}],"inLanguage":"ro-RO"}]}},"_links":{"self":[{"href":"https:\/\/szekelycsuda.ro\/ro\/wp-json\/wp\/v2\/pages\/9325","targetHints":{"allow":["GET"]}}],"collection":[{"href":"https:\/\/szekelycsuda.ro\/ro\/wp-json\/wp\/v2\/pages"}],"about":[{"href":"https:\/\/szekelycsuda.ro\/ro\/wp-json\/wp\/v2\/types\/page"}],"author":[{"embeddable":true,"href":"https:\/\/szekelycsuda.ro\/ro\/wp-json\/wp\/v2\/users\/1"}],"replies":[{"embeddable":true,"href":"https:\/\/szekelycsuda.ro\/ro\/wp-json\/wp\/v2\/comments?post=9325"}],"version-history":[{"count":8,"href":"https:\/\/szekelycsuda.ro\/ro\/wp-json\/wp\/v2\/pages\/9325\/revisions"}],"predecessor-version":[{"id":9917,"href":"https:\/\/szekelycsuda.ro\/ro\/wp-json\/wp\/v2\/pages\/9325\/revisions\/9917"}],"wp:attachment":[{"href":"https:\/\/szekelycsuda.ro\/ro\/wp-json\/wp\/v2\/media?parent=9325"}],"curies":[{"name":"wp","href":"https:\/\/api.w.org\/{rel}","templated":true}]}}