{"id":9403,"date":"2023-08-22T21:31:21","date_gmt":"2023-08-22T18:31:21","guid":{"rendered":"https:\/\/szekelycsuda.ro\/vasarlas\/"},"modified":"2024-02-06T08:57:56","modified_gmt":"2024-02-06T06:57:56","slug":"cum-cumpar","status":"publish","type":"page","link":"https:\/\/szekelycsuda.ro\/ro\/cum-cumpar\/","title":{"rendered":"Cum cump\u0103r?"},"content":{"rendered":"\t\t<div data-elementor-type=\"wp-page\" data-elementor-id=\"9403\" class=\"elementor elementor-9403 elementor-8683\" data-elementor-post-type=\"page\">\n\t\t\t\t\t\t<section class=\"elementor-section elementor-top-section elementor-element elementor-element-95122e9 elementor-section-boxed elementor-section-height-default elementor-section-height-default\" data-id=\"95122e9\" data-element_type=\"section\" data-e-type=\"section\">\n\t\t\t\t\t\t<div class=\"elementor-container elementor-column-gap-default\">\n\t\t\t\t\t<div class=\"elementor-column elementor-col-100 elementor-top-column elementor-element elementor-element-bde91ad\" data-id=\"bde91ad\" data-element_type=\"column\" data-e-type=\"column\">\n\t\t\t<div class=\"elementor-widget-wrap elementor-element-populated\">\n\t\t\t\t\t\t<div class=\"elementor-element elementor-element-9c1b61c elementor-position-below elementor-widget elementor-widget-heading\" data-id=\"9c1b61c\" data-element_type=\"widget\" data-e-type=\"widget\" data-widget_type=\"heading.default\">\n\t\t\t\t\t<div class=\"elementor-heading-wrapper\" ><div class=\"elementor-heading-wrapper-inner\"><h2 class=\"elementor-heading-title elementor-size-default\">Plata produselor comandate se poate face sub 3 forme, astfel:<\/h2><\/div><\/div>\t\t\t\t<\/div>\n\t\t\t\t<div class=\"elementor-element elementor-element-9e85316 elementor-widget elementor-widget-text-editor\" data-id=\"9e85316\" data-element_type=\"widget\" data-e-type=\"widget\" data-widget_type=\"text-editor.default\">\n\t\t\t\t\t        <div class=\"elementor-text-editor elementor-clearfix\"><p>\u2022 comanda prin webshop<br \/>\u2022 comanda prin e-mail: info@szekelycsuda.ro<br \/>\u2022 comanda prin pagina noastr\u0103 facebook cu mesaj privat<\/p><\/div>\n        \t\t\t\t<\/div>\n\t\t\t\t<div class=\"elementor-element elementor-element-0e0a8d5 elementor-widget elementor-widget-text-editor\" data-id=\"0e0a8d5\" data-element_type=\"widget\" data-e-type=\"widget\" data-widget_type=\"text-editor.default\">\n\t\t\t\t\t        <div class=\"elementor-text-editor elementor-clearfix\"><p><strong>Comanda prin webshop<\/strong><br \/>Comenzile lansate vineri dup\u0103 ora 15, s\u00e2mb\u0103t\u0103 sau duminic\u0103, vor fi prelucrate luni.<\/p><p><strong>Comanda prin e-mail<\/strong><br \/>Dac\u0103 \u00eenc\u0103 nu sunteti obisnuit cu e-shopul secuiascaminune<wbr \/>.ro, puteti lansa comanda prin e-mail la adresa: info@szekelycsuda.ro \u00cen cel mai scurt timp de la primirea comenzii, ve\u021bi fi contactat prin mail sau prin telefon si vom stabili \u00eempreun\u0103 detaliile referitoare la modul de plat\u0103 \u0219i livrare. Raspundem la e-mailuri \u00een 24 ore \u00een zilele lucr\u0103toare luni-vineri. Daca nu a\u021bi primit o confirmare \u00een leg\u0103tura cu comanda, v\u0103 rug\u0103m s\u0103 retrimite\u021bi, deoarece \u00eenseamn\u0103 c\u0103 din motive tehnice nu l-am primit.<\/p><p><strong>\u00cen comanda trebuie specificat:<\/strong><br \/>\u2022 Produsul \u0219i cantitatea cerut\u0103,<br \/>\u2022 Numele si adresa complet\u0103 (cod po\u015ftal nou, www.posta-romana.ro),<br \/>\u2022 Nr. de telefon unde v\u0103 putem contacta.<\/p><p><strong>Comanda prin pagina noastr\u0103 facebook cu mesaj privat<\/strong><br \/>\u0218i vom stabili \u00eempreun\u0103 detaliile referitoare la modul de plat\u0103 \u0219i livrare.<\/p><\/div>\n        \t\t\t\t<\/div>\n\t\t\t\t<div class=\"elementor-element elementor-element-03ee8e1 elementor-position-below elementor-widget elementor-widget-heading\" data-id=\"03ee8e1\" data-element_type=\"widget\" data-e-type=\"widget\" data-widget_type=\"heading.default\">\n\t\t\t\t\t<div class=\"elementor-heading-wrapper\" ><div class=\"elementor-heading-wrapper-inner\"><h2 class=\"elementor-heading-title elementor-size-default\">La comenzile peste 300 ron efectu\u0103m livrare gratuit\u0103.<\/h2><\/div><\/div>\t\t\t\t<\/div>\n\t\t\t\t\t<\/div>\n\t\t<\/div>\n\t\t\t\t\t<\/div>\n\t\t<\/section>\n\t\t\t\t<\/div>\n\t\t","protected":false},"excerpt":{"rendered":"<p>Plata produselor comandate se poate face sub 3 forme, astfel: \u2022 comanda prin webshop\u2022 comanda prin e-mail: info@szekelycsuda.ro\u2022 comanda prin pagina noastr\u0103 facebook cu mesaj privat Comanda prin webshopComenzile lansate vineri dup\u0103 ora 15, s\u00e2mb\u0103t\u0103 sau duminic\u0103, vor fi prelucrate luni. Comanda prin e-mailDac\u0103 \u00eenc\u0103 nu sunteti obisnuit cu e-shopul secuiascaminune.ro, puteti lansa comanda prin &hellip; <\/p>\n<p class=\"more-link-wrap\"><a href=\"https:\/\/szekelycsuda.ro\/ro\/cum-cumpar\/\" class=\"more-link\"><i class=\"opal-icon-plus\" aria-hidden=\"true\"><\/i><span>Cite\u015fte mai mult<span class=\"screen-reader-text\"> &#8222;Cum cump\u0103r?&#8221;<\/span><\/span><\/a><\/p>\n","protected":false},"author":1,"featured_media":0,"parent":0,"menu_order":0,"comment_status":"closed","ping_status":"closed","template":"","meta":{"footnotes":""},"class_list":["post-9403","page","type-page","status-publish","hentry"],"yoast_head":"<!-- This site is optimized with the Yoast SEO Premium plugin v20.13 (Yoast SEO v20.13) - https:\/\/yoast.com\/wordpress\/plugins\/seo\/ -->\n<title>Cum cump\u0103r? - Crem\u0103 secuiasc\u0103 minune<\/title>\n<meta name=\"robots\" content=\"index, follow, max-snippet:-1, max-image-preview:large, max-video-preview:-1\" \/>\n<link rel=\"canonical\" href=\"https:\/\/szekelycsuda.ro\/ro\/cum-cumpar\/\" \/>\n<meta property=\"og:locale\" content=\"ro_RO\" \/>\n<meta property=\"og:type\" content=\"article\" \/>\n<meta property=\"og:title\" content=\"Cum cump\u0103r?\" \/>\n<meta property=\"og:description\" content=\"Plata produselor comandate se poate face sub 3 forme, astfel: \u2022 comanda prin webshop\u2022 comanda prin e-mail: info@szekelycsuda.ro\u2022 comanda prin pagina noastr\u0103 facebook cu mesaj privat Comanda prin webshopComenzile lansate vineri dup\u0103 ora 15, s\u00e2mb\u0103t\u0103 sau duminic\u0103, vor fi prelucrate luni. Comanda prin e-mailDac\u0103 \u00eenc\u0103 nu sunteti obisnuit cu e-shopul secuiascaminune.ro, puteti lansa comanda prin &hellip; Cite\u015fte mai mult &quot;Cum cump\u0103r?&quot;\" \/>\n<meta property=\"og:url\" content=\"https:\/\/szekelycsuda.ro\/ro\/cum-cumpar\/\" \/>\n<meta property=\"og:site_name\" content=\"Sz\u00e9kely Csuda Ken\u0151cs\" \/>\n<meta property=\"article:modified_time\" content=\"2024-02-06T06:57:56+00:00\" \/>\n<meta name=\"twitter:card\" content=\"summary_large_image\" \/>\n<meta name=\"twitter:label1\" content=\"Timp estimat pentru citire\" \/>\n\t<meta name=\"twitter:data1\" content=\"1 minut\" \/>\n<script type=\"application\/ld+json\" class=\"yoast-schema-graph\">{\"@context\":\"https:\/\/schema.org\",\"@graph\":[{\"@type\":\"WebPage\",\"@id\":\"https:\/\/szekelycsuda.ro\/ro\/cum-cumpar\/\",\"url\":\"https:\/\/szekelycsuda.ro\/ro\/cum-cumpar\/\",\"name\":\"Cum cump\u0103r? - Crem\u0103 secuiasc\u0103 minune\",\"isPartOf\":{\"@id\":\"https:\/\/szekelycsuda.ro\/#website\"},\"datePublished\":\"2023-08-22T18:31:21+00:00\",\"dateModified\":\"2024-02-06T06:57:56+00:00\",\"breadcrumb\":{\"@id\":\"https:\/\/szekelycsuda.ro\/ro\/cum-cumpar\/#breadcrumb\"},\"inLanguage\":\"ro-RO\",\"potentialAction\":[{\"@type\":\"ReadAction\",\"target\":[\"https:\/\/szekelycsuda.ro\/ro\/cum-cumpar\/\"]}]},{\"@type\":\"BreadcrumbList\",\"@id\":\"https:\/\/szekelycsuda.ro\/ro\/cum-cumpar\/#breadcrumb\",\"itemListElement\":[{\"@type\":\"ListItem\",\"position\":1,\"name\":\"Home\",\"item\":\"https:\/\/szekelycsuda.ro\/ro\/\"},{\"@type\":\"ListItem\",\"position\":2,\"name\":\"Cum cump\u0103r?\"}]},{\"@type\":\"WebSite\",\"@id\":\"https:\/\/szekelycsuda.ro\/#website\",\"url\":\"https:\/\/szekelycsuda.ro\/\",\"name\":\"Sz\u00e9kely Csuda Ken\u0151cs\",\"description\":\"\",\"potentialAction\":[{\"@type\":\"SearchAction\",\"target\":{\"@type\":\"EntryPoint\",\"urlTemplate\":\"https:\/\/szekelycsuda.ro\/?s={search_term_string}\"},\"query-input\":\"required name=search_term_string\"}],\"inLanguage\":\"ro-RO\"}]}<\/script>\n<!-- \/ Yoast SEO Premium plugin. -->","yoast_head_json":{"title":"Cum cump\u0103r? - Crem\u0103 secuiasc\u0103 minune","robots":{"index":"index","follow":"follow","max-snippet":"max-snippet:-1","max-image-preview":"max-image-preview:large","max-video-preview":"max-video-preview:-1"},"canonical":"https:\/\/szekelycsuda.ro\/ro\/cum-cumpar\/","og_locale":"ro_RO","og_type":"article","og_title":"Cum cump\u0103r?","og_description":"Plata produselor comandate se poate face sub 3 forme, astfel: \u2022 comanda prin webshop\u2022 comanda prin e-mail: info@szekelycsuda.ro\u2022 comanda prin pagina noastr\u0103 facebook cu mesaj privat Comanda prin webshopComenzile lansate vineri dup\u0103 ora 15, s\u00e2mb\u0103t\u0103 sau duminic\u0103, vor fi prelucrate luni. Comanda prin e-mailDac\u0103 \u00eenc\u0103 nu sunteti obisnuit cu e-shopul secuiascaminune.ro, puteti lansa comanda prin &hellip; Cite\u015fte mai mult \"Cum cump\u0103r?\"","og_url":"https:\/\/szekelycsuda.ro\/ro\/cum-cumpar\/","og_site_name":"Sz\u00e9kely Csuda Ken\u0151cs","article_modified_time":"2024-02-06T06:57:56+00:00","twitter_card":"summary_large_image","twitter_misc":{"Timp estimat pentru citire":"1 minut"},"schema":{"@context":"https:\/\/schema.org","@graph":[{"@type":"WebPage","@id":"https:\/\/szekelycsuda.ro\/ro\/cum-cumpar\/","url":"https:\/\/szekelycsuda.ro\/ro\/cum-cumpar\/","name":"Cum cump\u0103r? - Crem\u0103 secuiasc\u0103 minune","isPartOf":{"@id":"https:\/\/szekelycsuda.ro\/#website"},"datePublished":"2023-08-22T18:31:21+00:00","dateModified":"2024-02-06T06:57:56+00:00","breadcrumb":{"@id":"https:\/\/szekelycsuda.ro\/ro\/cum-cumpar\/#breadcrumb"},"inLanguage":"ro-RO","potentialAction":[{"@type":"ReadAction","target":["https:\/\/szekelycsuda.ro\/ro\/cum-cumpar\/"]}]},{"@type":"BreadcrumbList","@id":"https:\/\/szekelycsuda.ro\/ro\/cum-cumpar\/#breadcrumb","itemListElement":[{"@type":"ListItem","position":1,"name":"Home","item":"https:\/\/szekelycsuda.ro\/ro\/"},{"@type":"ListItem","position":2,"name":"Cum cump\u0103r?"}]},{"@type":"WebSite","@id":"https:\/\/szekelycsuda.ro\/#website","url":"https:\/\/szekelycsuda.ro\/","name":"Sz\u00e9kely Csuda Ken\u0151cs","description":"","potentialAction":[{"@type":"SearchAction","target":{"@type":"EntryPoint","urlTemplate":"https:\/\/szekelycsuda.ro\/?s={search_term_string}"},"query-input":"required name=search_term_string"}],"inLanguage":"ro-RO"}]}},"_links":{"self":[{"href":"https:\/\/szekelycsuda.ro\/ro\/wp-json\/wp\/v2\/pages\/9403","targetHints":{"allow":["GET"]}}],"collection":[{"href":"https:\/\/szekelycsuda.ro\/ro\/wp-json\/wp\/v2\/pages"}],"about":[{"href":"https:\/\/szekelycsuda.ro\/ro\/wp-json\/wp\/v2\/types\/page"}],"author":[{"embeddable":true,"href":"https:\/\/szekelycsuda.ro\/ro\/wp-json\/wp\/v2\/users\/1"}],"replies":[{"embeddable":true,"href":"https:\/\/szekelycsuda.ro\/ro\/wp-json\/wp\/v2\/comments?post=9403"}],"version-history":[{"count":7,"href":"https:\/\/szekelycsuda.ro\/ro\/wp-json\/wp\/v2\/pages\/9403\/revisions"}],"predecessor-version":[{"id":9912,"href":"https:\/\/szekelycsuda.ro\/ro\/wp-json\/wp\/v2\/pages\/9403\/revisions\/9912"}],"wp:attachment":[{"href":"https:\/\/szekelycsuda.ro\/ro\/wp-json\/wp\/v2\/media?parent=9403"}],"curies":[{"name":"wp","href":"https:\/\/api.w.org\/{rel}","templated":true}]}}