{"id":9415,"date":"2023-08-22T21:50:30","date_gmt":"2023-08-22T18:50:30","guid":{"rendered":"https:\/\/szekelycsuda.ro\/garancia-es-visszakuldes\/"},"modified":"2024-05-30T23:38:05","modified_gmt":"2024-05-30T20:38:05","slug":"garantia-produselor","status":"publish","type":"page","link":"https:\/\/szekelycsuda.ro\/ro\/garantia-produselor\/","title":{"rendered":"Returnare, garantie produselor"},"content":{"rendered":"\t\t<div data-elementor-type=\"wp-page\" data-elementor-id=\"9415\" class=\"elementor elementor-9415 elementor-8704\" data-elementor-post-type=\"page\">\n\t\t\t\t\t\t<section class=\"elementor-section elementor-top-section elementor-element elementor-element-95122e9 elementor-section-boxed elementor-section-height-default elementor-section-height-default\" data-id=\"95122e9\" data-element_type=\"section\" data-e-type=\"section\">\n\t\t\t\t\t\t<div class=\"elementor-container elementor-column-gap-default\">\n\t\t\t\t\t<div class=\"elementor-column elementor-col-100 elementor-top-column elementor-element elementor-element-bde91ad\" data-id=\"bde91ad\" data-element_type=\"column\" data-e-type=\"column\">\n\t\t\t<div class=\"elementor-widget-wrap elementor-element-populated\">\n\t\t\t\t\t\t<div class=\"elementor-element elementor-element-0e0a8d5 elementor-widget elementor-widget-text-editor\" data-id=\"0e0a8d5\" data-element_type=\"widget\" data-e-type=\"widget\" data-widget_type=\"text-editor.default\">\n\t\t\t\t\t        <div class=\"elementor-text-editor elementor-clearfix\"><p>Garan\u0163ia produselor se acorda conform legislatiei in vigoare (Legea 449\/2003 si OG 21\/1992) \u0219i se refer\u0103 la defec\u0163iuni de fabrica\u0163ie sau vicii ascunse, nu se ofer\u0103 garan\u0163ie \u00een cazul folosirii necorespunz\u0103toare a produsului, sau pentru p\u0103r\u0163ile consumabile. \u00cen cazul \u00een care apar probleme de garan\u0163ie v\u0103 rug\u0103m s\u0103 ne contacta\u021bi pentru a g\u0103si cea mai bun\u0103 solu\u0163ie \u00een vederea remedierii sau \u00eenlocuirii produsului. V\u0103 rug\u0103m, nu trimite\u021bi \u00eenapoi niciun produs p\u00e2n\u0103 c\u00e2nd nu ave\u021bi confirmarea noastr\u0103.<\/p><p>\u00cen cazul return\u0103rii unui produs pentru schimbare, sau returnare definitiv\u0103 (ex.: nu corespunde m\u0103rimea sau culoarea), v\u0103 rug\u0103m s\u0103 trimite\u021bi produsul \u00een ambalajul original, cu toate etichetele, curat \u0219i f\u0103r\u0103 urme de folosire. Costul return\u0103rii va fi suportat de c\u0103tre cump\u0103r\u0103tor, iar returnarea banilor dac\u0103 este cazul se va efectua \u00een termen de max. 30 de zile de data primirii produsului.<\/p><p>Garan\u0163ia return\u0103ri:<br \/>Cump\u0103r\u0103torul are dreptul de a returna produsul achizi\u0163ionat \u00een termen de 14 zile lucr\u0103toare de la data primirii, f\u0103r\u0103 penalit\u0103\u0163i \u015fi f\u0103r\u0103 invocarea vreunui motiv. Notificarea de renun\u0163are se face c\u0103tre magazinul Szekely Csuda \u00een scris prin formularul de garantie (linkul gasiti in partea de jos a paginii)<\/p><p>Produsele returnate trebuie s\u0103 fie nefolosite \u015fi s\u0103 \u00eendeplineasc\u0103 urm\u0103toarele condi\u0163ii:<br \/>\u2022 \u00een perfect\u0103 stare<br \/>\u2022 f\u0103r\u0103 urme de folosire sau deteriorare<\/p><p>Returul se efectueaz\u0103 de c\u0103tre cump\u0103r\u0103tor. Costul va fi suportat de cump\u0103r\u0103tor, iar returnarea banilor se va face \u00een termen de max. 30 de zile de la returnarea produsului.<\/p><p>Din suma returnat\u0103 se scad:<br \/>\u2022 valoarea transportului, \u00een cazul \u00een care acesta a fost pl\u0103tit\u0103 de Szekely csuda<br \/>\u2022 comisionalele bancare (dac\u0103 plata sumei returnate s-a f\u0103cut \u00een cont) sau taxele de curierat (dac\u0103 plata sumei returnate s-a f\u0103cut prin curier rapid).<\/p><p>Dup\u0103 recep\u0163ia coletului de c\u0103tre magazinul nostru, produsul se va schimba:<br \/>\u2022 sau pe baz\u0103 de \u00een\u0163elegere, cu un alt produs cerut de c\u0103tre client<\/p><p>POLITICA DE RETUR<\/p><p>Conform Ordonantei nr. 34\/2014, privind regimul juridic al contractelor la distanta, produsele se returneaza in termen de 14 zile calendaristice, de la primirea coletului. In situatia mentionata mai sus, clientul are dreptul de a returna orice produs in termen de 14 zile calendaristice de la receptia acestuia si poate solicita returnarea sumei de bani, schimbarea cu un alt produs sau returnarea contravalorii sub forma de voucher. In aceste cazuri, valoarea in bani returnata, produsul inlocuit se refera strict la costul produselor, exclus taxele de expeditie.<\/p><p>Plata transportului aferenta produsului returnat sau a produsului trimis pentru inlocuire ii revine clientului.<\/p><p>La retur sunt acceptate doar produsele care respecta intocmai forma in care ele au fost livrate, insotite de factura de achizitie din colet.<\/p><p>Nu se admit la retur: <br \/>\u2022 Produse care au fost desfacute.<br \/>\u2022 Produse care au fost testate, incercate sau utilizate.<br \/>\u2022 Produse care nu au etichetele intacte, au sigilii rupte ori sterse.<br \/>\u2022 Produse cu ambalajele deteriorate in orice fel.<\/p><p>Se admit la retur<\/p><p>produsele care prezinta defecte de fabricatie sau de orice alta natura care nu au aparut din vina consumatorului iar costurile de transport sau inlocuire ale acestora vor fi suportate de noi.<br \/>Te k\u00fcldted<br \/>Important:<br \/>Sunt exceptate de la dreptul de returnare bunurile care nu pot fi returnate din motive de protectie a sanatatii sau din motive de igiena si care au fost desigilate de consumator (de exemplu, produsele deschise sau alte bunuri care intra \u00een contact direct cu pielea), stipulat in art. 16 lit. e al DIRECTIVEI 2011\/83\/UE A PARLAMENTULUI EUROPEAN SI A CONSILIULUI din 25 octombrie 2011.<\/p><p><br \/>Daca produsul returnat este deteriorat, are semne clare de utilizare si nu ne permite re-comercializarea lui ne rezervam dreptul de a refuza produsul. Aceste masuri sunt specifice produselor cosmetice intru-cat termenul de valabilitate al acestora se calculeaza incepand cu prima deschidere a ambalajului, iar odata cu utilizarea\/testarea lor apare riscul transmiterii de virusi prin transferul produsului altei persoane.<br \/>PROCEDEUL DE RETURNARE AL PRODUSELOR <br \/>PAS 1: Contactati serviciul Relatii Clienti prin email la adresa: office@justbeauty.ro sau telefon 0357\/800313 pentru a ne instiinta ca doriti sau urmeaza sa trimiteti produsul retur sau pentru orice alte nelamuriri. <br \/>PAS 2: Asigurati-va ca produsul corespunde intocmai conditiilor de mai sus.<br \/>PAS 3: Ambalati produsul corespunzator pentru ca acesta sa fie ferit de socuri ce pot aparea in timpul transportului. Produsele care ajung retur in forma necorespunzatoare datorata ambalarii defectuoase nu vor putea beneficia de garantia returnarii.<br \/>PAS 4: Expediati coletul prin orice serviciu de curierat rapid (de preferat DPD)la adresa: SC FITZE SRL \u2013 CALEA AUREL VLAICU BL Z22, SC B, PARTER mentionand pe colet numarul de telefon 0357\/800313. Nu se accepta la retur colete cu plata ramburs. Nu acceptam retururile prin Posta Romana.<\/p><p>Dupa receptionarea coletului veti fi contactat(a) pe email de un membru al departamentului Relatii Clienti care se va ocupa de returul produsului dumneavoastra. Rambursarea contravalorii produsului returnat se va face in cel mult 14 de zile de la retur doar prin transfer bancar in contul IBAN specificat in email. <br \/>Suma inapoiata cat si conditiile de returnare Nu includ cheltuielile de transport (conform ord. 130\/2000).<\/p><p>In cazul in care se opteaza pentru:<br \/>\u2022 Inlocuirea cu un alt produs, acesta va fi expediat in cel mai scurt timp posibil urmand sa fiti contactat de unul dintre colegii nostri pentru comunicarea statusului noii livrari.<br \/>\u2022 Rambursarea contravalorii produsului, aceasta va fi facuta in termen de 1-2 zile de la receptionarea produselor returnate.<\/p><p>Daca produsul (produsele) nu respecta intocmai conditiile mentionate mai sus compania noastra isi rezerva dreptul de a nu accepta returul produselor. Contravaloarea transportului tur-retur cade in sarcina clientului.<\/p><\/div>\n        \t\t\t\t<\/div>\n\t\t\t\t\t<\/div>\n\t\t<\/div>\n\t\t\t\t\t<\/div>\n\t\t<\/section>\n\t\t\t\t<section class=\"elementor-section elementor-top-section elementor-element elementor-element-43aa7e1 elementor-section-boxed elementor-section-height-default elementor-section-height-default\" data-id=\"43aa7e1\" data-element_type=\"section\" data-e-type=\"section\">\n\t\t\t\t\t\t<div class=\"elementor-container elementor-column-gap-default\">\n\t\t\t\t\t<div class=\"elementor-column elementor-col-25 elementor-top-column elementor-element elementor-element-c378f4c\" data-id=\"c378f4c\" data-element_type=\"column\" data-e-type=\"column\">\n\t\t\t<div class=\"elementor-widget-wrap\">\n\t\t\t\t\t\t\t<\/div>\n\t\t<\/div>\n\t\t\t\t<div class=\"elementor-column elementor-col-50 elementor-top-column elementor-element elementor-element-a0b078e\" data-id=\"a0b078e\" data-element_type=\"column\" data-e-type=\"column\">\n\t\t\t<div class=\"elementor-widget-wrap elementor-element-populated\">\n\t\t\t\t\t\t<div class=\"elementor-element elementor-element-5589de5 elementor-wpcf7-button-primary elementor-wpcf7-button-md elementor-widget elementor-widget-opal-contactform7\" data-id=\"5589de5\" data-element_type=\"widget\" data-e-type=\"widget\" data-widget_type=\"opal-contactform7.default\">\n\t\t\t\t<div class=\"elementor-widget-container\">\n\t\t\t\t\t\n<div class=\"wpcf7 no-js\" id=\"wpcf7-f8719-o1\" lang=\"hu-HU\" dir=\"ltr\" data-wpcf7-id=\"8719\">\n<div class=\"screen-reader-response\"><p role=\"status\" aria-live=\"polite\" aria-atomic=\"true\"><\/p> <ul><\/ul><\/div>\n<form action=\"\/ro\/wp-json\/wp\/v2\/pages\/9415#wpcf7-f8719-o1\" method=\"post\" class=\"wpcf7-form init\" aria-label=\"Kapcsolatfelv\u00e9teli \u0171rlap\" novalidate=\"novalidate\" data-status=\"init\">\n<fieldset class=\"hidden-fields-container\"><input type=\"hidden\" name=\"_wpcf7\" value=\"8719\" \/><input type=\"hidden\" name=\"_wpcf7_version\" value=\"6.1.5\" \/><input type=\"hidden\" name=\"_wpcf7_locale\" value=\"hu_HU\" \/><input type=\"hidden\" name=\"_wpcf7_unit_tag\" value=\"wpcf7-f8719-o1\" \/><input type=\"hidden\" name=\"_wpcf7_container_post\" value=\"0\" \/><input type=\"hidden\" name=\"_wpcf7_posted_data_hash\" value=\"\" \/>\n<\/fieldset>\n<div class=\"two_columns_form_with_space\">\n\t<div class=\"column_left column_50\">\n\t\t<div class=\"column_inner\">\n\t\t\t<p><span class=\"wpcf7-form-control-wrap\" data-name=\"your-name\"><input size=\"40\" maxlength=\"400\" class=\"wpcf7-form-control wpcf7-text wpcf7-validates-as-required\" aria-required=\"true\" aria-invalid=\"false\" placeholder=\"Nume si Prenume *\" value=\"\" type=\"text\" name=\"your-name\" \/><\/span>\n\t\t\t<\/p>\n\t\t<\/div>\n\t<\/div>\n\t<div class=\"column_right column_50\">\n\t\t<div class=\"column_inner\">\n\t\t\t<p><span class=\"wpcf7-form-control-wrap\" data-name=\"email\"><input size=\"40\" maxlength=\"400\" class=\"wpcf7-form-control wpcf7-email wpcf7-validates-as-required wpcf7-text wpcf7-validates-as-email\" aria-required=\"true\" aria-invalid=\"false\" placeholder=\"Adresa de e-mail *\" value=\"\" type=\"email\" name=\"email\" \/><\/span>\n\t\t\t<\/p>\n\t\t<\/div>\n\t<\/div>\n<\/div>\n<div class=\"two_columns_form_with_space\">\n\t<div class=\"column_left column_50\">\n\t\t<div class=\"column_inner\">\n\t\t\t<p><span class=\"wpcf7-form-control-wrap\" data-name=\"rendelesszam\"><input size=\"40\" maxlength=\"400\" class=\"wpcf7-form-control wpcf7-text wpcf7-validates-as-required\" aria-required=\"true\" aria-invalid=\"false\" placeholder=\"Num\u0103r comenzi *\" value=\"\" type=\"text\" name=\"rendelesszam\" \/><\/span>\n\t\t\t<\/p>\n\t\t<\/div>\n\t<\/div>\n\t<div class=\"column_right column_50\">\n\t\t<div class=\"column_inner\">\n\t\t\t<p><span class=\"wpcf7-form-control-wrap\" data-name=\"telszam\"><input size=\"40\" maxlength=\"400\" class=\"wpcf7-form-control wpcf7-text wpcf7-validates-as-required\" aria-required=\"true\" aria-invalid=\"false\" placeholder=\"Num\u0103r de telefon *\" value=\"\" type=\"text\" name=\"telszam\" \/><\/span>\n\t\t\t<\/p>\n\t\t<\/div>\n\t<\/div>\n<\/div>\n<div class=\"two_columns_form_with_space\">\n\t<div class=\"column_left column_50\">\n\t\t<div class=\"column_inner\">\n\t\t\t<p><span class=\"wpcf7-form-control-wrap\" data-name=\"rendelesdatum\"><input size=\"40\" maxlength=\"400\" class=\"wpcf7-form-control wpcf7-text wpcf7-validates-as-required\" aria-required=\"true\" aria-invalid=\"false\" placeholder=\"Data comezni *\" value=\"\" type=\"text\" name=\"rendelesdatum\" \/><\/span>\n\t\t\t<\/p>\n\t\t<\/div>\n\t<\/div>\n\t<div class=\"column_right column_50\">\n\t\t<div class=\"column_inner\">\n\t\t\t<p><span class=\"wpcf7-form-control-wrap\" data-name=\"termek\"><input size=\"40\" maxlength=\"400\" class=\"wpcf7-form-control wpcf7-text wpcf7-validates-as-required\" aria-required=\"true\" aria-invalid=\"false\" placeholder=\"Denumire produs *\" value=\"\" type=\"text\" name=\"termek\" \/><\/span>\n\t\t\t<\/p>\n\t\t<\/div>\n\t<\/div>\n<\/div>\n<p><span class=\"wpcf7-form-control-wrap\" data-name=\"message\"><textarea cols=\"40\" rows=\"10\" maxlength=\"2000\" class=\"wpcf7-form-control wpcf7-textarea wpcf7-validates-as-required\" aria-required=\"true\" aria-invalid=\"false\" placeholder=\"Descrierea problemei intampinate *\" name=\"message\"><\/textarea><\/span>\n<\/p>\n<p><span class=\"wpcf7-form-control-wrap\" data-name=\"acceptance-160\"><span class=\"wpcf7-form-control wpcf7-acceptance optional\"><span class=\"wpcf7-list-item\"><label><input type=\"checkbox\" name=\"acceptance-160\" value=\"1\" aria-invalid=\"false\" \/><span class=\"wpcf7-list-item-label\">Nu sunt robot<\/span><\/label><\/span><\/span><\/span>\n<\/p>\n<p><input class=\"wpcf7-form-control wpcf7-submit has-spinner\" type=\"submit\" value=\"Trimite cerere\" \/>\n<\/p><div class=\"wpcf7-response-output\" aria-hidden=\"true\"><\/div>\n<\/form>\n<\/div>\n\t\t\t\t<\/div>\n\t\t\t\t<\/div>\n\t\t\t\t\t<\/div>\n\t\t<\/div>\n\t\t\t\t<div class=\"elementor-column elementor-col-25 elementor-top-column elementor-element elementor-element-74cd833\" data-id=\"74cd833\" data-element_type=\"column\" data-e-type=\"column\">\n\t\t\t<div class=\"elementor-widget-wrap\">\n\t\t\t\t\t\t\t<\/div>\n\t\t<\/div>\n\t\t\t\t\t<\/div>\n\t\t<\/section>\n\t\t\t\t<\/div>\n\t\t","protected":false},"excerpt":{"rendered":"<p>Garan\u0163ia produselor se acorda conform legislatiei in vigoare (Legea 449\/2003 si OG 21\/1992) \u0219i se refer\u0103 la defec\u0163iuni de fabrica\u0163ie sau vicii ascunse, nu se ofer\u0103 garan\u0163ie \u00een cazul folosirii necorespunz\u0103toare a produsului, sau pentru p\u0103r\u0163ile consumabile. \u00cen cazul \u00een care apar probleme de garan\u0163ie v\u0103 rug\u0103m s\u0103 ne contacta\u021bi pentru a g\u0103si cea mai &hellip; <\/p>\n<p class=\"more-link-wrap\"><a href=\"https:\/\/szekelycsuda.ro\/ro\/garantia-produselor\/\" class=\"more-link\"><i class=\"opal-icon-plus\" aria-hidden=\"true\"><\/i><span>Cite\u015fte mai mult<span class=\"screen-reader-text\"> &#8222;Returnare, garantie produselor&#8221;<\/span><\/span><\/a><\/p>\n","protected":false},"author":1,"featured_media":0,"parent":0,"menu_order":0,"comment_status":"closed","ping_status":"closed","template":"","meta":{"footnotes":""},"class_list":["post-9415","page","type-page","status-publish","hentry"],"yoast_head":"<!-- This site is optimized with the Yoast SEO Premium plugin v20.13 (Yoast SEO v20.13) - https:\/\/yoast.com\/wordpress\/plugins\/seo\/ -->\n<title>Garan\u021bie produselor<\/title>\n<meta name=\"robots\" content=\"index, follow, max-snippet:-1, max-image-preview:large, max-video-preview:-1\" \/>\n<link rel=\"canonical\" href=\"https:\/\/szekelycsuda.ro\/ro\/garantia-produselor\/\" \/>\n<meta property=\"og:locale\" content=\"ro_RO\" \/>\n<meta property=\"og:type\" content=\"article\" \/>\n<meta property=\"og:title\" content=\"Returnare, garantie produselor\" \/>\n<meta property=\"og:description\" content=\"Garan\u0163ia produselor se acorda conform legislatiei in vigoare (Legea 449\/2003 si OG 21\/1992) \u0219i se refer\u0103 la defec\u0163iuni de fabrica\u0163ie sau vicii ascunse, nu se ofer\u0103 garan\u0163ie \u00een cazul folosirii necorespunz\u0103toare a produsului, sau pentru p\u0103r\u0163ile consumabile. \u00cen cazul \u00een care apar probleme de garan\u0163ie v\u0103 rug\u0103m s\u0103 ne contacta\u021bi pentru a g\u0103si cea mai &hellip; Cite\u015fte mai mult &quot;Returnare, garantie produselor&quot;\" \/>\n<meta property=\"og:url\" content=\"https:\/\/szekelycsuda.ro\/ro\/garantia-produselor\/\" \/>\n<meta property=\"og:site_name\" content=\"Sz\u00e9kely Csuda Ken\u0151cs\" \/>\n<meta property=\"article:modified_time\" content=\"2024-05-30T20:38:05+00:00\" \/>\n<meta name=\"twitter:card\" content=\"summary_large_image\" \/>\n<meta name=\"twitter:label1\" content=\"Timp estimat pentru citire\" \/>\n\t<meta name=\"twitter:data1\" content=\"5 minute\" \/>\n<script type=\"application\/ld+json\" class=\"yoast-schema-graph\">{\"@context\":\"https:\/\/schema.org\",\"@graph\":[{\"@type\":\"WebPage\",\"@id\":\"https:\/\/szekelycsuda.ro\/ro\/garantia-produselor\/\",\"url\":\"https:\/\/szekelycsuda.ro\/ro\/garantia-produselor\/\",\"name\":\"Garan\u021bie produselor\",\"isPartOf\":{\"@id\":\"https:\/\/szekelycsuda.ro\/#website\"},\"datePublished\":\"2023-08-22T18:50:30+00:00\",\"dateModified\":\"2024-05-30T20:38:05+00:00\",\"breadcrumb\":{\"@id\":\"https:\/\/szekelycsuda.ro\/ro\/garantia-produselor\/#breadcrumb\"},\"inLanguage\":\"ro-RO\",\"potentialAction\":[{\"@type\":\"ReadAction\",\"target\":[\"https:\/\/szekelycsuda.ro\/ro\/garantia-produselor\/\"]}]},{\"@type\":\"BreadcrumbList\",\"@id\":\"https:\/\/szekelycsuda.ro\/ro\/garantia-produselor\/#breadcrumb\",\"itemListElement\":[{\"@type\":\"ListItem\",\"position\":1,\"name\":\"Home\",\"item\":\"https:\/\/szekelycsuda.ro\/ro\/\"},{\"@type\":\"ListItem\",\"position\":2,\"name\":\"Returnare, garantie produselor\"}]},{\"@type\":\"WebSite\",\"@id\":\"https:\/\/szekelycsuda.ro\/#website\",\"url\":\"https:\/\/szekelycsuda.ro\/\",\"name\":\"Sz\u00e9kely Csuda Ken\u0151cs\",\"description\":\"\",\"potentialAction\":[{\"@type\":\"SearchAction\",\"target\":{\"@type\":\"EntryPoint\",\"urlTemplate\":\"https:\/\/szekelycsuda.ro\/?s={search_term_string}\"},\"query-input\":\"required name=search_term_string\"}],\"inLanguage\":\"ro-RO\"}]}<\/script>\n<!-- \/ Yoast SEO Premium plugin. -->","yoast_head_json":{"title":"Garan\u021bie produselor","robots":{"index":"index","follow":"follow","max-snippet":"max-snippet:-1","max-image-preview":"max-image-preview:large","max-video-preview":"max-video-preview:-1"},"canonical":"https:\/\/szekelycsuda.ro\/ro\/garantia-produselor\/","og_locale":"ro_RO","og_type":"article","og_title":"Returnare, garantie produselor","og_description":"Garan\u0163ia produselor se acorda conform legislatiei in vigoare (Legea 449\/2003 si OG 21\/1992) \u0219i se refer\u0103 la defec\u0163iuni de fabrica\u0163ie sau vicii ascunse, nu se ofer\u0103 garan\u0163ie \u00een cazul folosirii necorespunz\u0103toare a produsului, sau pentru p\u0103r\u0163ile consumabile. \u00cen cazul \u00een care apar probleme de garan\u0163ie v\u0103 rug\u0103m s\u0103 ne contacta\u021bi pentru a g\u0103si cea mai &hellip; Cite\u015fte mai mult \"Returnare, garantie produselor\"","og_url":"https:\/\/szekelycsuda.ro\/ro\/garantia-produselor\/","og_site_name":"Sz\u00e9kely Csuda Ken\u0151cs","article_modified_time":"2024-05-30T20:38:05+00:00","twitter_card":"summary_large_image","twitter_misc":{"Timp estimat pentru citire":"5 minute"},"schema":{"@context":"https:\/\/schema.org","@graph":[{"@type":"WebPage","@id":"https:\/\/szekelycsuda.ro\/ro\/garantia-produselor\/","url":"https:\/\/szekelycsuda.ro\/ro\/garantia-produselor\/","name":"Garan\u021bie produselor","isPartOf":{"@id":"https:\/\/szekelycsuda.ro\/#website"},"datePublished":"2023-08-22T18:50:30+00:00","dateModified":"2024-05-30T20:38:05+00:00","breadcrumb":{"@id":"https:\/\/szekelycsuda.ro\/ro\/garantia-produselor\/#breadcrumb"},"inLanguage":"ro-RO","potentialAction":[{"@type":"ReadAction","target":["https:\/\/szekelycsuda.ro\/ro\/garantia-produselor\/"]}]},{"@type":"BreadcrumbList","@id":"https:\/\/szekelycsuda.ro\/ro\/garantia-produselor\/#breadcrumb","itemListElement":[{"@type":"ListItem","position":1,"name":"Home","item":"https:\/\/szekelycsuda.ro\/ro\/"},{"@type":"ListItem","position":2,"name":"Returnare, garantie produselor"}]},{"@type":"WebSite","@id":"https:\/\/szekelycsuda.ro\/#website","url":"https:\/\/szekelycsuda.ro\/","name":"Sz\u00e9kely Csuda Ken\u0151cs","description":"","potentialAction":[{"@type":"SearchAction","target":{"@type":"EntryPoint","urlTemplate":"https:\/\/szekelycsuda.ro\/?s={search_term_string}"},"query-input":"required name=search_term_string"}],"inLanguage":"ro-RO"}]}},"_links":{"self":[{"href":"https:\/\/szekelycsuda.ro\/ro\/wp-json\/wp\/v2\/pages\/9415","targetHints":{"allow":["GET"]}}],"collection":[{"href":"https:\/\/szekelycsuda.ro\/ro\/wp-json\/wp\/v2\/pages"}],"about":[{"href":"https:\/\/szekelycsuda.ro\/ro\/wp-json\/wp\/v2\/types\/page"}],"author":[{"embeddable":true,"href":"https:\/\/szekelycsuda.ro\/ro\/wp-json\/wp\/v2\/users\/1"}],"replies":[{"embeddable":true,"href":"https:\/\/szekelycsuda.ro\/ro\/wp-json\/wp\/v2\/comments?post=9415"}],"version-history":[{"count":9,"href":"https:\/\/szekelycsuda.ro\/ro\/wp-json\/wp\/v2\/pages\/9415\/revisions"}],"predecessor-version":[{"id":17038,"href":"https:\/\/szekelycsuda.ro\/ro\/wp-json\/wp\/v2\/pages\/9415\/revisions\/17038"}],"wp:attachment":[{"href":"https:\/\/szekelycsuda.ro\/ro\/wp-json\/wp\/v2\/media?parent=9415"}],"curies":[{"name":"wp","href":"https:\/\/api.w.org\/{rel}","templated":true}]}}