{"id":10160,"date":"2024-03-08T00:03:41","date_gmt":"2024-03-07T22:03:41","guid":{"rendered":"https:\/\/szekelycsuda.ro\/uzlet\/fara-categorie\/raceala\/"},"modified":"2025-04-09T11:46:30","modified_gmt":"2025-04-09T08:46:30","slug":"raceala","status":"publish","type":"product","link":"https:\/\/szekelycsuda.ro\/ro\/uzlet\/sare-de-baie\/raceala\/","title":{"rendered":"R\u0103ceal\u0103"},"content":{"rendered":"<p>Turna\u021bi jum\u0103tatea con\u021binutului de sare \u00een ap\u0103 cald\u0103 \u0219i savura\u021bi baia relaxant\u0103, calmant\u0103 timp de 15-20 minute. Produsul con\u021bine sare din Praid, uleiuri esen\u021biale \u0219i colorant alimentar.<\/p>\n","protected":false},"excerpt":{"rendered":"<p>Turna\u021bi jum\u0103tatea con\u021binutului de sare \u00een ap\u0103 cald\u0103 \u0219i savura\u021bi baia relaxant\u0103, calmant\u0103 timp de 15-20 minute. Produsul con\u021bine sare din Praid, uleiuri esen\u021biale \u0219i colorant alimentar.<\/p>\n","protected":false},"featured_media":10106,"comment_status":"open","ping_status":"closed","template":"","meta":[],"product_brand":[],"product_cat":[128],"product_tag":[],"class_list":{"0":"post-10160","1":"product","2":"type-product","3":"status-publish","4":"has-post-thumbnail","6":"product_cat-sare-de-baie","8":"first","9":"instock","10":"taxable","11":"shipping-taxable","12":"purchasable","13":"product-type-simple"},"yoast_head":"<!-- This site is optimized with the Yoast SEO Premium plugin v20.13 (Yoast SEO v20.13) - https:\/\/yoast.com\/wordpress\/plugins\/seo\/ -->\n<title>Sare de baie r\u0103eal\u0103<\/title>\n<meta name=\"description\" content=\"produse secuiasca minune\" \/>\n<meta name=\"robots\" content=\"index, follow, max-snippet:-1, max-image-preview:large, max-video-preview:-1\" \/>\n<link rel=\"canonical\" href=\"https:\/\/szekelycsuda.ro\/ro\/uzlet\/sare-de-baie\/raceala\/\" \/>\n<meta property=\"og:locale\" content=\"ro_RO\" \/>\n<meta property=\"og:type\" content=\"article\" \/>\n<meta property=\"og:title\" content=\"R\u0103ceal\u0103\" \/>\n<meta property=\"og:description\" content=\"produse secuiasca minune\" \/>\n<meta property=\"og:url\" content=\"https:\/\/szekelycsuda.ro\/ro\/uzlet\/sare-de-baie\/raceala\/\" \/>\n<meta property=\"og:site_name\" content=\"Sz\u00e9kely Csuda Ken\u0151cs\" \/>\n<meta property=\"article:modified_time\" content=\"2025-04-09T08:46:30+00:00\" \/>\n<meta property=\"og:image\" content=\"https:\/\/szekelycsuda.ro\/wp-content\/uploads\/IMG_2896_1.jpg\" \/>\n\t<meta property=\"og:image:width\" content=\"1000\" \/>\n\t<meta property=\"og:image:height\" content=\"1047\" \/>\n\t<meta property=\"og:image:type\" content=\"image\/jpeg\" \/>\n<meta name=\"twitter:card\" content=\"summary_large_image\" \/>\n<meta name=\"twitter:label1\" content=\"Timp estimat pentru citire\" \/>\n\t<meta name=\"twitter:data1\" content=\"1 minut\" \/>\n<script type=\"application\/ld+json\" class=\"yoast-schema-graph\">{\"@context\":\"https:\/\/schema.org\",\"@graph\":[{\"@type\":\"WebPage\",\"@id\":\"https:\/\/szekelycsuda.ro\/ro\/uzlet\/sare-de-baie\/raceala\/\",\"url\":\"https:\/\/szekelycsuda.ro\/ro\/uzlet\/sare-de-baie\/raceala\/\",\"name\":\"Sare de baie r\u0103eal\u0103\",\"isPartOf\":{\"@id\":\"https:\/\/szekelycsuda.ro\/#website\"},\"datePublished\":\"2024-03-07T22:03:41+00:00\",\"dateModified\":\"2025-04-09T08:46:30+00:00\",\"description\":\"produse secuiasca minune\",\"breadcrumb\":{\"@id\":\"https:\/\/szekelycsuda.ro\/ro\/uzlet\/sare-de-baie\/raceala\/#breadcrumb\"},\"inLanguage\":\"ro-RO\",\"potentialAction\":[{\"@type\":\"ReadAction\",\"target\":[\"https:\/\/szekelycsuda.ro\/ro\/uzlet\/sare-de-baie\/raceala\/\"]}]},{\"@type\":\"BreadcrumbList\",\"@id\":\"https:\/\/szekelycsuda.ro\/ro\/uzlet\/sare-de-baie\/raceala\/#breadcrumb\",\"itemListElement\":[{\"@type\":\"ListItem\",\"position\":1,\"name\":\"Home\",\"item\":\"https:\/\/szekelycsuda.ro\/ro\/\"},{\"@type\":\"ListItem\",\"position\":2,\"name\":\"Term\u00e9kek\",\"item\":\"https:\/\/szekelycsuda.ro\/uzlet\/\"},{\"@type\":\"ListItem\",\"position\":3,\"name\":\"R\u0103ceal\u0103\"}]},{\"@type\":\"WebSite\",\"@id\":\"https:\/\/szekelycsuda.ro\/#website\",\"url\":\"https:\/\/szekelycsuda.ro\/\",\"name\":\"Sz\u00e9kely Csuda Ken\u0151cs\",\"description\":\"\",\"potentialAction\":[{\"@type\":\"SearchAction\",\"target\":{\"@type\":\"EntryPoint\",\"urlTemplate\":\"https:\/\/szekelycsuda.ro\/?s={search_term_string}\"},\"query-input\":\"required name=search_term_string\"}],\"inLanguage\":\"ro-RO\"}]}<\/script>\n<!-- \/ Yoast SEO Premium plugin. -->","yoast_head_json":{"title":"Sare de baie r\u0103eal\u0103","description":"produse secuiasca minune","robots":{"index":"index","follow":"follow","max-snippet":"max-snippet:-1","max-image-preview":"max-image-preview:large","max-video-preview":"max-video-preview:-1"},"canonical":"https:\/\/szekelycsuda.ro\/ro\/uzlet\/sare-de-baie\/raceala\/","og_locale":"ro_RO","og_type":"article","og_title":"R\u0103ceal\u0103","og_description":"produse secuiasca minune","og_url":"https:\/\/szekelycsuda.ro\/ro\/uzlet\/sare-de-baie\/raceala\/","og_site_name":"Sz\u00e9kely Csuda Ken\u0151cs","article_modified_time":"2025-04-09T08:46:30+00:00","og_image":[{"width":1000,"height":1047,"url":"https:\/\/szekelycsuda.ro\/wp-content\/uploads\/IMG_2896_1.jpg","type":"image\/jpeg"}],"twitter_card":"summary_large_image","twitter_misc":{"Timp estimat pentru citire":"1 minut"},"schema":{"@context":"https:\/\/schema.org","@graph":[{"@type":"WebPage","@id":"https:\/\/szekelycsuda.ro\/ro\/uzlet\/sare-de-baie\/raceala\/","url":"https:\/\/szekelycsuda.ro\/ro\/uzlet\/sare-de-baie\/raceala\/","name":"Sare de baie r\u0103eal\u0103","isPartOf":{"@id":"https:\/\/szekelycsuda.ro\/#website"},"datePublished":"2024-03-07T22:03:41+00:00","dateModified":"2025-04-09T08:46:30+00:00","description":"produse secuiasca minune","breadcrumb":{"@id":"https:\/\/szekelycsuda.ro\/ro\/uzlet\/sare-de-baie\/raceala\/#breadcrumb"},"inLanguage":"ro-RO","potentialAction":[{"@type":"ReadAction","target":["https:\/\/szekelycsuda.ro\/ro\/uzlet\/sare-de-baie\/raceala\/"]}]},{"@type":"BreadcrumbList","@id":"https:\/\/szekelycsuda.ro\/ro\/uzlet\/sare-de-baie\/raceala\/#breadcrumb","itemListElement":[{"@type":"ListItem","position":1,"name":"Home","item":"https:\/\/szekelycsuda.ro\/ro\/"},{"@type":"ListItem","position":2,"name":"Term\u00e9kek","item":"https:\/\/szekelycsuda.ro\/uzlet\/"},{"@type":"ListItem","position":3,"name":"R\u0103ceal\u0103"}]},{"@type":"WebSite","@id":"https:\/\/szekelycsuda.ro\/#website","url":"https:\/\/szekelycsuda.ro\/","name":"Sz\u00e9kely Csuda Ken\u0151cs","description":"","potentialAction":[{"@type":"SearchAction","target":{"@type":"EntryPoint","urlTemplate":"https:\/\/szekelycsuda.ro\/?s={search_term_string}"},"query-input":"required name=search_term_string"}],"inLanguage":"ro-RO"}]}},"_links":{"self":[{"href":"https:\/\/szekelycsuda.ro\/ro\/wp-json\/wp\/v2\/product\/10160","targetHints":{"allow":["GET"]}}],"collection":[{"href":"https:\/\/szekelycsuda.ro\/ro\/wp-json\/wp\/v2\/product"}],"about":[{"href":"https:\/\/szekelycsuda.ro\/ro\/wp-json\/wp\/v2\/types\/product"}],"replies":[{"embeddable":true,"href":"https:\/\/szekelycsuda.ro\/ro\/wp-json\/wp\/v2\/comments?post=10160"}],"wp:featuredmedia":[{"embeddable":true,"href":"https:\/\/szekelycsuda.ro\/ro\/wp-json\/wp\/v2\/media\/10106"}],"wp:attachment":[{"href":"https:\/\/szekelycsuda.ro\/ro\/wp-json\/wp\/v2\/media?parent=10160"}],"wp:term":[{"taxonomy":"product_brand","embeddable":true,"href":"https:\/\/szekelycsuda.ro\/ro\/wp-json\/wp\/v2\/product_brand?post=10160"},{"taxonomy":"product_cat","embeddable":true,"href":"https:\/\/szekelycsuda.ro\/ro\/wp-json\/wp\/v2\/product_cat?post=10160"},{"taxonomy":"product_tag","embeddable":true,"href":"https:\/\/szekelycsuda.ro\/ro\/wp-json\/wp\/v2\/product_tag?post=10160"}],"curies":[{"name":"wp","href":"https:\/\/api.w.org\/{rel}","templated":true}]}}