{"id":12080,"date":"2024-12-27T15:27:14","date_gmt":"2024-12-27T13:27:14","guid":{"rendered":"https:\/\/szekelycsuda.ro\/shop\/tinctura-inima\/"},"modified":"2024-12-27T15:27:14","modified_gmt":"2024-12-27T13:27:14","slug":"tinctura-inima","status":"publish","type":"product","link":"https:\/\/szekelycsuda.ro\/ro\/uzlet\/bitter-secuiesc\/tinctura-inima\/","title":{"rendered":"Tinctura inima"},"content":{"rendered":"<p>100% Natural 500ml \/ 32% ALC \/ Din plante medicinale din Transilvania<\/p>\n<p><strong>Tinctura inima<\/strong> este un extract hidroalcoolic concentrat din 31 plante medicinale care contribuie la func\u021bionarea normal\u0103 a sistemului cardiovascular, fiind recomandat\u0103 \u00een tulbur\u0103ri de ritm cardiac (tahicardie, palpita\u0163ii, extrasistole), insuficien\u0163\u0103 cardiac\u0103, cardiopatie ischemic\u0103, angin\u0103 pectoral\u0103, distonii neurovegetative, anxietate, nevroze, aritmii cardiace.<br \/>\n<strong>Acest produs este conceput pentru o cur\u0103 de 14 zile.<\/strong><\/p>\n<p><strong>Ingrediente:<\/strong> flori de p\u0103ducel (Crataegus monogyna)-1,44%, frunze de zmeur\u0103 (Rubus idaeus)-0,57%, frunze de mur (Rubus fruticosus)-0,57%, flori de coada \u0219oricelui (Achuillea millefolium)-0,57%, frunze de salvie (salvia)-0,57%, p\u0103r\u021bi aeriene de r\u0103covin\u0103 (Stellaria media)-0,57%, p\u0103r\u021bi aeriene de oregano (Origanum vulgare subsp. vulgare)-0,57%, frunze de v\u00e2sc (Viscum album)-1,44%, p\u0103r\u021bi aeriene de traista ciobanului (Capsella bursa-pastoris) 0,57%, p\u0103r\u021bi aeriene de \u021bintaur\u0103(Centarium erythraea)-0,28%, fructe de meri\u0219or (Vaccinium vitis-idaea)- 0,28%, p\u0103r\u021bi aeriene de sun\u0103toare (Hypericum perforatum)- 0,28%, r\u0103d\u0103cina de turmeric (Cuircuma longa)- 0,28%, frunze de mesteac\u0103n (Betula pendula)- 0,28%, frunze de ment\u0103 (Mentha herba)-0,28%, flori de p\u0103p\u0103die (taraxanum officinalis)-0,57%, p\u0103r\u021bi aeriene de ceai verde (Camellia sinensis) 0,28%, p\u0103r\u021bi aeriene de patlagin\u0103 (Lamiales)-0,28%, r\u0103d\u0103cin\u0103 de valerian\u0103 (Valeriana)-0,57%, scoar\u021ba de salcie (Salixa alba)- 0,28%, r\u0103d\u0103cin\u0103 de ghimbir (Zingiber officinale)- 0,28%,fructe de m\u0103ces (Rosa Canina)- 0,28%, fructe de c\u0103tin\u0103 (Hippiphae rhamnoides)- 0,28%, frunze de rozmarin (Salvia rozmarinus)- 0,28%, flori de g\u0103lb\u0103nele (Calendula officinalis)- 0,28%, fructe de ienup\u0103r (Fructus Juniperi)- 0,28%, p\u0103r\u021bi aeriene de roin\u021b\u0103 (Melissa oficinalis)- 0,28%, frunze de afin (Myrtilli folium)-0,17%, flori de soc (Sambucus nigra) 0,28%, flori de mu\u0219e\u021bel (Matricaria chamomilla) 0,28%, flori de lavand\u0103 (Lavandula angustifolia) 0,28%, solu\u0163ie hidroalcoolic\u0103 (alcool etilic\/ap\u0103 \u2013 30\/70 \u00een raport de mas\u0103)-86,6%.<\/p>\n<p><strong>Mod de Administrare:<\/strong> uz intern: adul\u021bi \u0219i tineri peste 15 ani: c\u00e2te dou\u0103 linguri\u021b\u0103 (10 ml) de tinctur\u0103 diluat\u0103 \u00een 50ml ap\u0103 sau ceai, de 3 ori\/zi, pe stomacul gol.<\/p>\n<p>&nbsp;<\/p>\n","protected":false},"excerpt":{"rendered":"<p>100% Natural 500ml \/ 32% ALC \/ Din plante medicinale din Transilvania<\/p>\n<p><strong>Tinctura inima<\/strong> este un extract hidroalcoolic concentrat din 31 plante medicinale care contribuie la func\u021bionarea normal\u0103 a sistemului cardiovascular, fiind recomandat\u0103 \u00een tulbur\u0103ri de ritm cardiac (tahicardie, palpita\u0163ii, extrasistole), insuficien\u0163\u0103 cardiac\u0103, cardiopatie ischemic\u0103, angin\u0103 pectoral\u0103, distonii neurovegetative, anxietate, nevroze, aritmii cardiace.<\/p>\n<p>NU CON\u021aINE ADITIVI SINTETICE(conservan\u021bi \u0219i coloran\u021bi).<\/p>\n","protected":false},"featured_media":11981,"comment_status":"open","ping_status":"closed","template":"","meta":[],"product_brand":[],"product_cat":[130],"product_tag":[],"class_list":{"0":"post-12080","1":"product","2":"type-product","3":"status-publish","4":"has-post-thumbnail","6":"product_cat-bitter-secuiesc","8":"first","9":"instock","10":"taxable","11":"shipping-taxable","12":"purchasable","13":"product-type-simple"},"yoast_head":"<!-- This site is optimized with the Yoast SEO Premium plugin v20.13 (Yoast SEO v20.13) - https:\/\/yoast.com\/wordpress\/plugins\/seo\/ -->\n<title>Tinctura inima - Produse secuiasca miraculoase<\/title>\n<meta name=\"description\" content=\"produse secuiasca minune, tinctura inima, minune, crema minune\" \/>\n<meta name=\"robots\" content=\"index, follow, max-snippet:-1, max-image-preview:large, max-video-preview:-1\" \/>\n<link rel=\"canonical\" href=\"https:\/\/szekelycsuda.ro\/ro\/uzlet\/bitter-secuiesc\/tinctura-inima\/\" \/>\n<meta property=\"og:locale\" content=\"ro_RO\" \/>\n<meta property=\"og:type\" content=\"article\" \/>\n<meta property=\"og:title\" content=\"Tinctura inima\" \/>\n<meta property=\"og:description\" content=\"produse secuiasca minune, tinctura inima, minune, crema minune\" \/>\n<meta property=\"og:url\" content=\"https:\/\/szekelycsuda.ro\/ro\/uzlet\/bitter-secuiesc\/tinctura-inima\/\" \/>\n<meta property=\"og:site_name\" content=\"Sz\u00e9kely Csuda Ken\u0151cs\" \/>\n<meta property=\"og:image\" content=\"https:\/\/szekelycsuda.ro\/wp-content\/uploads\/gyogykeseru-sziv.jpg\" \/>\n\t<meta property=\"og:image:width\" content=\"1000\" \/>\n\t<meta property=\"og:image:height\" content=\"1000\" \/>\n\t<meta property=\"og:image:type\" content=\"image\/jpeg\" \/>\n<meta name=\"twitter:card\" content=\"summary_large_image\" \/>\n<meta name=\"twitter:label1\" content=\"Timp estimat pentru citire\" \/>\n\t<meta name=\"twitter:data1\" content=\"2 minute\" \/>\n<script type=\"application\/ld+json\" class=\"yoast-schema-graph\">{\"@context\":\"https:\/\/schema.org\",\"@graph\":[{\"@type\":\"WebPage\",\"@id\":\"https:\/\/szekelycsuda.ro\/ro\/uzlet\/bitter-secuiesc\/tinctura-inima\/\",\"url\":\"https:\/\/szekelycsuda.ro\/ro\/uzlet\/bitter-secuiesc\/tinctura-inima\/\",\"name\":\"Tinctura inima - Produse secuiasca miraculoase\",\"isPartOf\":{\"@id\":\"https:\/\/szekelycsuda.ro\/#website\"},\"datePublished\":\"2024-12-27T13:27:14+00:00\",\"dateModified\":\"2024-12-27T13:27:14+00:00\",\"description\":\"produse secuiasca minune, tinctura inima, minune, crema minune\",\"breadcrumb\":{\"@id\":\"https:\/\/szekelycsuda.ro\/ro\/uzlet\/bitter-secuiesc\/tinctura-inima\/#breadcrumb\"},\"inLanguage\":\"ro-RO\",\"potentialAction\":[{\"@type\":\"ReadAction\",\"target\":[\"https:\/\/szekelycsuda.ro\/ro\/uzlet\/bitter-secuiesc\/tinctura-inima\/\"]}]},{\"@type\":\"BreadcrumbList\",\"@id\":\"https:\/\/szekelycsuda.ro\/ro\/uzlet\/bitter-secuiesc\/tinctura-inima\/#breadcrumb\",\"itemListElement\":[{\"@type\":\"ListItem\",\"position\":1,\"name\":\"Home\",\"item\":\"https:\/\/szekelycsuda.ro\/ro\/\"},{\"@type\":\"ListItem\",\"position\":2,\"name\":\"Term\u00e9kek\",\"item\":\"https:\/\/szekelycsuda.ro\/uzlet\/\"},{\"@type\":\"ListItem\",\"position\":3,\"name\":\"Tinctura inima\"}]},{\"@type\":\"WebSite\",\"@id\":\"https:\/\/szekelycsuda.ro\/#website\",\"url\":\"https:\/\/szekelycsuda.ro\/\",\"name\":\"Sz\u00e9kely Csuda Ken\u0151cs\",\"description\":\"\",\"potentialAction\":[{\"@type\":\"SearchAction\",\"target\":{\"@type\":\"EntryPoint\",\"urlTemplate\":\"https:\/\/szekelycsuda.ro\/?s={search_term_string}\"},\"query-input\":\"required name=search_term_string\"}],\"inLanguage\":\"ro-RO\"}]}<\/script>\n<!-- \/ Yoast SEO Premium plugin. -->","yoast_head_json":{"title":"Tinctura inima - Produse secuiasca miraculoase","description":"produse secuiasca minune, tinctura inima, minune, crema minune","robots":{"index":"index","follow":"follow","max-snippet":"max-snippet:-1","max-image-preview":"max-image-preview:large","max-video-preview":"max-video-preview:-1"},"canonical":"https:\/\/szekelycsuda.ro\/ro\/uzlet\/bitter-secuiesc\/tinctura-inima\/","og_locale":"ro_RO","og_type":"article","og_title":"Tinctura inima","og_description":"produse secuiasca minune, tinctura inima, minune, crema minune","og_url":"https:\/\/szekelycsuda.ro\/ro\/uzlet\/bitter-secuiesc\/tinctura-inima\/","og_site_name":"Sz\u00e9kely Csuda Ken\u0151cs","og_image":[{"width":1000,"height":1000,"url":"https:\/\/szekelycsuda.ro\/wp-content\/uploads\/gyogykeseru-sziv.jpg","type":"image\/jpeg"}],"twitter_card":"summary_large_image","twitter_misc":{"Timp estimat pentru citire":"2 minute"},"schema":{"@context":"https:\/\/schema.org","@graph":[{"@type":"WebPage","@id":"https:\/\/szekelycsuda.ro\/ro\/uzlet\/bitter-secuiesc\/tinctura-inima\/","url":"https:\/\/szekelycsuda.ro\/ro\/uzlet\/bitter-secuiesc\/tinctura-inima\/","name":"Tinctura inima - Produse secuiasca miraculoase","isPartOf":{"@id":"https:\/\/szekelycsuda.ro\/#website"},"datePublished":"2024-12-27T13:27:14+00:00","dateModified":"2024-12-27T13:27:14+00:00","description":"produse secuiasca minune, tinctura inima, minune, crema minune","breadcrumb":{"@id":"https:\/\/szekelycsuda.ro\/ro\/uzlet\/bitter-secuiesc\/tinctura-inima\/#breadcrumb"},"inLanguage":"ro-RO","potentialAction":[{"@type":"ReadAction","target":["https:\/\/szekelycsuda.ro\/ro\/uzlet\/bitter-secuiesc\/tinctura-inima\/"]}]},{"@type":"BreadcrumbList","@id":"https:\/\/szekelycsuda.ro\/ro\/uzlet\/bitter-secuiesc\/tinctura-inima\/#breadcrumb","itemListElement":[{"@type":"ListItem","position":1,"name":"Home","item":"https:\/\/szekelycsuda.ro\/ro\/"},{"@type":"ListItem","position":2,"name":"Term\u00e9kek","item":"https:\/\/szekelycsuda.ro\/uzlet\/"},{"@type":"ListItem","position":3,"name":"Tinctura inima"}]},{"@type":"WebSite","@id":"https:\/\/szekelycsuda.ro\/#website","url":"https:\/\/szekelycsuda.ro\/","name":"Sz\u00e9kely Csuda Ken\u0151cs","description":"","potentialAction":[{"@type":"SearchAction","target":{"@type":"EntryPoint","urlTemplate":"https:\/\/szekelycsuda.ro\/?s={search_term_string}"},"query-input":"required name=search_term_string"}],"inLanguage":"ro-RO"}]}},"_links":{"self":[{"href":"https:\/\/szekelycsuda.ro\/ro\/wp-json\/wp\/v2\/product\/12080","targetHints":{"allow":["GET"]}}],"collection":[{"href":"https:\/\/szekelycsuda.ro\/ro\/wp-json\/wp\/v2\/product"}],"about":[{"href":"https:\/\/szekelycsuda.ro\/ro\/wp-json\/wp\/v2\/types\/product"}],"replies":[{"embeddable":true,"href":"https:\/\/szekelycsuda.ro\/ro\/wp-json\/wp\/v2\/comments?post=12080"}],"wp:featuredmedia":[{"embeddable":true,"href":"https:\/\/szekelycsuda.ro\/ro\/wp-json\/wp\/v2\/media\/11981"}],"wp:attachment":[{"href":"https:\/\/szekelycsuda.ro\/ro\/wp-json\/wp\/v2\/media?parent=12080"}],"wp:term":[{"taxonomy":"product_brand","embeddable":true,"href":"https:\/\/szekelycsuda.ro\/ro\/wp-json\/wp\/v2\/product_brand?post=12080"},{"taxonomy":"product_cat","embeddable":true,"href":"https:\/\/szekelycsuda.ro\/ro\/wp-json\/wp\/v2\/product_cat?post=12080"},{"taxonomy":"product_tag","embeddable":true,"href":"https:\/\/szekelycsuda.ro\/ro\/wp-json\/wp\/v2\/product_tag?post=12080"}],"curies":[{"name":"wp","href":"https:\/\/api.w.org\/{rel}","templated":true}]}}