{"id":12084,"date":"2024-12-27T15:48:45","date_gmt":"2024-12-27T13:48:45","guid":{"rendered":"https:\/\/szekelycsuda.ro\/shop\/tinctura-pentru-silueta\/"},"modified":"2025-04-09T11:29:17","modified_gmt":"2025-04-09T08:29:17","slug":"tinctura-pentru-silueta","status":"publish","type":"product","link":"https:\/\/szekelycsuda.ro\/ro\/uzlet\/bitter-secuiesc\/tinctura-pentru-silueta\/","title":{"rendered":"Tinctura pentru siluet\u0103"},"content":{"rendered":"<p>100% Natural 500ml \/ 32% ALC \/ Din plante medicinale din Transilvania<\/p>\n<p><strong>Tinctura pentru siluet\u0103<\/strong> este un extract hidroalcoolic concentrat format din 20 de ierburi, care contribuie la scaderea in greutate si la mentinerea unei greutati corporale normale prin promovarea arderii grasimilor, urinarii si diareei, care este recomandat in tratamentul slabitului si al obezitatii.<br \/>\n<strong>Acest produs este conceput pentru o cur\u0103 de 14 zile.<\/strong><\/p>\n<p><strong>Ingrediente:<\/strong> flori de p\u0103ducel (Crataegus monogyna) 0,58%, flori de coada \u0219oricelui (Achuillea millefolium) 0,58%, r\u0103d\u0103cina de turmeric (Cuircuma longa) 0,29%, frunze de mesteac\u0103n (Betula pendula) 0,58%, frunze de ment\u0103 (Mentha herba) 0,58%, flori de p\u0103p\u0103die (Taraxanum officinalis) 0,58%, p\u0103r\u021bi aeriene de ceai verde (Camellia sinensis) 1,16%, r\u0103d\u0103cin\u0103 de ghimbir (Zingiber officinale) 1,16%, fructe de m\u0103ces (Rosa Canina) 0,29%, frunze de rozmarin (Salvia rozmarinus) 0,58%, ienup\u0103r (Fructus Juniperi) 0,58%, p\u0103r\u021bi aeriene de roin\u021b\u0103 (Melissa oficinalis) 0,58%, flori de soc (Sambucus nigra) 0,58%, flori de mu\u0219e\u021bel (Matricaria chamomilla) 0,58%, flori de lavand\u0103 (Lavandula angustifolia) 0,58%, urzic\u0103 vie (Urtica dioica) 0,58%, p\u0103r\u021bi aeriene de pelin (Arctemisia absinthium) 1,16%, r\u0103d\u0103cina de brustele (Arctium lappa) 0,29%, flori de hibiscus (Malvaceae) 0,58%, p\u0103r\u021bi aeriene coada calului (Equiseti herba) 0,58%, solu\u0163ie hidroalcoolic\u0103 (alcool etilic\/ap\u0103 \u2013 30\/70 \u00een raport de mas\u0103)-87,4%.<\/p>\n<p><strong>Mod de Administrare:<\/strong> uz intern: adul\u021bi \u0219i tineri peste 15 ani: c\u00e2te dou\u0103 linguri\u021b\u0103 (10 ml) de tinctur\u0103 diluat\u0103 \u00een 50ml ap\u0103 sau ceai, de 3 ori\/zi, pe stomacul gol.<\/p>\n<p>&nbsp;<\/p>\n","protected":false},"excerpt":{"rendered":"<p>100% Natural 500ml \/ 32% ALC \/ Din plante medicinale din Transilvania<\/p>\n<p><strong>Tinctura pentru siluet\u0103<\/strong> este un extract hidroalcoolic concentrat format din 20 de ierburi, care contribuie la scaderea in greutate si la mentinerea unei greutati corporale normale prin promovarea arderii grasimilor, urinarii si diareei, care este recomandat in tratamentul slabitului si al obezitatii.<\/p>\n<p>NU CON\u021aINE ADITIVI SINTETICE(conservan\u021bi \u0219i coloran\u021bi).<\/p>\n","protected":false},"featured_media":11969,"comment_status":"open","ping_status":"closed","template":"","meta":[],"product_brand":[],"product_cat":[130],"product_tag":[],"class_list":{"0":"post-12084","1":"product","2":"type-product","3":"status-publish","4":"has-post-thumbnail","6":"product_cat-bitter-secuiesc","8":"first","9":"instock","10":"taxable","11":"shipping-taxable","12":"purchasable","13":"product-type-simple"},"yoast_head":"<!-- This site is optimized with the Yoast SEO Premium plugin v20.13 (Yoast SEO v20.13) - https:\/\/yoast.com\/wordpress\/plugins\/seo\/ -->\n<title>Tinctura pentru siluet\u0103 - Produse secuiasca miune<\/title>\n<meta name=\"description\" content=\"produse secuiasca minune, Tinctura pentru siluet\u0103, minune, crema minune\" \/>\n<meta name=\"robots\" content=\"index, follow, max-snippet:-1, max-image-preview:large, max-video-preview:-1\" \/>\n<link rel=\"canonical\" href=\"https:\/\/szekelycsuda.ro\/ro\/uzlet\/bitter-secuiesc\/tinctura-pentru-silueta\/\" \/>\n<meta property=\"og:locale\" content=\"ro_RO\" \/>\n<meta property=\"og:type\" content=\"article\" \/>\n<meta property=\"og:title\" content=\"Tinctura pentru siluet\u0103\" \/>\n<meta property=\"og:description\" content=\"produse secuiasca minune, Tinctura pentru siluet\u0103, minune, crema minune\" \/>\n<meta property=\"og:url\" content=\"https:\/\/szekelycsuda.ro\/ro\/uzlet\/bitter-secuiesc\/tinctura-pentru-silueta\/\" \/>\n<meta property=\"og:site_name\" content=\"Sz\u00e9kely Csuda Ken\u0151cs\" \/>\n<meta property=\"article:modified_time\" content=\"2025-04-09T08:29:17+00:00\" \/>\n<meta property=\"og:image\" content=\"https:\/\/szekelycsuda.ro\/wp-content\/uploads\/gyogykeseru-fogyas.jpg\" \/>\n\t<meta property=\"og:image:width\" content=\"1000\" \/>\n\t<meta property=\"og:image:height\" content=\"1000\" \/>\n\t<meta property=\"og:image:type\" content=\"image\/jpeg\" \/>\n<meta name=\"twitter:card\" content=\"summary_large_image\" \/>\n<meta name=\"twitter:label1\" content=\"Timp estimat pentru citire\" \/>\n\t<meta name=\"twitter:data1\" content=\"2 minute\" \/>\n<script type=\"application\/ld+json\" class=\"yoast-schema-graph\">{\"@context\":\"https:\/\/schema.org\",\"@graph\":[{\"@type\":\"WebPage\",\"@id\":\"https:\/\/szekelycsuda.ro\/ro\/uzlet\/bitter-secuiesc\/tinctura-pentru-silueta\/\",\"url\":\"https:\/\/szekelycsuda.ro\/ro\/uzlet\/bitter-secuiesc\/tinctura-pentru-silueta\/\",\"name\":\"Tinctura pentru siluet\u0103 - Produse secuiasca miune\",\"isPartOf\":{\"@id\":\"https:\/\/szekelycsuda.ro\/#website\"},\"datePublished\":\"2024-12-27T13:48:45+00:00\",\"dateModified\":\"2025-04-09T08:29:17+00:00\",\"description\":\"produse secuiasca minune, Tinctura pentru siluet\u0103, minune, crema minune\",\"breadcrumb\":{\"@id\":\"https:\/\/szekelycsuda.ro\/ro\/uzlet\/bitter-secuiesc\/tinctura-pentru-silueta\/#breadcrumb\"},\"inLanguage\":\"ro-RO\",\"potentialAction\":[{\"@type\":\"ReadAction\",\"target\":[\"https:\/\/szekelycsuda.ro\/ro\/uzlet\/bitter-secuiesc\/tinctura-pentru-silueta\/\"]}]},{\"@type\":\"BreadcrumbList\",\"@id\":\"https:\/\/szekelycsuda.ro\/ro\/uzlet\/bitter-secuiesc\/tinctura-pentru-silueta\/#breadcrumb\",\"itemListElement\":[{\"@type\":\"ListItem\",\"position\":1,\"name\":\"Home\",\"item\":\"https:\/\/szekelycsuda.ro\/ro\/\"},{\"@type\":\"ListItem\",\"position\":2,\"name\":\"Term\u00e9kek\",\"item\":\"https:\/\/szekelycsuda.ro\/uzlet\/\"},{\"@type\":\"ListItem\",\"position\":3,\"name\":\"Tinctura pentru siluet\u0103\"}]},{\"@type\":\"WebSite\",\"@id\":\"https:\/\/szekelycsuda.ro\/#website\",\"url\":\"https:\/\/szekelycsuda.ro\/\",\"name\":\"Sz\u00e9kely Csuda Ken\u0151cs\",\"description\":\"\",\"potentialAction\":[{\"@type\":\"SearchAction\",\"target\":{\"@type\":\"EntryPoint\",\"urlTemplate\":\"https:\/\/szekelycsuda.ro\/?s={search_term_string}\"},\"query-input\":\"required name=search_term_string\"}],\"inLanguage\":\"ro-RO\"}]}<\/script>\n<!-- \/ Yoast SEO Premium plugin. -->","yoast_head_json":{"title":"Tinctura pentru siluet\u0103 - Produse secuiasca miune","description":"produse secuiasca minune, Tinctura pentru siluet\u0103, minune, crema minune","robots":{"index":"index","follow":"follow","max-snippet":"max-snippet:-1","max-image-preview":"max-image-preview:large","max-video-preview":"max-video-preview:-1"},"canonical":"https:\/\/szekelycsuda.ro\/ro\/uzlet\/bitter-secuiesc\/tinctura-pentru-silueta\/","og_locale":"ro_RO","og_type":"article","og_title":"Tinctura pentru siluet\u0103","og_description":"produse secuiasca minune, Tinctura pentru siluet\u0103, minune, crema minune","og_url":"https:\/\/szekelycsuda.ro\/ro\/uzlet\/bitter-secuiesc\/tinctura-pentru-silueta\/","og_site_name":"Sz\u00e9kely Csuda Ken\u0151cs","article_modified_time":"2025-04-09T08:29:17+00:00","og_image":[{"width":1000,"height":1000,"url":"https:\/\/szekelycsuda.ro\/wp-content\/uploads\/gyogykeseru-fogyas.jpg","type":"image\/jpeg"}],"twitter_card":"summary_large_image","twitter_misc":{"Timp estimat pentru citire":"2 minute"},"schema":{"@context":"https:\/\/schema.org","@graph":[{"@type":"WebPage","@id":"https:\/\/szekelycsuda.ro\/ro\/uzlet\/bitter-secuiesc\/tinctura-pentru-silueta\/","url":"https:\/\/szekelycsuda.ro\/ro\/uzlet\/bitter-secuiesc\/tinctura-pentru-silueta\/","name":"Tinctura pentru siluet\u0103 - Produse secuiasca miune","isPartOf":{"@id":"https:\/\/szekelycsuda.ro\/#website"},"datePublished":"2024-12-27T13:48:45+00:00","dateModified":"2025-04-09T08:29:17+00:00","description":"produse secuiasca minune, Tinctura pentru siluet\u0103, minune, crema minune","breadcrumb":{"@id":"https:\/\/szekelycsuda.ro\/ro\/uzlet\/bitter-secuiesc\/tinctura-pentru-silueta\/#breadcrumb"},"inLanguage":"ro-RO","potentialAction":[{"@type":"ReadAction","target":["https:\/\/szekelycsuda.ro\/ro\/uzlet\/bitter-secuiesc\/tinctura-pentru-silueta\/"]}]},{"@type":"BreadcrumbList","@id":"https:\/\/szekelycsuda.ro\/ro\/uzlet\/bitter-secuiesc\/tinctura-pentru-silueta\/#breadcrumb","itemListElement":[{"@type":"ListItem","position":1,"name":"Home","item":"https:\/\/szekelycsuda.ro\/ro\/"},{"@type":"ListItem","position":2,"name":"Term\u00e9kek","item":"https:\/\/szekelycsuda.ro\/uzlet\/"},{"@type":"ListItem","position":3,"name":"Tinctura pentru siluet\u0103"}]},{"@type":"WebSite","@id":"https:\/\/szekelycsuda.ro\/#website","url":"https:\/\/szekelycsuda.ro\/","name":"Sz\u00e9kely Csuda Ken\u0151cs","description":"","potentialAction":[{"@type":"SearchAction","target":{"@type":"EntryPoint","urlTemplate":"https:\/\/szekelycsuda.ro\/?s={search_term_string}"},"query-input":"required name=search_term_string"}],"inLanguage":"ro-RO"}]}},"_links":{"self":[{"href":"https:\/\/szekelycsuda.ro\/ro\/wp-json\/wp\/v2\/product\/12084","targetHints":{"allow":["GET"]}}],"collection":[{"href":"https:\/\/szekelycsuda.ro\/ro\/wp-json\/wp\/v2\/product"}],"about":[{"href":"https:\/\/szekelycsuda.ro\/ro\/wp-json\/wp\/v2\/types\/product"}],"replies":[{"embeddable":true,"href":"https:\/\/szekelycsuda.ro\/ro\/wp-json\/wp\/v2\/comments?post=12084"}],"wp:featuredmedia":[{"embeddable":true,"href":"https:\/\/szekelycsuda.ro\/ro\/wp-json\/wp\/v2\/media\/11969"}],"wp:attachment":[{"href":"https:\/\/szekelycsuda.ro\/ro\/wp-json\/wp\/v2\/media?parent=12084"}],"wp:term":[{"taxonomy":"product_brand","embeddable":true,"href":"https:\/\/szekelycsuda.ro\/ro\/wp-json\/wp\/v2\/product_brand?post=12084"},{"taxonomy":"product_cat","embeddable":true,"href":"https:\/\/szekelycsuda.ro\/ro\/wp-json\/wp\/v2\/product_cat?post=12084"},{"taxonomy":"product_tag","embeddable":true,"href":"https:\/\/szekelycsuda.ro\/ro\/wp-json\/wp\/v2\/product_tag?post=12084"}],"curies":[{"name":"wp","href":"https:\/\/api.w.org\/{rel}","templated":true}]}}