{"id":16975,"date":"2026-03-23T10:35:42","date_gmt":"2026-03-23T08:35:42","guid":{"rendered":"https:\/\/szekelycsuda.ro\/uzlet\/fara-categorie\/unguent-cu-grasime-de-urs-unguentul-minune-secuiesc\/"},"modified":"2026-04-03T14:43:47","modified_gmt":"2026-04-03T11:43:47","slug":"unguent-cu-grasime-de-urs-ro","status":"publish","type":"product","link":"https:\/\/szekelycsuda.ro\/ro\/uzlet\/creme\/unguent-cu-grasime-de-urs-ro\/","title":{"rendered":"Unguent cu gr\u0103sime de urs (Unguentul Minune Secuiesc)"},"content":{"rendered":"<p>Unguent cu gr\u0103sime de urs (Unguentul Minune Secuiesc) 100ml<\/p>\n<p>Acest unguent din plante medicinale, preparat \u00een mod tradi\u021bional \u00een \u021ainutul Secuiesc, este realizat din ingrediente naturale, gr\u0103sime de urs \u0219i plante atent selec\u021bionate. Re\u021beta provine din medicina popular\u0103, unde gr\u0103simea de urs este folosit\u0103 de mult timp pentru \u00eengrijirea pielii \u0219i pentru sus\u021binerea extern\u0103 a mu\u0219chilor \u0219i articula\u021biilor. Baza unguentului este gr\u0103simea de urs, care se absoarbe bine \u00een piele \u0219i ajut\u0103 la p\u0103trunderea substan\u021belor active din plantele medicinale. Preparatul este realizat dup\u0103 metoda tradi\u021bional\u0103 secuiasc\u0103, prin care plantele sunt macerate lent \u00een gr\u0103sime, astfel \u00eenc\u00e2t substan\u021bele active valoroase ale plantelor s\u0103 fie extrase \u00een mod natural \u00een unguent.<\/p>\n<p>Ingrediente: gr\u0103sime de urs, t\u0103m\u00e2ie, arnic\u0103, castan s\u0103lbatic, g\u0103lbenele, ienup\u0103r, coada-\u0219oricelului, urzic\u0103, salvie, lavand\u0103, ment\u0103, m\u0103ce\u0219e, cear\u0103 de albine, ulei de ment\u0103, ulei de rozmarin. Ingredientele pe baz\u0103 de ment\u0103 \u0219i plante medicinale pot avea un efect revigorant \u0219i r\u0103coritor asupra pielii. Preparatul este realizat dup\u0103 metoda tradi\u021bional\u0103 secuiasc\u0103, prin care plantele sunt macerate lent \u00een gr\u0103sime, astfel \u00eenc\u00e2t substan\u021bele active valoroase ale plantelor s\u0103 fie extrase \u00een mod natural \u00een unguent.<\/p>\n<p>Datorit\u0103 combina\u021biei de plante medicinale, unguentul poate fi utilizat pentru:<br \/>\n\u2022 dureri musculare \u0219i disconfort articular<br \/>\n\u2022 dureri de tip reumatic<br \/>\n\u2022 \u00eentinderi \u0219i entorse<br \/>\n\u2022 masajul mu\u0219chilor obosi\u021bi<br \/>\n\u2022 frec\u021bii pe piept \u0219i spate \u00een caz de r\u0103ceal\u0103<br \/>\n\u2022 \u00eengrijirea pielii iritate sau uscate<br \/>\n\u2022 \u00een\u021bep\u0103turi de insecte sau mici probleme ale pielii<\/p>\n<p>Pentru uz extern.<br \/>\nSe aplic\u0103 de 1\u20132 ori pe zi un strat sub\u021bire pe zona afectat\u0103, apoi se maseaz\u0103 u\u0219or p\u00e2n\u0103 la absorb\u021bie.<\/p>\n","protected":false},"excerpt":{"rendered":"<p>Unguent cu gr\u0103sime de urs (Unguentul Minune Secuiesc) 100ml<\/p>\n<p>Acest unguent din plante medicinale, preparat \u00een mod tradi\u021bional \u00een \u021ainutul Secuiesc, este realizat din ingrediente naturale, gr\u0103sime de urs \u0219i plante atent selec\u021bionate. Re\u021beta provine din medicina popular\u0103, unde gr\u0103simea de urs este folosit\u0103 de mult timp pentru \u00eengrijirea pielii \u0219i pentru sus\u021binerea extern\u0103 a mu\u0219chilor \u0219i articula\u021biilor. Baza unguentului este gr\u0103simea de urs, care se absoarbe bine \u00een piele \u0219i ajut\u0103 la p\u0103trunderea substan\u021belor active din plantele medicinale. Preparatul este realizat dup\u0103 metoda tradi\u021bional\u0103 secuiasc\u0103, prin care plantele sunt macerate lent \u00een gr\u0103sime, astfel \u00eenc\u00e2t substan\u021bele active valoroase ale plantelor s\u0103 fie extrase \u00een mod natural \u00een unguent.<\/p>\n","protected":false},"featured_media":16878,"comment_status":"open","ping_status":"closed","template":"","meta":[],"product_brand":[],"product_cat":[105],"product_tag":[],"class_list":{"0":"post-16975","1":"product","2":"type-product","3":"status-publish","4":"has-post-thumbnail","6":"product_cat-creme","8":"first","9":"instock","10":"taxable","11":"shipping-taxable","12":"purchasable","13":"product-type-simple"},"yoast_head":"<!-- This site is optimized with the Yoast SEO Premium plugin v20.13 (Yoast SEO v20.13) - https:\/\/yoast.com\/wordpress\/plugins\/seo\/ -->\n<title>Unguent cu gr\u0103sime de urs (Unguentul Minune Secuiesc)<\/title>\n<meta name=\"description\" content=\"secuiasc\u0103, miraculoase, produse, crem\u0103 minunea, gel minune, crem\u0103 secuiasc\u0103 minune, gel secuiasc\u0103 minune, perne de sare miraculoase\" \/>\n<meta name=\"robots\" content=\"index, follow, max-snippet:-1, max-image-preview:large, max-video-preview:-1\" \/>\n<link rel=\"canonical\" href=\"https:\/\/szekelycsuda.ro\/ro\/uzlet\/creme\/unguent-cu-grasime-de-urs\/\" \/>\n<meta property=\"og:locale\" content=\"ro_RO\" \/>\n<meta property=\"og:type\" content=\"article\" \/>\n<meta property=\"og:title\" content=\"Unguent cu gr\u0103sime de urs (Unguentul Minune Secuiesc)\" \/>\n<meta property=\"og:description\" content=\"secuiasc\u0103, miraculoase, produse, crem\u0103 minunea, gel minune, crem\u0103 secuiasc\u0103 minune, gel secuiasc\u0103 minune, perne de sare miraculoase\" \/>\n<meta property=\"og:url\" content=\"https:\/\/szekelycsuda.ro\/ro\/uzlet\/creme\/unguent-cu-grasime-de-urs\/\" \/>\n<meta property=\"og:site_name\" content=\"Sz\u00e9kely Csuda Ken\u0151cs\" \/>\n<meta property=\"article:modified_time\" content=\"2026-04-03T11:43:47+00:00\" \/>\n<meta property=\"og:image\" content=\"https:\/\/szekelycsuda.ro\/wp-content\/uploads\/DSC7226.jpg\" \/>\n\t<meta property=\"og:image:width\" content=\"1100\" \/>\n\t<meta property=\"og:image:height\" content=\"1100\" \/>\n\t<meta property=\"og:image:type\" content=\"image\/jpeg\" \/>\n<meta name=\"twitter:card\" content=\"summary_large_image\" \/>\n<meta name=\"twitter:label1\" content=\"Timp estimat pentru citire\" \/>\n\t<meta name=\"twitter:data1\" content=\"1 minut\" \/>\n<script type=\"application\/ld+json\" class=\"yoast-schema-graph\">{\"@context\":\"https:\/\/schema.org\",\"@graph\":[{\"@type\":\"WebPage\",\"@id\":\"https:\/\/szekelycsuda.ro\/ro\/uzlet\/creme\/unguent-cu-grasime-de-urs\/\",\"url\":\"https:\/\/szekelycsuda.ro\/ro\/uzlet\/creme\/unguent-cu-grasime-de-urs\/\",\"name\":\"Unguent cu gr\u0103sime de urs (Unguentul Minune Secuiesc)\",\"isPartOf\":{\"@id\":\"https:\/\/szekelycsuda.ro\/#website\"},\"datePublished\":\"2026-03-23T08:35:42+00:00\",\"dateModified\":\"2026-04-03T11:43:47+00:00\",\"description\":\"secuiasc\u0103, miraculoase, produse, crem\u0103 minunea, gel minune, crem\u0103 secuiasc\u0103 minune, gel secuiasc\u0103 minune, perne de sare miraculoase\",\"breadcrumb\":{\"@id\":\"https:\/\/szekelycsuda.ro\/ro\/uzlet\/creme\/unguent-cu-grasime-de-urs\/#breadcrumb\"},\"inLanguage\":\"ro-RO\",\"potentialAction\":[{\"@type\":\"ReadAction\",\"target\":[\"https:\/\/szekelycsuda.ro\/ro\/uzlet\/creme\/unguent-cu-grasime-de-urs\/\"]}]},{\"@type\":\"BreadcrumbList\",\"@id\":\"https:\/\/szekelycsuda.ro\/ro\/uzlet\/creme\/unguent-cu-grasime-de-urs\/#breadcrumb\",\"itemListElement\":[{\"@type\":\"ListItem\",\"position\":1,\"name\":\"Home\",\"item\":\"https:\/\/szekelycsuda.ro\/ro\/\"},{\"@type\":\"ListItem\",\"position\":2,\"name\":\"Term\u00e9kek\",\"item\":\"https:\/\/szekelycsuda.ro\/uzlet\/\"},{\"@type\":\"ListItem\",\"position\":3,\"name\":\"Unguent cu gr\u0103sime de urs (Unguentul Minune Secuiesc)\"}]},{\"@type\":\"WebSite\",\"@id\":\"https:\/\/szekelycsuda.ro\/#website\",\"url\":\"https:\/\/szekelycsuda.ro\/\",\"name\":\"Sz\u00e9kely Csuda Ken\u0151cs\",\"description\":\"\",\"potentialAction\":[{\"@type\":\"SearchAction\",\"target\":{\"@type\":\"EntryPoint\",\"urlTemplate\":\"https:\/\/szekelycsuda.ro\/?s={search_term_string}\"},\"query-input\":\"required name=search_term_string\"}],\"inLanguage\":\"ro-RO\"}]}<\/script>\n<!-- \/ Yoast SEO Premium plugin. -->","yoast_head_json":{"title":"Unguent cu gr\u0103sime de urs (Unguentul Minune Secuiesc)","description":"secuiasc\u0103, miraculoase, produse, crem\u0103 minunea, gel minune, crem\u0103 secuiasc\u0103 minune, gel secuiasc\u0103 minune, perne de sare miraculoase","robots":{"index":"index","follow":"follow","max-snippet":"max-snippet:-1","max-image-preview":"max-image-preview:large","max-video-preview":"max-video-preview:-1"},"canonical":"https:\/\/szekelycsuda.ro\/ro\/uzlet\/creme\/unguent-cu-grasime-de-urs\/","og_locale":"ro_RO","og_type":"article","og_title":"Unguent cu gr\u0103sime de urs (Unguentul Minune Secuiesc)","og_description":"secuiasc\u0103, miraculoase, produse, crem\u0103 minunea, gel minune, crem\u0103 secuiasc\u0103 minune, gel secuiasc\u0103 minune, perne de sare miraculoase","og_url":"https:\/\/szekelycsuda.ro\/ro\/uzlet\/creme\/unguent-cu-grasime-de-urs\/","og_site_name":"Sz\u00e9kely Csuda Ken\u0151cs","article_modified_time":"2026-04-03T11:43:47+00:00","og_image":[{"width":1100,"height":1100,"url":"https:\/\/szekelycsuda.ro\/wp-content\/uploads\/DSC7226.jpg","type":"image\/jpeg"}],"twitter_card":"summary_large_image","twitter_misc":{"Timp estimat pentru citire":"1 minut"},"schema":{"@context":"https:\/\/schema.org","@graph":[{"@type":"WebPage","@id":"https:\/\/szekelycsuda.ro\/ro\/uzlet\/creme\/unguent-cu-grasime-de-urs\/","url":"https:\/\/szekelycsuda.ro\/ro\/uzlet\/creme\/unguent-cu-grasime-de-urs\/","name":"Unguent cu gr\u0103sime de urs (Unguentul Minune Secuiesc)","isPartOf":{"@id":"https:\/\/szekelycsuda.ro\/#website"},"datePublished":"2026-03-23T08:35:42+00:00","dateModified":"2026-04-03T11:43:47+00:00","description":"secuiasc\u0103, miraculoase, produse, crem\u0103 minunea, gel minune, crem\u0103 secuiasc\u0103 minune, gel secuiasc\u0103 minune, perne de sare miraculoase","breadcrumb":{"@id":"https:\/\/szekelycsuda.ro\/ro\/uzlet\/creme\/unguent-cu-grasime-de-urs\/#breadcrumb"},"inLanguage":"ro-RO","potentialAction":[{"@type":"ReadAction","target":["https:\/\/szekelycsuda.ro\/ro\/uzlet\/creme\/unguent-cu-grasime-de-urs\/"]}]},{"@type":"BreadcrumbList","@id":"https:\/\/szekelycsuda.ro\/ro\/uzlet\/creme\/unguent-cu-grasime-de-urs\/#breadcrumb","itemListElement":[{"@type":"ListItem","position":1,"name":"Home","item":"https:\/\/szekelycsuda.ro\/ro\/"},{"@type":"ListItem","position":2,"name":"Term\u00e9kek","item":"https:\/\/szekelycsuda.ro\/uzlet\/"},{"@type":"ListItem","position":3,"name":"Unguent cu gr\u0103sime de urs (Unguentul Minune Secuiesc)"}]},{"@type":"WebSite","@id":"https:\/\/szekelycsuda.ro\/#website","url":"https:\/\/szekelycsuda.ro\/","name":"Sz\u00e9kely Csuda Ken\u0151cs","description":"","potentialAction":[{"@type":"SearchAction","target":{"@type":"EntryPoint","urlTemplate":"https:\/\/szekelycsuda.ro\/?s={search_term_string}"},"query-input":"required name=search_term_string"}],"inLanguage":"ro-RO"}]}},"_links":{"self":[{"href":"https:\/\/szekelycsuda.ro\/ro\/wp-json\/wp\/v2\/product\/16975","targetHints":{"allow":["GET"]}}],"collection":[{"href":"https:\/\/szekelycsuda.ro\/ro\/wp-json\/wp\/v2\/product"}],"about":[{"href":"https:\/\/szekelycsuda.ro\/ro\/wp-json\/wp\/v2\/types\/product"}],"replies":[{"embeddable":true,"href":"https:\/\/szekelycsuda.ro\/ro\/wp-json\/wp\/v2\/comments?post=16975"}],"wp:featuredmedia":[{"embeddable":true,"href":"https:\/\/szekelycsuda.ro\/ro\/wp-json\/wp\/v2\/media\/16878"}],"wp:attachment":[{"href":"https:\/\/szekelycsuda.ro\/ro\/wp-json\/wp\/v2\/media?parent=16975"}],"wp:term":[{"taxonomy":"product_brand","embeddable":true,"href":"https:\/\/szekelycsuda.ro\/ro\/wp-json\/wp\/v2\/product_brand?post=16975"},{"taxonomy":"product_cat","embeddable":true,"href":"https:\/\/szekelycsuda.ro\/ro\/wp-json\/wp\/v2\/product_cat?post=16975"},{"taxonomy":"product_tag","embeddable":true,"href":"https:\/\/szekelycsuda.ro\/ro\/wp-json\/wp\/v2\/product_tag?post=16975"}],"curies":[{"name":"wp","href":"https:\/\/api.w.org\/{rel}","templated":true}]}}