{"id":16981,"date":"2026-03-23T13:43:29","date_gmt":"2026-03-23T11:43:29","guid":{"rendered":"https:\/\/szekelycsuda.ro\/uzlet\/fara-categorie\/bitter-detoxifiant\/"},"modified":"2026-03-23T13:43:29","modified_gmt":"2026-03-23T11:43:29","slug":"nitter-detoxifiant","status":"publish","type":"product","link":"https:\/\/szekelycsuda.ro\/ro\/uzlet\/bitter-secuiesc\/nitter-detoxifiant\/","title":{"rendered":"Bitter detoxifiant"},"content":{"rendered":"<p>Bitter detoxifiant 500 ml<\/p>\n<p>Acest extract alcoolic din plante medicinale, atent formulat, con\u021bine o combina\u021bie armonioas\u0103 de plante bine cunoscute, care pot contribui la sus\u021binerea proceselor naturale de detoxifiere ale organismului, precum \u0219i la sprijinirea func\u021bion\u0103rii ficatului \u0219i a sistemului digestiv. Preparatul este un bitter medicinal realizat \u00een mod tradi\u021bional dup\u0103 metoda secuiasc\u0103, ob\u021binut prin extrac\u021bie hidroalcoolic\u0103, care permite extragerea substan\u021belor active valoroase din plante.<\/p>\n<p>Desciere: Acest bitter medicinal special con\u021bine extractele a 23 de plante medicinale atent selec\u021bionate.<br \/>\nCombina\u021bia tradi\u021bional\u0103 de plante este destinat\u0103 sus\u021binerii proceselor naturale de cur\u0103\u021bare ale organismului, sprijinirii func\u021biei ficatului \u0219i stimul\u0103rii digestiei. Preparatul reune\u0219te plante bine cunoscute precum armurariu, r\u0103d\u0103cin\u0103 de p\u0103p\u0103die, urzic\u0103, frunze de nuc \u0219i frunze de mesteac\u0103n, utilizate de mult timp \u00een practica tradi\u021bional\u0103 pentru sus\u021binerea proceselor naturale de detoxifiere ale organismului. Acest bitter este preparat \u00een mod tradi\u021bional dup\u0103 metoda secuiasc\u0103, prin care substan\u021bele active valoroase ale plantelor sunt extrase \u00een mod natural.<\/p>\n<p>Ingrediente: Solu\u021bie hidroalcoolic\u0103 (alcool etilic\/ap\u0103 \u00een raport de mas\u0103 30\/70), r\u0103d\u0103cin\u0103 de angelic\u0103 (Angelica archangelica), nalb\u0103 mare (Malva sylvestris), armurariu (Silybum marianum), ment\u0103 (Mentha piperita), coada-calului (Equisetum arvense), r\u0103d\u0103cin\u0103 de p\u0103p\u0103die (Taraxacum officinale), lemn-dulce (Glycyrrhiza glabra), roini\u021b\u0103 (Melissa officinalis), coada-\u0219oricelului (Achillea millefolium), urzic\u0103 (Urtica dioica), ghimbir (Zingiber officinale), frunze de nuc (Juglans regia), cimbru (Thymus vulgaris), hibiscus (Hibiscus sabdariffa), tei (Tilia cordata), frunze de mesteac\u0103n (Betula pendula), fenicul (Foeniculum vulgare), fructe de ienup\u0103r (Juniperus communis), c\u0103tin\u0103 (Hippophae rhamnoides), m\u0103ce\u0219e (Rosa canina), soc (Sambucus nigra), m\u0103ghiran (Origanum majorana), ceai verde (Camellia sinensis).<\/p>\n","protected":false},"excerpt":{"rendered":"<p>Bitter detoxifiant 500 ml<\/p>\n<p>Acest extract alcoolic din plante medicinale, atent formulat, con\u021bine o combina\u021bie armonioas\u0103 de plante bine cunoscute, care pot contribui la sus\u021binerea proceselor naturale de detoxifiere ale organismului, precum \u0219i la sprijinirea func\u021bion\u0103rii ficatului \u0219i a sistemului digestiv. Preparatul este un bitter medicinal realizat \u00een mod tradi\u021bional dup\u0103 metoda secuiasc\u0103, ob\u021binut prin extrac\u021bie hidroalcoolic\u0103, care permite extragerea substan\u021belor active valoroase din plante.<\/p>\n","protected":false},"featured_media":16874,"comment_status":"open","ping_status":"closed","template":"","meta":[],"product_brand":[],"product_cat":[130,129],"product_tag":[],"class_list":{"0":"post-16981","1":"product","2":"type-product","3":"status-publish","4":"has-post-thumbnail","6":"product_cat-bitter-secuiesc","7":"product_cat-gyogyrkeseru","9":"first","10":"instock","11":"taxable","12":"shipping-taxable","13":"purchasable","14":"product-type-simple"},"yoast_head":"<!-- This site is optimized with the Yoast SEO Premium plugin v20.13 (Yoast SEO v20.13) - https:\/\/yoast.com\/wordpress\/plugins\/seo\/ -->\n<title>Bitter detoxifiant - Produse miraculoase secuiasca<\/title>\n<meta name=\"description\" content=\"produse secuiasca minune, tinctura pentru articula\u021bii, minune, crema minune\" \/>\n<meta name=\"robots\" content=\"index, follow, max-snippet:-1, max-image-preview:large, max-video-preview:-1\" \/>\n<link rel=\"canonical\" href=\"https:\/\/szekelycsuda.ro\/ro\/uzlet\/bitter-secuiesc\/bitter-detoxifiant\/\" \/>\n<meta property=\"og:locale\" content=\"ro_RO\" \/>\n<meta property=\"og:type\" content=\"article\" \/>\n<meta property=\"og:title\" content=\"Bitter detoxifiant\" \/>\n<meta property=\"og:description\" content=\"produse secuiasca minune, tinctura pentru articula\u021bii, minune, crema minune\" \/>\n<meta property=\"og:url\" content=\"https:\/\/szekelycsuda.ro\/ro\/uzlet\/bitter-secuiesc\/bitter-detoxifiant\/\" \/>\n<meta property=\"og:site_name\" content=\"Sz\u00e9kely Csuda Ken\u0151cs\" \/>\n<meta property=\"og:image\" content=\"https:\/\/szekelycsuda.ro\/wp-content\/uploads\/DSC7217.jpg\" \/>\n\t<meta property=\"og:image:width\" content=\"1100\" \/>\n\t<meta property=\"og:image:height\" content=\"1100\" \/>\n\t<meta property=\"og:image:type\" content=\"image\/jpeg\" \/>\n<meta name=\"twitter:card\" content=\"summary_large_image\" \/>\n<meta name=\"twitter:label1\" content=\"Timp estimat pentru citire\" \/>\n\t<meta name=\"twitter:data1\" content=\"1 minut\" \/>\n<script type=\"application\/ld+json\" class=\"yoast-schema-graph\">{\"@context\":\"https:\/\/schema.org\",\"@graph\":[{\"@type\":\"WebPage\",\"@id\":\"https:\/\/szekelycsuda.ro\/ro\/uzlet\/bitter-secuiesc\/bitter-detoxifiant\/\",\"url\":\"https:\/\/szekelycsuda.ro\/ro\/uzlet\/bitter-secuiesc\/bitter-detoxifiant\/\",\"name\":\"Bitter detoxifiant - Produse miraculoase secuiasca\",\"isPartOf\":{\"@id\":\"https:\/\/szekelycsuda.ro\/#website\"},\"datePublished\":\"2026-03-23T11:43:29+00:00\",\"dateModified\":\"2026-03-23T11:43:29+00:00\",\"description\":\"produse secuiasca minune, tinctura pentru articula\u021bii, minune, crema minune\",\"breadcrumb\":{\"@id\":\"https:\/\/szekelycsuda.ro\/ro\/uzlet\/bitter-secuiesc\/bitter-detoxifiant\/#breadcrumb\"},\"inLanguage\":\"ro-RO\",\"potentialAction\":[{\"@type\":\"ReadAction\",\"target\":[\"https:\/\/szekelycsuda.ro\/ro\/uzlet\/bitter-secuiesc\/bitter-detoxifiant\/\"]}]},{\"@type\":\"BreadcrumbList\",\"@id\":\"https:\/\/szekelycsuda.ro\/ro\/uzlet\/bitter-secuiesc\/bitter-detoxifiant\/#breadcrumb\",\"itemListElement\":[{\"@type\":\"ListItem\",\"position\":1,\"name\":\"Home\",\"item\":\"https:\/\/szekelycsuda.ro\/ro\/\"},{\"@type\":\"ListItem\",\"position\":2,\"name\":\"Term\u00e9kek\",\"item\":\"https:\/\/szekelycsuda.ro\/uzlet\/\"},{\"@type\":\"ListItem\",\"position\":3,\"name\":\"Bitter detoxifiant\"}]},{\"@type\":\"WebSite\",\"@id\":\"https:\/\/szekelycsuda.ro\/#website\",\"url\":\"https:\/\/szekelycsuda.ro\/\",\"name\":\"Sz\u00e9kely Csuda Ken\u0151cs\",\"description\":\"\",\"potentialAction\":[{\"@type\":\"SearchAction\",\"target\":{\"@type\":\"EntryPoint\",\"urlTemplate\":\"https:\/\/szekelycsuda.ro\/?s={search_term_string}\"},\"query-input\":\"required name=search_term_string\"}],\"inLanguage\":\"ro-RO\"}]}<\/script>\n<!-- \/ Yoast SEO Premium plugin. -->","yoast_head_json":{"title":"Bitter detoxifiant - Produse miraculoase secuiasca","description":"produse secuiasca minune, tinctura pentru articula\u021bii, minune, crema minune","robots":{"index":"index","follow":"follow","max-snippet":"max-snippet:-1","max-image-preview":"max-image-preview:large","max-video-preview":"max-video-preview:-1"},"canonical":"https:\/\/szekelycsuda.ro\/ro\/uzlet\/bitter-secuiesc\/bitter-detoxifiant\/","og_locale":"ro_RO","og_type":"article","og_title":"Bitter detoxifiant","og_description":"produse secuiasca minune, tinctura pentru articula\u021bii, minune, crema minune","og_url":"https:\/\/szekelycsuda.ro\/ro\/uzlet\/bitter-secuiesc\/bitter-detoxifiant\/","og_site_name":"Sz\u00e9kely Csuda Ken\u0151cs","og_image":[{"width":1100,"height":1100,"url":"https:\/\/szekelycsuda.ro\/wp-content\/uploads\/DSC7217.jpg","type":"image\/jpeg"}],"twitter_card":"summary_large_image","twitter_misc":{"Timp estimat pentru citire":"1 minut"},"schema":{"@context":"https:\/\/schema.org","@graph":[{"@type":"WebPage","@id":"https:\/\/szekelycsuda.ro\/ro\/uzlet\/bitter-secuiesc\/bitter-detoxifiant\/","url":"https:\/\/szekelycsuda.ro\/ro\/uzlet\/bitter-secuiesc\/bitter-detoxifiant\/","name":"Bitter detoxifiant - Produse miraculoase secuiasca","isPartOf":{"@id":"https:\/\/szekelycsuda.ro\/#website"},"datePublished":"2026-03-23T11:43:29+00:00","dateModified":"2026-03-23T11:43:29+00:00","description":"produse secuiasca minune, tinctura pentru articula\u021bii, minune, crema minune","breadcrumb":{"@id":"https:\/\/szekelycsuda.ro\/ro\/uzlet\/bitter-secuiesc\/bitter-detoxifiant\/#breadcrumb"},"inLanguage":"ro-RO","potentialAction":[{"@type":"ReadAction","target":["https:\/\/szekelycsuda.ro\/ro\/uzlet\/bitter-secuiesc\/bitter-detoxifiant\/"]}]},{"@type":"BreadcrumbList","@id":"https:\/\/szekelycsuda.ro\/ro\/uzlet\/bitter-secuiesc\/bitter-detoxifiant\/#breadcrumb","itemListElement":[{"@type":"ListItem","position":1,"name":"Home","item":"https:\/\/szekelycsuda.ro\/ro\/"},{"@type":"ListItem","position":2,"name":"Term\u00e9kek","item":"https:\/\/szekelycsuda.ro\/uzlet\/"},{"@type":"ListItem","position":3,"name":"Bitter detoxifiant"}]},{"@type":"WebSite","@id":"https:\/\/szekelycsuda.ro\/#website","url":"https:\/\/szekelycsuda.ro\/","name":"Sz\u00e9kely Csuda Ken\u0151cs","description":"","potentialAction":[{"@type":"SearchAction","target":{"@type":"EntryPoint","urlTemplate":"https:\/\/szekelycsuda.ro\/?s={search_term_string}"},"query-input":"required name=search_term_string"}],"inLanguage":"ro-RO"}]}},"_links":{"self":[{"href":"https:\/\/szekelycsuda.ro\/ro\/wp-json\/wp\/v2\/product\/16981","targetHints":{"allow":["GET"]}}],"collection":[{"href":"https:\/\/szekelycsuda.ro\/ro\/wp-json\/wp\/v2\/product"}],"about":[{"href":"https:\/\/szekelycsuda.ro\/ro\/wp-json\/wp\/v2\/types\/product"}],"replies":[{"embeddable":true,"href":"https:\/\/szekelycsuda.ro\/ro\/wp-json\/wp\/v2\/comments?post=16981"}],"wp:featuredmedia":[{"embeddable":true,"href":"https:\/\/szekelycsuda.ro\/ro\/wp-json\/wp\/v2\/media\/16874"}],"wp:attachment":[{"href":"https:\/\/szekelycsuda.ro\/ro\/wp-json\/wp\/v2\/media?parent=16981"}],"wp:term":[{"taxonomy":"product_brand","embeddable":true,"href":"https:\/\/szekelycsuda.ro\/ro\/wp-json\/wp\/v2\/product_brand?post=16981"},{"taxonomy":"product_cat","embeddable":true,"href":"https:\/\/szekelycsuda.ro\/ro\/wp-json\/wp\/v2\/product_cat?post=16981"},{"taxonomy":"product_tag","embeddable":true,"href":"https:\/\/szekelycsuda.ro\/ro\/wp-json\/wp\/v2\/product_tag?post=16981"}],"curies":[{"name":"wp","href":"https:\/\/api.w.org\/{rel}","templated":true}]}}