{"id":16982,"date":"2026-03-23T13:45:23","date_gmt":"2026-03-23T11:45:23","guid":{"rendered":"https:\/\/szekelycsuda.ro\/uzlet\/fara-categorie\/bitter-pentru-vitalitatea-masculina\/"},"modified":"2026-03-23T13:45:23","modified_gmt":"2026-03-23T11:45:23","slug":"bitter-pentru-vitalitatea-masculina","status":"publish","type":"product","link":"https:\/\/szekelycsuda.ro\/ro\/uzlet\/bitter-secuiesc\/bitter-pentru-vitalitatea-masculina\/","title":{"rendered":"Bitter pentru vitalitatea masculin\u0103"},"content":{"rendered":"<p>Bitter pentru vitalitatea masculin\u0103 500 ml<\/p>\n<p>Acest extract alcoolic din plante medicinale, atent formulat, con\u021bine o combina\u021bie armonioas\u0103 de plante tradi\u021bional cunoscute, care pot contribui la sus\u021binerea vitalit\u0103\u021bii organismului masculin, a nivelului de energie \u0219i a unei poten\u021be s\u0103n\u0103toase, precum \u0219i la men\u021binerea unei st\u0103ri generale bune de bine. Preparatul este un bitter medicinal realizat \u00een mod tradi\u021bional dup\u0103 metoda secuiasc\u0103, ob\u021binut prin extrac\u021bie hidroalcoolic\u0103, prin care sunt extrase substan\u021bele active valoroase ale plantelor medicinale. Combina\u021bia plantelor atent selec\u021bionate poate contribui la men\u021binerea echilibrului natural al organismului \u0219i la sus\u021binerea vitalit\u0103\u021bii fizice \u0219i mentale.<\/p>\n<p>Descriere: Acest bitter medicinal special con\u021bine extractele a 18 plante medicinale atent selec\u021bionate. Preparatul reune\u0219te plante bine cunoscute precum tribulus, r\u0103d\u0103cin\u0103 de maca, ginkgo biloba, rhodiola \u0219i ashwagandha, utilizate de mult timp \u00een practica tradi\u021bional\u0103 pentru sus\u021binerea vitalit\u0103\u021bii masculine, a poten\u021bei s\u0103n\u0103toase \u0219i a nivelului de energie. Acest bitter este preparat \u00een mod tradi\u021bional dup\u0103 metoda secuiasc\u0103, prin care substan\u021bele active valoroase ale plantelor sunt extrase \u00een mod natural.<\/p>\n<p>Ingrediente: Solu\u021bie hidroalcoolic\u0103 (alcool etilic\/ap\u0103 \u00een raport de mas\u0103 30\/70), tribulus (Tribulus terrestris), r\u0103d\u0103cin\u0103 de maca (Lepidium meyenii), ginkgo biloba (Ginkgo biloba), r\u0103d\u0103cin\u0103 de rhodiola (Rhodiola rosea), ashwagandha (Withania somnifera), semin\u021be de armurariu (Silybum marianum semen), ghimbir (Zingiber officinale), piper cayenne (Capsicum annuum), scor\u021bi\u0219oar\u0103 (Cinnamomum verum), roini\u021b\u0103 (Melissa officinalis), hamei (Humulus lupulus), p\u0103ducel (Crataegus monogyna), m\u0103ce\u0219e (Rosa canina), c\u0103tin\u0103 (Hippophae rhamnoides), fructe de ienup\u0103r (Juniperus communis), pufuli\u021b\u0103 cu flori mici (Epilobium parviflorum), coada-\u0219oricelului (Achillea millefolium), ceai verde (Camellia sinensis).<\/p>\n<p>Mod de administrare<br \/>\nAcest produs este conceput pentru o cur\u0103 de 14 zile.<\/p>\n<p>Recomandare de utilizare:<br \/>\nAdministrare intern\u0103, peste 18 ani, de 3 \u00d7 10 ml pe zi (2 linguri\u021be) cu 30 de minute \u00eenainte de mas\u0103, diluat \u00een 100 ml ap\u0103 sau ceai.<\/p>\n","protected":false},"excerpt":{"rendered":"<p>Bitter pentru vitalitatea masculin\u0103 500 ml<\/p>\n<p>Acest extract alcoolic din plante medicinale, atent formulat, con\u021bine o combina\u021bie armonioas\u0103 de plante tradi\u021bional cunoscute, care pot contribui la sus\u021binerea vitalit\u0103\u021bii organismului masculin, a nivelului de energie \u0219i a unei poten\u021be s\u0103n\u0103toase, precum \u0219i la men\u021binerea unei st\u0103ri generale bune de bine. Preparatul este un bitter medicinal realizat \u00een mod tradi\u021bional dup\u0103 metoda secuiasc\u0103, ob\u021binut prin extrac\u021bie hidroalcoolic\u0103, prin care sunt extrase substan\u021bele active valoroase ale plantelor medicinale. Combina\u021bia plantelor atent selec\u021bionate poate contribui la men\u021binerea echilibrului natural al organismului \u0219i la sus\u021binerea vitalit\u0103\u021bii fizice \u0219i mentale.<\/p>\n","protected":false},"featured_media":16876,"comment_status":"open","ping_status":"closed","template":"","meta":[],"product_brand":[],"product_cat":[130,129],"product_tag":[],"class_list":{"0":"post-16982","1":"product","2":"type-product","3":"status-publish","4":"has-post-thumbnail","6":"product_cat-bitter-secuiesc","7":"product_cat-gyogyrkeseru","9":"first","10":"instock","11":"taxable","12":"shipping-taxable","13":"purchasable","14":"product-type-simple"},"yoast_head":"<!-- This site is optimized with the Yoast SEO Premium plugin v20.13 (Yoast SEO v20.13) - https:\/\/yoast.com\/wordpress\/plugins\/seo\/ -->\n<title>Bitter pentru vitalitatea masculin\u0103 - Produse secuiasca<\/title>\n<meta name=\"description\" content=\"produse secuiasca minune, tinctura pentru articula\u021bii, minune, crema minune\" \/>\n<meta name=\"robots\" content=\"index, follow, max-snippet:-1, max-image-preview:large, max-video-preview:-1\" \/>\n<link rel=\"canonical\" href=\"https:\/\/szekelycsuda.ro\/ro\/uzlet\/bitter-secuiesc\/bitter-pentru-vitalitatea-masculina\/\" \/>\n<meta property=\"og:locale\" content=\"ro_RO\" \/>\n<meta property=\"og:type\" content=\"article\" \/>\n<meta property=\"og:title\" content=\"Bitter pentru vitalitatea masculin\u0103\" \/>\n<meta property=\"og:description\" content=\"produse secuiasca minune, tinctura pentru articula\u021bii, minune, crema minune\" \/>\n<meta property=\"og:url\" content=\"https:\/\/szekelycsuda.ro\/ro\/uzlet\/bitter-secuiesc\/bitter-pentru-vitalitatea-masculina\/\" \/>\n<meta property=\"og:site_name\" content=\"Sz\u00e9kely Csuda Ken\u0151cs\" \/>\n<meta property=\"og:image\" content=\"https:\/\/szekelycsuda.ro\/wp-content\/uploads\/DSC7218.jpg\" \/>\n\t<meta property=\"og:image:width\" content=\"1100\" \/>\n\t<meta property=\"og:image:height\" content=\"1100\" \/>\n\t<meta property=\"og:image:type\" content=\"image\/jpeg\" \/>\n<meta name=\"twitter:card\" content=\"summary_large_image\" \/>\n<meta name=\"twitter:label1\" content=\"Timp estimat pentru citire\" \/>\n\t<meta name=\"twitter:data1\" content=\"2 minute\" \/>\n<script type=\"application\/ld+json\" class=\"yoast-schema-graph\">{\"@context\":\"https:\/\/schema.org\",\"@graph\":[{\"@type\":\"WebPage\",\"@id\":\"https:\/\/szekelycsuda.ro\/ro\/uzlet\/bitter-secuiesc\/bitter-pentru-vitalitatea-masculina\/\",\"url\":\"https:\/\/szekelycsuda.ro\/ro\/uzlet\/bitter-secuiesc\/bitter-pentru-vitalitatea-masculina\/\",\"name\":\"Bitter pentru vitalitatea masculin\u0103 - Produse secuiasca\",\"isPartOf\":{\"@id\":\"https:\/\/szekelycsuda.ro\/#website\"},\"datePublished\":\"2026-03-23T11:45:23+00:00\",\"dateModified\":\"2026-03-23T11:45:23+00:00\",\"description\":\"produse secuiasca minune, tinctura pentru articula\u021bii, minune, crema minune\",\"breadcrumb\":{\"@id\":\"https:\/\/szekelycsuda.ro\/ro\/uzlet\/bitter-secuiesc\/bitter-pentru-vitalitatea-masculina\/#breadcrumb\"},\"inLanguage\":\"ro-RO\",\"potentialAction\":[{\"@type\":\"ReadAction\",\"target\":[\"https:\/\/szekelycsuda.ro\/ro\/uzlet\/bitter-secuiesc\/bitter-pentru-vitalitatea-masculina\/\"]}]},{\"@type\":\"BreadcrumbList\",\"@id\":\"https:\/\/szekelycsuda.ro\/ro\/uzlet\/bitter-secuiesc\/bitter-pentru-vitalitatea-masculina\/#breadcrumb\",\"itemListElement\":[{\"@type\":\"ListItem\",\"position\":1,\"name\":\"Home\",\"item\":\"https:\/\/szekelycsuda.ro\/ro\/\"},{\"@type\":\"ListItem\",\"position\":2,\"name\":\"Term\u00e9kek\",\"item\":\"https:\/\/szekelycsuda.ro\/uzlet\/\"},{\"@type\":\"ListItem\",\"position\":3,\"name\":\"Bitter pentru vitalitatea masculin\u0103\"}]},{\"@type\":\"WebSite\",\"@id\":\"https:\/\/szekelycsuda.ro\/#website\",\"url\":\"https:\/\/szekelycsuda.ro\/\",\"name\":\"Sz\u00e9kely Csuda Ken\u0151cs\",\"description\":\"\",\"potentialAction\":[{\"@type\":\"SearchAction\",\"target\":{\"@type\":\"EntryPoint\",\"urlTemplate\":\"https:\/\/szekelycsuda.ro\/?s={search_term_string}\"},\"query-input\":\"required name=search_term_string\"}],\"inLanguage\":\"ro-RO\"}]}<\/script>\n<!-- \/ Yoast SEO Premium plugin. -->","yoast_head_json":{"title":"Bitter pentru vitalitatea masculin\u0103 - Produse secuiasca","description":"produse secuiasca minune, tinctura pentru articula\u021bii, minune, crema minune","robots":{"index":"index","follow":"follow","max-snippet":"max-snippet:-1","max-image-preview":"max-image-preview:large","max-video-preview":"max-video-preview:-1"},"canonical":"https:\/\/szekelycsuda.ro\/ro\/uzlet\/bitter-secuiesc\/bitter-pentru-vitalitatea-masculina\/","og_locale":"ro_RO","og_type":"article","og_title":"Bitter pentru vitalitatea masculin\u0103","og_description":"produse secuiasca minune, tinctura pentru articula\u021bii, minune, crema minune","og_url":"https:\/\/szekelycsuda.ro\/ro\/uzlet\/bitter-secuiesc\/bitter-pentru-vitalitatea-masculina\/","og_site_name":"Sz\u00e9kely Csuda Ken\u0151cs","og_image":[{"width":1100,"height":1100,"url":"https:\/\/szekelycsuda.ro\/wp-content\/uploads\/DSC7218.jpg","type":"image\/jpeg"}],"twitter_card":"summary_large_image","twitter_misc":{"Timp estimat pentru citire":"2 minute"},"schema":{"@context":"https:\/\/schema.org","@graph":[{"@type":"WebPage","@id":"https:\/\/szekelycsuda.ro\/ro\/uzlet\/bitter-secuiesc\/bitter-pentru-vitalitatea-masculina\/","url":"https:\/\/szekelycsuda.ro\/ro\/uzlet\/bitter-secuiesc\/bitter-pentru-vitalitatea-masculina\/","name":"Bitter pentru vitalitatea masculin\u0103 - Produse secuiasca","isPartOf":{"@id":"https:\/\/szekelycsuda.ro\/#website"},"datePublished":"2026-03-23T11:45:23+00:00","dateModified":"2026-03-23T11:45:23+00:00","description":"produse secuiasca minune, tinctura pentru articula\u021bii, minune, crema minune","breadcrumb":{"@id":"https:\/\/szekelycsuda.ro\/ro\/uzlet\/bitter-secuiesc\/bitter-pentru-vitalitatea-masculina\/#breadcrumb"},"inLanguage":"ro-RO","potentialAction":[{"@type":"ReadAction","target":["https:\/\/szekelycsuda.ro\/ro\/uzlet\/bitter-secuiesc\/bitter-pentru-vitalitatea-masculina\/"]}]},{"@type":"BreadcrumbList","@id":"https:\/\/szekelycsuda.ro\/ro\/uzlet\/bitter-secuiesc\/bitter-pentru-vitalitatea-masculina\/#breadcrumb","itemListElement":[{"@type":"ListItem","position":1,"name":"Home","item":"https:\/\/szekelycsuda.ro\/ro\/"},{"@type":"ListItem","position":2,"name":"Term\u00e9kek","item":"https:\/\/szekelycsuda.ro\/uzlet\/"},{"@type":"ListItem","position":3,"name":"Bitter pentru vitalitatea masculin\u0103"}]},{"@type":"WebSite","@id":"https:\/\/szekelycsuda.ro\/#website","url":"https:\/\/szekelycsuda.ro\/","name":"Sz\u00e9kely Csuda Ken\u0151cs","description":"","potentialAction":[{"@type":"SearchAction","target":{"@type":"EntryPoint","urlTemplate":"https:\/\/szekelycsuda.ro\/?s={search_term_string}"},"query-input":"required name=search_term_string"}],"inLanguage":"ro-RO"}]}},"_links":{"self":[{"href":"https:\/\/szekelycsuda.ro\/ro\/wp-json\/wp\/v2\/product\/16982","targetHints":{"allow":["GET"]}}],"collection":[{"href":"https:\/\/szekelycsuda.ro\/ro\/wp-json\/wp\/v2\/product"}],"about":[{"href":"https:\/\/szekelycsuda.ro\/ro\/wp-json\/wp\/v2\/types\/product"}],"replies":[{"embeddable":true,"href":"https:\/\/szekelycsuda.ro\/ro\/wp-json\/wp\/v2\/comments?post=16982"}],"wp:featuredmedia":[{"embeddable":true,"href":"https:\/\/szekelycsuda.ro\/ro\/wp-json\/wp\/v2\/media\/16876"}],"wp:attachment":[{"href":"https:\/\/szekelycsuda.ro\/ro\/wp-json\/wp\/v2\/media?parent=16982"}],"wp:term":[{"taxonomy":"product_brand","embeddable":true,"href":"https:\/\/szekelycsuda.ro\/ro\/wp-json\/wp\/v2\/product_brand?post=16982"},{"taxonomy":"product_cat","embeddable":true,"href":"https:\/\/szekelycsuda.ro\/ro\/wp-json\/wp\/v2\/product_cat?post=16982"},{"taxonomy":"product_tag","embeddable":true,"href":"https:\/\/szekelycsuda.ro\/ro\/wp-json\/wp\/v2\/product_tag?post=16982"}],"curies":[{"name":"wp","href":"https:\/\/api.w.org\/{rel}","templated":true}]}}