{"id":16984,"date":"2026-03-23T13:49:21","date_gmt":"2026-03-23T11:49:21","guid":{"rendered":"https:\/\/szekelycsuda.ro\/uzlet\/fara-categorie\/bitter-secuiesc-minune-pentru-un-ficat-sanatos-fara-alcool\/"},"modified":"2026-03-23T13:49:21","modified_gmt":"2026-03-23T11:49:21","slug":"bitter-secuiesc-minune-pentru-un-ficat-sanatos","status":"publish","type":"product","link":"https:\/\/szekelycsuda.ro\/ro\/uzlet\/bitter-secuiesc-fara-alcool\/bitter-secuiesc-minune-pentru-un-ficat-sanatos\/","title":{"rendered":"Bitter Secuiesc Minune pentru un ficat s\u0103n\u0103tos \u2013 f\u0103r\u0103 alcool"},"content":{"rendered":"<p>Bitter Secuiesc Minune pentru un ficat s\u0103n\u0103tos \u2013 f\u0103r\u0103 alcool 500 ml<\/p>\n<p>Acest bitter secuiesc f\u0103r\u0103 alcool este un extract concentrat ob\u021binut din plante medicinale atent selec\u021bionate, bazat pe experien\u021ba tradi\u021bional\u0103 a fitoterapiei. Preparatul con\u021bine o combina\u021bie armonioas\u0103 de 30 de plante medicinale, care pot contribui la sus\u021binerea func\u021bion\u0103rii s\u0103n\u0103toase a ficatului, la stimularea digestiei \u0219i la men\u021binerea echilibrului natural al organismului. Plantele amare sunt utilizate de mult timp \u00een medicina popular\u0103 pentru sus\u021binerea func\u021biei ficatului \u0219i a bilei, pentru stimularea digestiei \u0219i pentru sprijinirea proceselor naturale de cur\u0103\u021bare ale organismului. Datorit\u0103 formulei f\u0103r\u0103 alcool, produsul poate fi consumat \u0219i de persoanele care evit\u0103 alcoolul.<\/p>\n<p>Descriere: Bitterul Secuiesc Minune pentru un ficat s\u0103n\u0103tos este un extract f\u0103r\u0103 alcool ob\u021binut din 30 de plante medicinale, preparat dup\u0103 o re\u021bet\u0103 tradi\u021bional\u0103. Produsul con\u021bine plante bine cunoscute precum armurariu, anghinare, p\u0103p\u0103die, coada-\u0219oricelului, sun\u0103toare, urzic\u0103 \u0219i mu\u0219e\u021bel, care, conform tradi\u021biei fitoterapeutice, pot contribui la sus\u021binerea s\u0103n\u0103t\u0103\u021bii ficatului, a func\u021bion\u0103rii sistemului digestiv \u0219i a proceselor naturale de detoxifiere ale organismului. Produsul este realizat din plante cultivate \u00een Transilvania, pe baza cuno\u0219tin\u021belor tradi\u021bionale secuie\u0219ti despre plantele medicinale.<\/p>\n<p>Ingrediente: glicerin\u0103 vegetal\u0103, ap\u0103 distilat\u0103, armurariu, anghinare, p\u0103p\u0103die, coada-\u0219oricelului, sun\u0103toare, urzic\u0103, mu\u0219e\u021bel, roini\u021b\u0103, fenicul, cimbru, ghimbir, m\u0103ce\u0219e, c\u0103tin\u0103, fructe de ienup\u0103r, tei, soc, salvie, ment\u0103, g\u0103lbenele, p\u0103ducel.<\/p>\n<p>Preparatul poate contribui la:<br \/>\n\u2022 sus\u021binerea func\u021bion\u0103rii ficatului<br \/>\n\u2022 sprijinirea proceselor naturale de cur\u0103\u021bare ale ficatului<br \/>\n\u2022 sus\u021binerea func\u021bion\u0103rii bilei<br \/>\n\u2022 stimularea digestiei<br \/>\n\u2022 reducerea senza\u021biei de balonare \u0219i plenitudine<br \/>\n\u2022 sus\u021binerea proceselor naturale de detoxifiere ale organismului<br \/>\n\u2022 men\u021binerea echilibrului sistemului digestiv<\/p>\n<p>Recomandare de utilizare:<br \/>\nAdministrare intern\u0103, pentru adul\u021bi \u0219i persoane peste 15 ani, 3 \u00d7 10 ml pe zi (2 linguri\u021be) cu 30 de minute \u00eenainte de mas\u0103, diluat \u00een 50 ml ap\u0103 sau ceai.<\/p>\n","protected":false},"excerpt":{"rendered":"<p>Bitter Secuiesc Minune pentru un ficat s\u0103n\u0103tos \u2013 f\u0103r\u0103 alcool 500 ml<\/p>\n<p>Acest bitter secuiesc f\u0103r\u0103 alcool este un extract concentrat ob\u021binut din plante medicinale atent selec\u021bionate, bazat pe experien\u021ba tradi\u021bional\u0103 a fitoterapiei. Preparatul con\u021bine o combina\u021bie armonioas\u0103 de 30 de plante medicinale, care pot contribui la sus\u021binerea func\u021bion\u0103rii s\u0103n\u0103toase a ficatului, la stimularea digestiei \u0219i la men\u021binerea echilibrului natural al organismului.<\/p>\n","protected":false},"featured_media":16866,"comment_status":"open","ping_status":"closed","template":"","meta":[],"product_brand":[],"product_cat":[191],"product_tag":[],"class_list":{"0":"post-16984","1":"product","2":"type-product","3":"status-publish","4":"has-post-thumbnail","6":"product_cat-bitter-secuiesc-fara-alcool","8":"first","9":"instock","10":"taxable","11":"shipping-taxable","12":"purchasable","13":"product-type-simple"},"yoast_head":"<!-- This site is optimized with the Yoast SEO Premium plugin v20.13 (Yoast SEO v20.13) - https:\/\/yoast.com\/wordpress\/plugins\/seo\/ -->\n<title>Bitter Secuiesc Minune pentru un ficat s\u0103n\u0103tos \u2013 f\u0103r\u0103 alcool<\/title>\n<meta name=\"description\" content=\"produse secuiasca minune, tinctura pentru articula\u021bii, minune, crema minune\" \/>\n<meta name=\"robots\" content=\"index, follow, max-snippet:-1, max-image-preview:large, max-video-preview:-1\" \/>\n<link rel=\"canonical\" href=\"https:\/\/szekelycsuda.ro\/ro\/uzlet\/bitter-secuiesc-fara-alcool\/bitter-secuiesc-minune-pentru-un-ficat-sanatos-fara-alcool\/\" \/>\n<meta property=\"og:locale\" content=\"ro_RO\" \/>\n<meta property=\"og:type\" content=\"article\" \/>\n<meta property=\"og:title\" content=\"Bitter Secuiesc Minune pentru un ficat s\u0103n\u0103tos \u2013 f\u0103r\u0103 alcool\" \/>\n<meta property=\"og:description\" content=\"produse secuiasca minune, tinctura pentru articula\u021bii, minune, crema minune\" \/>\n<meta property=\"og:url\" content=\"https:\/\/szekelycsuda.ro\/ro\/uzlet\/bitter-secuiesc-fara-alcool\/bitter-secuiesc-minune-pentru-un-ficat-sanatos-fara-alcool\/\" \/>\n<meta property=\"og:site_name\" content=\"Sz\u00e9kely Csuda Ken\u0151cs\" \/>\n<meta property=\"og:image\" content=\"https:\/\/szekelycsuda.ro\/wp-content\/uploads\/DSC7207.jpg\" \/>\n\t<meta property=\"og:image:width\" content=\"1100\" \/>\n\t<meta property=\"og:image:height\" content=\"1100\" \/>\n\t<meta property=\"og:image:type\" content=\"image\/jpeg\" \/>\n<meta name=\"twitter:card\" content=\"summary_large_image\" \/>\n<meta name=\"twitter:label1\" content=\"Timp estimat pentru citire\" \/>\n\t<meta name=\"twitter:data1\" content=\"2 minute\" \/>\n<script type=\"application\/ld+json\" class=\"yoast-schema-graph\">{\"@context\":\"https:\/\/schema.org\",\"@graph\":[{\"@type\":\"WebPage\",\"@id\":\"https:\/\/szekelycsuda.ro\/ro\/uzlet\/bitter-secuiesc-fara-alcool\/bitter-secuiesc-minune-pentru-un-ficat-sanatos-fara-alcool\/\",\"url\":\"https:\/\/szekelycsuda.ro\/ro\/uzlet\/bitter-secuiesc-fara-alcool\/bitter-secuiesc-minune-pentru-un-ficat-sanatos-fara-alcool\/\",\"name\":\"Bitter Secuiesc Minune pentru un ficat s\u0103n\u0103tos \u2013 f\u0103r\u0103 alcool\",\"isPartOf\":{\"@id\":\"https:\/\/szekelycsuda.ro\/#website\"},\"datePublished\":\"2026-03-23T11:49:21+00:00\",\"dateModified\":\"2026-03-23T11:49:21+00:00\",\"description\":\"produse secuiasca minune, tinctura pentru articula\u021bii, minune, crema minune\",\"breadcrumb\":{\"@id\":\"https:\/\/szekelycsuda.ro\/ro\/uzlet\/bitter-secuiesc-fara-alcool\/bitter-secuiesc-minune-pentru-un-ficat-sanatos-fara-alcool\/#breadcrumb\"},\"inLanguage\":\"ro-RO\",\"potentialAction\":[{\"@type\":\"ReadAction\",\"target\":[\"https:\/\/szekelycsuda.ro\/ro\/uzlet\/bitter-secuiesc-fara-alcool\/bitter-secuiesc-minune-pentru-un-ficat-sanatos-fara-alcool\/\"]}]},{\"@type\":\"BreadcrumbList\",\"@id\":\"https:\/\/szekelycsuda.ro\/ro\/uzlet\/bitter-secuiesc-fara-alcool\/bitter-secuiesc-minune-pentru-un-ficat-sanatos-fara-alcool\/#breadcrumb\",\"itemListElement\":[{\"@type\":\"ListItem\",\"position\":1,\"name\":\"Home\",\"item\":\"https:\/\/szekelycsuda.ro\/ro\/\"},{\"@type\":\"ListItem\",\"position\":2,\"name\":\"Term\u00e9kek\",\"item\":\"https:\/\/szekelycsuda.ro\/uzlet\/\"},{\"@type\":\"ListItem\",\"position\":3,\"name\":\"Bitter Secuiesc Minune pentru un ficat s\u0103n\u0103tos \u2013 f\u0103r\u0103 alcool\"}]},{\"@type\":\"WebSite\",\"@id\":\"https:\/\/szekelycsuda.ro\/#website\",\"url\":\"https:\/\/szekelycsuda.ro\/\",\"name\":\"Sz\u00e9kely Csuda Ken\u0151cs\",\"description\":\"\",\"potentialAction\":[{\"@type\":\"SearchAction\",\"target\":{\"@type\":\"EntryPoint\",\"urlTemplate\":\"https:\/\/szekelycsuda.ro\/?s={search_term_string}\"},\"query-input\":\"required name=search_term_string\"}],\"inLanguage\":\"ro-RO\"}]}<\/script>\n<!-- \/ Yoast SEO Premium plugin. -->","yoast_head_json":{"title":"Bitter Secuiesc Minune pentru un ficat s\u0103n\u0103tos \u2013 f\u0103r\u0103 alcool","description":"produse secuiasca minune, tinctura pentru articula\u021bii, minune, crema minune","robots":{"index":"index","follow":"follow","max-snippet":"max-snippet:-1","max-image-preview":"max-image-preview:large","max-video-preview":"max-video-preview:-1"},"canonical":"https:\/\/szekelycsuda.ro\/ro\/uzlet\/bitter-secuiesc-fara-alcool\/bitter-secuiesc-minune-pentru-un-ficat-sanatos-fara-alcool\/","og_locale":"ro_RO","og_type":"article","og_title":"Bitter Secuiesc Minune pentru un ficat s\u0103n\u0103tos \u2013 f\u0103r\u0103 alcool","og_description":"produse secuiasca minune, tinctura pentru articula\u021bii, minune, crema minune","og_url":"https:\/\/szekelycsuda.ro\/ro\/uzlet\/bitter-secuiesc-fara-alcool\/bitter-secuiesc-minune-pentru-un-ficat-sanatos-fara-alcool\/","og_site_name":"Sz\u00e9kely Csuda Ken\u0151cs","og_image":[{"width":1100,"height":1100,"url":"https:\/\/szekelycsuda.ro\/wp-content\/uploads\/DSC7207.jpg","type":"image\/jpeg"}],"twitter_card":"summary_large_image","twitter_misc":{"Timp estimat pentru citire":"2 minute"},"schema":{"@context":"https:\/\/schema.org","@graph":[{"@type":"WebPage","@id":"https:\/\/szekelycsuda.ro\/ro\/uzlet\/bitter-secuiesc-fara-alcool\/bitter-secuiesc-minune-pentru-un-ficat-sanatos-fara-alcool\/","url":"https:\/\/szekelycsuda.ro\/ro\/uzlet\/bitter-secuiesc-fara-alcool\/bitter-secuiesc-minune-pentru-un-ficat-sanatos-fara-alcool\/","name":"Bitter Secuiesc Minune pentru un ficat s\u0103n\u0103tos \u2013 f\u0103r\u0103 alcool","isPartOf":{"@id":"https:\/\/szekelycsuda.ro\/#website"},"datePublished":"2026-03-23T11:49:21+00:00","dateModified":"2026-03-23T11:49:21+00:00","description":"produse secuiasca minune, tinctura pentru articula\u021bii, minune, crema minune","breadcrumb":{"@id":"https:\/\/szekelycsuda.ro\/ro\/uzlet\/bitter-secuiesc-fara-alcool\/bitter-secuiesc-minune-pentru-un-ficat-sanatos-fara-alcool\/#breadcrumb"},"inLanguage":"ro-RO","potentialAction":[{"@type":"ReadAction","target":["https:\/\/szekelycsuda.ro\/ro\/uzlet\/bitter-secuiesc-fara-alcool\/bitter-secuiesc-minune-pentru-un-ficat-sanatos-fara-alcool\/"]}]},{"@type":"BreadcrumbList","@id":"https:\/\/szekelycsuda.ro\/ro\/uzlet\/bitter-secuiesc-fara-alcool\/bitter-secuiesc-minune-pentru-un-ficat-sanatos-fara-alcool\/#breadcrumb","itemListElement":[{"@type":"ListItem","position":1,"name":"Home","item":"https:\/\/szekelycsuda.ro\/ro\/"},{"@type":"ListItem","position":2,"name":"Term\u00e9kek","item":"https:\/\/szekelycsuda.ro\/uzlet\/"},{"@type":"ListItem","position":3,"name":"Bitter Secuiesc Minune pentru un ficat s\u0103n\u0103tos \u2013 f\u0103r\u0103 alcool"}]},{"@type":"WebSite","@id":"https:\/\/szekelycsuda.ro\/#website","url":"https:\/\/szekelycsuda.ro\/","name":"Sz\u00e9kely Csuda Ken\u0151cs","description":"","potentialAction":[{"@type":"SearchAction","target":{"@type":"EntryPoint","urlTemplate":"https:\/\/szekelycsuda.ro\/?s={search_term_string}"},"query-input":"required name=search_term_string"}],"inLanguage":"ro-RO"}]}},"_links":{"self":[{"href":"https:\/\/szekelycsuda.ro\/ro\/wp-json\/wp\/v2\/product\/16984","targetHints":{"allow":["GET"]}}],"collection":[{"href":"https:\/\/szekelycsuda.ro\/ro\/wp-json\/wp\/v2\/product"}],"about":[{"href":"https:\/\/szekelycsuda.ro\/ro\/wp-json\/wp\/v2\/types\/product"}],"replies":[{"embeddable":true,"href":"https:\/\/szekelycsuda.ro\/ro\/wp-json\/wp\/v2\/comments?post=16984"}],"wp:featuredmedia":[{"embeddable":true,"href":"https:\/\/szekelycsuda.ro\/ro\/wp-json\/wp\/v2\/media\/16866"}],"wp:attachment":[{"href":"https:\/\/szekelycsuda.ro\/ro\/wp-json\/wp\/v2\/media?parent=16984"}],"wp:term":[{"taxonomy":"product_brand","embeddable":true,"href":"https:\/\/szekelycsuda.ro\/ro\/wp-json\/wp\/v2\/product_brand?post=16984"},{"taxonomy":"product_cat","embeddable":true,"href":"https:\/\/szekelycsuda.ro\/ro\/wp-json\/wp\/v2\/product_cat?post=16984"},{"taxonomy":"product_tag","embeddable":true,"href":"https:\/\/szekelycsuda.ro\/ro\/wp-json\/wp\/v2\/product_tag?post=16984"}],"curies":[{"name":"wp","href":"https:\/\/api.w.org\/{rel}","templated":true}]}}