{"id":16988,"date":"2026-03-23T17:38:17","date_gmt":"2026-03-23T15:38:17","guid":{"rendered":"https:\/\/szekelycsuda.ro\/uzlet\/fara-categorie\/bitter-pentru-o-prostata-sanatoasa-fara-alcool\/"},"modified":"2026-03-23T17:38:17","modified_gmt":"2026-03-23T15:38:17","slug":"bitter-pentru-o-prostata-sanatoasa","status":"publish","type":"product","link":"https:\/\/szekelycsuda.ro\/ro\/uzlet\/bitter-secuiesc-fara-alcool\/bitter-pentru-o-prostata-sanatoasa\/","title":{"rendered":"Bitter pentru o prostat\u0103 s\u0103n\u0103toas\u0103 \u2013 f\u0103r\u0103 alcool"},"content":{"rendered":"<p>Bitter pentru o prostat\u0103 s\u0103n\u0103toas\u0103 \u2013 f\u0103r\u0103 alcool 500 ml<\/p>\n<p>Acest bitter secuiesc f\u0103r\u0103 alcool este un extract concentrat ob\u021binut din plante medicinale atent selec\u021bionate, bazat pe experien\u021ba tradi\u021bional\u0103 a fitoterapiei. Preparatul con\u021bine o combina\u021bie armonioas\u0103 de 23 de plante medicinale, care pot contribui la sus\u021binerea s\u0103n\u0103t\u0103\u021bii prostatei \u0219i la men\u021binerea echilibrului natural al organismului masculin. Plantele medicinale sunt utilizate de mult timp \u00een medicina popular\u0103 pentru sus\u021binerea s\u0103n\u0103t\u0103\u021bii prostatei \u0219i a tractului urinar, precum \u0219i pentru men\u021binerea unei st\u0103ri generale bune de s\u0103n\u0103tate. Datorit\u0103 formulei f\u0103r\u0103 alcool, produsul poate fi consumat \u0219i de persoanele care evit\u0103 alcoolul.<\/p>\n<p>Descriere: Bitterul Secuiesc Minune pentru o prostat\u0103 s\u0103n\u0103toas\u0103 este un extract f\u0103r\u0103 alcool ob\u021binut din 23 de plante medicinale atent selec\u021bionate, preparat dup\u0103 o re\u021bet\u0103 tradi\u021bional\u0103. Produsul con\u021bine plante bine cunoscute precum pufuli\u021b\u0103 cu flori mici, coada-\u0219oricelului, salvie, meri\u0219or, urzic\u0103 \u0219i mu\u0219e\u021bel, care, conform tradi\u021biei fitoterapeutice, pot contribui la sus\u021binerea s\u0103n\u0103t\u0103\u021bii prostatei \u0219i a tractului urinar. Produsul este realizat din plante cultivate \u00een Transilvania, pe baza cuno\u0219tin\u021belor tradi\u021bionale secuie\u0219ti despre plantele medicinale.<\/p>\n<p>Ingrediente: glicerin\u0103 vegetal\u0103, ap\u0103 distilat\u0103, pufuli\u021b\u0103 cu flori mici (Epilobium parviflorum), flori de coada-\u0219oricelului (Achillea millefolium), frunze de salvie (Salvia officinalis), fierea-p\u0103m\u00e2ntului (Centaurium erythraea), fructe de meri\u0219or (Vaccinium vitis-idaea), r\u0103d\u0103cin\u0103 de turmeric (Curcuma longa), frunze de mesteac\u0103n (Betula pendula), r\u0103d\u0103cin\u0103 de ghimbir (Zingiber officinale), m\u0103ce\u0219e (Rosa canina), c\u0103tin\u0103 (Hippophae rhamnoides), fructe de ienup\u0103r (Juniperus communis), roini\u021b\u0103 (Melissa officinalis), ment\u0103 (Mentha piperita), frunze de afin (Vaccinium myrtillus), flori de mu\u0219e\u021bel (Matricaria chamomilla), flori de lavand\u0103 (Lavandula angustifolia).<\/p>\n<p>Preparatul poate contribui la:<br \/>\n\u2022 sus\u021binerea s\u0103n\u0103t\u0103\u021bii prostatei<br \/>\n\u2022 sus\u021binerea func\u021bion\u0103rii tractului urinar<br \/>\n\u2022 men\u021binerea echilibrului natural al organismului masculin<br \/>\n\u2022 sus\u021binerea func\u021bion\u0103rii naturale a organismului<br \/>\n\u2022 men\u021binerea unei st\u0103ri generale bune de s\u0103n\u0103tate<\/p>\n<p>Recomandare de utilizare:<br \/>\nAdministrare intern\u0103, pentru adul\u021bi \u0219i persoane peste 15 ani, 3 \u00d7 10 ml pe zi (2 linguri\u021be) cu 30 de minute \u00eenainte de mas\u0103, diluat \u00een 50 ml ap\u0103 sau ceai.<\/p>\n","protected":false},"excerpt":{"rendered":"<p>Bitter pentru o prostat\u0103 s\u0103n\u0103toas\u0103 \u2013 f\u0103r\u0103 alcool 500 ml<\/p>\n<p>Acest bitter secuiesc f\u0103r\u0103 alcool este un extract concentrat ob\u021binut din plante medicinale atent selec\u021bionate, bazat pe experien\u021ba tradi\u021bional\u0103 a fitoterapiei. Preparatul con\u021bine o combina\u021bie armonioas\u0103 de 23 de plante medicinale, care pot contribui la sus\u021binerea s\u0103n\u0103t\u0103\u021bii prostatei \u0219i la men\u021binerea echilibrului natural al organismului masculin.<\/p>\n","protected":false},"featured_media":16856,"comment_status":"open","ping_status":"closed","template":"","meta":[],"product_brand":[],"product_cat":[191],"product_tag":[],"class_list":{"0":"post-16988","1":"product","2":"type-product","3":"status-publish","4":"has-post-thumbnail","6":"product_cat-bitter-secuiesc-fara-alcool","8":"first","9":"instock","10":"taxable","11":"shipping-taxable","12":"purchasable","13":"product-type-simple"},"yoast_head":"<!-- This site is optimized with the Yoast SEO Premium plugin v20.13 (Yoast SEO v20.13) - https:\/\/yoast.com\/wordpress\/plugins\/seo\/ -->\n<title>Bitter pentru o prostat\u0103 s\u0103n\u0103toas\u0103 \u2013 f\u0103r\u0103 alcool<\/title>\n<meta name=\"description\" content=\"produse secuiasca minune, tinctura pentru articula\u021bii, minune, crema minune\" \/>\n<meta name=\"robots\" content=\"index, follow, max-snippet:-1, max-image-preview:large, max-video-preview:-1\" \/>\n<link rel=\"canonical\" href=\"https:\/\/szekelycsuda.ro\/ro\/uzlet\/bitter-secuiesc-fara-alcool\/bitter-pentru-o-prostata-sanatoasa-fara-alcool\/\" \/>\n<meta property=\"og:locale\" content=\"ro_RO\" \/>\n<meta property=\"og:type\" content=\"article\" \/>\n<meta property=\"og:title\" content=\"Bitter pentru o prostat\u0103 s\u0103n\u0103toas\u0103 \u2013 f\u0103r\u0103 alcool\" \/>\n<meta property=\"og:description\" content=\"produse secuiasca minune, tinctura pentru articula\u021bii, minune, crema minune\" \/>\n<meta property=\"og:url\" content=\"https:\/\/szekelycsuda.ro\/ro\/uzlet\/bitter-secuiesc-fara-alcool\/bitter-pentru-o-prostata-sanatoasa-fara-alcool\/\" \/>\n<meta property=\"og:site_name\" content=\"Sz\u00e9kely Csuda Ken\u0151cs\" \/>\n<meta property=\"og:image\" content=\"https:\/\/szekelycsuda.ro\/wp-content\/uploads\/DSC7202.jpg\" \/>\n\t<meta property=\"og:image:width\" content=\"1100\" \/>\n\t<meta property=\"og:image:height\" content=\"1100\" \/>\n\t<meta property=\"og:image:type\" content=\"image\/jpeg\" \/>\n<meta name=\"twitter:card\" content=\"summary_large_image\" \/>\n<meta name=\"twitter:label1\" content=\"Timp estimat pentru citire\" \/>\n\t<meta name=\"twitter:data1\" content=\"2 minute\" \/>\n<script type=\"application\/ld+json\" class=\"yoast-schema-graph\">{\"@context\":\"https:\/\/schema.org\",\"@graph\":[{\"@type\":\"WebPage\",\"@id\":\"https:\/\/szekelycsuda.ro\/ro\/uzlet\/bitter-secuiesc-fara-alcool\/bitter-pentru-o-prostata-sanatoasa-fara-alcool\/\",\"url\":\"https:\/\/szekelycsuda.ro\/ro\/uzlet\/bitter-secuiesc-fara-alcool\/bitter-pentru-o-prostata-sanatoasa-fara-alcool\/\",\"name\":\"Bitter pentru o prostat\u0103 s\u0103n\u0103toas\u0103 \u2013 f\u0103r\u0103 alcool\",\"isPartOf\":{\"@id\":\"https:\/\/szekelycsuda.ro\/#website\"},\"datePublished\":\"2026-03-23T15:38:17+00:00\",\"dateModified\":\"2026-03-23T15:38:17+00:00\",\"description\":\"produse secuiasca minune, tinctura pentru articula\u021bii, minune, crema minune\",\"breadcrumb\":{\"@id\":\"https:\/\/szekelycsuda.ro\/ro\/uzlet\/bitter-secuiesc-fara-alcool\/bitter-pentru-o-prostata-sanatoasa-fara-alcool\/#breadcrumb\"},\"inLanguage\":\"ro-RO\",\"potentialAction\":[{\"@type\":\"ReadAction\",\"target\":[\"https:\/\/szekelycsuda.ro\/ro\/uzlet\/bitter-secuiesc-fara-alcool\/bitter-pentru-o-prostata-sanatoasa-fara-alcool\/\"]}]},{\"@type\":\"BreadcrumbList\",\"@id\":\"https:\/\/szekelycsuda.ro\/ro\/uzlet\/bitter-secuiesc-fara-alcool\/bitter-pentru-o-prostata-sanatoasa-fara-alcool\/#breadcrumb\",\"itemListElement\":[{\"@type\":\"ListItem\",\"position\":1,\"name\":\"Home\",\"item\":\"https:\/\/szekelycsuda.ro\/ro\/\"},{\"@type\":\"ListItem\",\"position\":2,\"name\":\"Term\u00e9kek\",\"item\":\"https:\/\/szekelycsuda.ro\/uzlet\/\"},{\"@type\":\"ListItem\",\"position\":3,\"name\":\"Bitter pentru o prostat\u0103 s\u0103n\u0103toas\u0103 \u2013 f\u0103r\u0103 alcool\"}]},{\"@type\":\"WebSite\",\"@id\":\"https:\/\/szekelycsuda.ro\/#website\",\"url\":\"https:\/\/szekelycsuda.ro\/\",\"name\":\"Sz\u00e9kely Csuda Ken\u0151cs\",\"description\":\"\",\"potentialAction\":[{\"@type\":\"SearchAction\",\"target\":{\"@type\":\"EntryPoint\",\"urlTemplate\":\"https:\/\/szekelycsuda.ro\/?s={search_term_string}\"},\"query-input\":\"required name=search_term_string\"}],\"inLanguage\":\"ro-RO\"}]}<\/script>\n<!-- \/ Yoast SEO Premium plugin. -->","yoast_head_json":{"title":"Bitter pentru o prostat\u0103 s\u0103n\u0103toas\u0103 \u2013 f\u0103r\u0103 alcool","description":"produse secuiasca minune, tinctura pentru articula\u021bii, minune, crema minune","robots":{"index":"index","follow":"follow","max-snippet":"max-snippet:-1","max-image-preview":"max-image-preview:large","max-video-preview":"max-video-preview:-1"},"canonical":"https:\/\/szekelycsuda.ro\/ro\/uzlet\/bitter-secuiesc-fara-alcool\/bitter-pentru-o-prostata-sanatoasa-fara-alcool\/","og_locale":"ro_RO","og_type":"article","og_title":"Bitter pentru o prostat\u0103 s\u0103n\u0103toas\u0103 \u2013 f\u0103r\u0103 alcool","og_description":"produse secuiasca minune, tinctura pentru articula\u021bii, minune, crema minune","og_url":"https:\/\/szekelycsuda.ro\/ro\/uzlet\/bitter-secuiesc-fara-alcool\/bitter-pentru-o-prostata-sanatoasa-fara-alcool\/","og_site_name":"Sz\u00e9kely Csuda Ken\u0151cs","og_image":[{"width":1100,"height":1100,"url":"https:\/\/szekelycsuda.ro\/wp-content\/uploads\/DSC7202.jpg","type":"image\/jpeg"}],"twitter_card":"summary_large_image","twitter_misc":{"Timp estimat pentru citire":"2 minute"},"schema":{"@context":"https:\/\/schema.org","@graph":[{"@type":"WebPage","@id":"https:\/\/szekelycsuda.ro\/ro\/uzlet\/bitter-secuiesc-fara-alcool\/bitter-pentru-o-prostata-sanatoasa-fara-alcool\/","url":"https:\/\/szekelycsuda.ro\/ro\/uzlet\/bitter-secuiesc-fara-alcool\/bitter-pentru-o-prostata-sanatoasa-fara-alcool\/","name":"Bitter pentru o prostat\u0103 s\u0103n\u0103toas\u0103 \u2013 f\u0103r\u0103 alcool","isPartOf":{"@id":"https:\/\/szekelycsuda.ro\/#website"},"datePublished":"2026-03-23T15:38:17+00:00","dateModified":"2026-03-23T15:38:17+00:00","description":"produse secuiasca minune, tinctura pentru articula\u021bii, minune, crema minune","breadcrumb":{"@id":"https:\/\/szekelycsuda.ro\/ro\/uzlet\/bitter-secuiesc-fara-alcool\/bitter-pentru-o-prostata-sanatoasa-fara-alcool\/#breadcrumb"},"inLanguage":"ro-RO","potentialAction":[{"@type":"ReadAction","target":["https:\/\/szekelycsuda.ro\/ro\/uzlet\/bitter-secuiesc-fara-alcool\/bitter-pentru-o-prostata-sanatoasa-fara-alcool\/"]}]},{"@type":"BreadcrumbList","@id":"https:\/\/szekelycsuda.ro\/ro\/uzlet\/bitter-secuiesc-fara-alcool\/bitter-pentru-o-prostata-sanatoasa-fara-alcool\/#breadcrumb","itemListElement":[{"@type":"ListItem","position":1,"name":"Home","item":"https:\/\/szekelycsuda.ro\/ro\/"},{"@type":"ListItem","position":2,"name":"Term\u00e9kek","item":"https:\/\/szekelycsuda.ro\/uzlet\/"},{"@type":"ListItem","position":3,"name":"Bitter pentru o prostat\u0103 s\u0103n\u0103toas\u0103 \u2013 f\u0103r\u0103 alcool"}]},{"@type":"WebSite","@id":"https:\/\/szekelycsuda.ro\/#website","url":"https:\/\/szekelycsuda.ro\/","name":"Sz\u00e9kely Csuda Ken\u0151cs","description":"","potentialAction":[{"@type":"SearchAction","target":{"@type":"EntryPoint","urlTemplate":"https:\/\/szekelycsuda.ro\/?s={search_term_string}"},"query-input":"required name=search_term_string"}],"inLanguage":"ro-RO"}]}},"_links":{"self":[{"href":"https:\/\/szekelycsuda.ro\/ro\/wp-json\/wp\/v2\/product\/16988","targetHints":{"allow":["GET"]}}],"collection":[{"href":"https:\/\/szekelycsuda.ro\/ro\/wp-json\/wp\/v2\/product"}],"about":[{"href":"https:\/\/szekelycsuda.ro\/ro\/wp-json\/wp\/v2\/types\/product"}],"replies":[{"embeddable":true,"href":"https:\/\/szekelycsuda.ro\/ro\/wp-json\/wp\/v2\/comments?post=16988"}],"wp:featuredmedia":[{"embeddable":true,"href":"https:\/\/szekelycsuda.ro\/ro\/wp-json\/wp\/v2\/media\/16856"}],"wp:attachment":[{"href":"https:\/\/szekelycsuda.ro\/ro\/wp-json\/wp\/v2\/media?parent=16988"}],"wp:term":[{"taxonomy":"product_brand","embeddable":true,"href":"https:\/\/szekelycsuda.ro\/ro\/wp-json\/wp\/v2\/product_brand?post=16988"},{"taxonomy":"product_cat","embeddable":true,"href":"https:\/\/szekelycsuda.ro\/ro\/wp-json\/wp\/v2\/product_cat?post=16988"},{"taxonomy":"product_tag","embeddable":true,"href":"https:\/\/szekelycsuda.ro\/ro\/wp-json\/wp\/v2\/product_tag?post=16988"}],"curies":[{"name":"wp","href":"https:\/\/api.w.org\/{rel}","templated":true}]}}