{"id":9182,"date":"2023-08-22T13:51:14","date_gmt":"2023-08-22T10:51:14","guid":{"rendered":"https:\/\/szekelycsuda.ro\/uzlet\/fara-categorie\/crema-analgezic-minune\/"},"modified":"2026-04-03T14:41:36","modified_gmt":"2026-04-03T11:41:36","slug":"crema-analgezic","status":"publish","type":"product","link":"https:\/\/szekelycsuda.ro\/ro\/uzlet\/creme\/crema-analgezic\/","title":{"rendered":"Crem\u0103 analgezic minune"},"content":{"rendered":"<p>Crem\u0103 cu efect analgezic are ca scop asigurarea unui efect concentrat de r\u0103cire la locul durerii \u0219i reducerea disconfortului.<\/p>\n<p>Putem recomanda unguentul \u00een principal pentru ameliorarea durerilor articulare, a v\u00e2n\u0103t\u0103ilor \u0219i a varicelor. Datorit\u0103 con\u021binutului s\u0103u ridicat de plante medicinale, acest unguent analgezic poate deveni cu u\u0219urin\u021b\u0103 parte a unei practici casnice bazate pe produse naturiste. Efectul r\u0103coritor al unguentului ac\u021bioneaz\u0103 rapid, este u\u0219or de aplicat pe piele \u0219i se absoarbe rapid.<\/p>\n<p>&nbsp;<\/p>\n<p>Pe l\u00e2ng\u0103 faptul c\u0103 ofer\u0103 o u\u0219urare profund\u0103 odat\u0103 ce este absorbit, poate avea un efect pozitiv \u0219i asupra straturilor superioare ale \u021besutului cutanat, deoarece Crem\u0103 cu efect analgezic este bogat \u00een antioxidan\u021bi, vitamine \u0219i minerale. Scoar\u021ba de salcie din unguent poate ajuta la reducerea inflama\u021biilor, ghimbirul la \u00eent\u0103rirea sistemului imunitar \u0219i poate fi de folos \u0219i \u00een ameliorarea durerilor artritice \u0219i reumatice. Gr\u0103simea animal\u0103 este folosit\u0103 pentru a hr\u0103ni straturile superficiale ale pielii. Pentru a ob\u021bine un efect antiinflamator ridicat, printre ingredientele cremei cu efect analgezic a fost inclus \u0219i mu\u0219e\u021belul. Datorit\u0103 con\u021binutului s\u0103u ridicat de plante medicinale, acest unguent analgezic poate deveni cu u\u0219urin\u021b\u0103 parte a unei practici casnice bazate pe produse naturiste. Aplica\u021bi un strat sub\u021bire pe zona sensibil\u0103, problematic\u0103 \u0219i l\u0103sa\u021bi s\u0103 se absoarb\u0103!<\/p>\n<p>Se utilizeaz\u0103 de 2-3 ori pe zi. Aplica\u021bi un strat sub\u021bire pe zona sensibil\u0103, problematic\u0103 \u0219i l\u0103sa\u021bi s\u0103 se absoarb\u0103!<\/p>\n<p>\u00cen timp, celulele noastre produc din ce \u00een ce mai pu\u021bin acid hialuronic, iar cele pe care le avem deja \u00eencep s\u0103 se descompun\u0103, ceea ce reprezint\u0103 cauza principal\u0103 a \u00eemb\u0103tr\u00e2nirii.<\/p>\n<p style=\"text-align: justify\">Ingrediente: gr\u0103sime origine de animal\u0103, ceara de albine, ghimbir, scoar\u021ba de salcie, coada \u0219oricelului, calendula, mu\u0219e\u021bel, salvie, p\u0103p\u0103dia, t\u0103t\u0103neas\u0103, ulei esen\u021biale ment\u0103, ulei esen\u021biale cimbri\u0219or, uleu esen\u021biale eucalipt.<\/p>\n","protected":false},"excerpt":{"rendered":"<p>Indica\u021bii: pentru inflama\u021bii, reumatisme, durere, edeme, luxa\u021bii, entorse, contuzii, circula\u021bia capilar\u0103. Avertisment: A nu se l\u0103sa la \u00eendem\u00e2na copiilor Mod de utilizare: se aplic\u0103 de 2-3 ori pe zi, \u00een strat sub\u021bire.<\/p>\n","protected":false},"featured_media":8929,"comment_status":"open","ping_status":"closed","template":"","meta":[],"product_brand":[],"product_cat":[105],"product_tag":[],"class_list":{"0":"post-9182","1":"product","2":"type-product","3":"status-publish","4":"has-post-thumbnail","6":"product_cat-creme","8":"first","9":"instock","10":"taxable","11":"shipping-taxable","12":"purchasable","13":"product-type-simple"},"yoast_head":"<!-- This site is optimized with the Yoast SEO Premium plugin v20.13 (Yoast SEO v20.13) - https:\/\/yoast.com\/wordpress\/plugins\/seo\/ -->\n<title>Crem\u0103 analgezic minune<\/title>\n<meta name=\"description\" content=\"secuiasc\u0103, miraculoase, produse, crem\u0103 minunea, gel minune, crem\u0103 secuiasc\u0103 minune, gel secuiasc\u0103 minune, perne de sare miraculoase\" \/>\n<meta name=\"robots\" content=\"index, follow, max-snippet:-1, max-image-preview:large, max-video-preview:-1\" \/>\n<link rel=\"canonical\" href=\"https:\/\/szekelycsuda.ro\/ro\/uzlet\/creme\/crema-analgezic\/\" \/>\n<meta property=\"og:locale\" content=\"ro_RO\" \/>\n<meta property=\"og:type\" content=\"article\" \/>\n<meta property=\"og:title\" content=\"Crem\u0103 analgezic minune\" \/>\n<meta property=\"og:description\" content=\"secuiasc\u0103, miraculoase, produse, crem\u0103 minunea, gel minune, crem\u0103 secuiasc\u0103 minune, gel secuiasc\u0103 minune, perne de sare miraculoase\" \/>\n<meta property=\"og:url\" content=\"https:\/\/szekelycsuda.ro\/ro\/uzlet\/creme\/crema-analgezic\/\" \/>\n<meta property=\"og:site_name\" content=\"Sz\u00e9kely Csuda Ken\u0151cs\" \/>\n<meta property=\"article:modified_time\" content=\"2026-04-03T11:41:36+00:00\" \/>\n<meta property=\"og:image\" content=\"https:\/\/szekelycsuda.ro\/wp-content\/uploads\/szekely-csuda-kenocs-fajdalom-csillapito-1.jpg\" \/>\n\t<meta property=\"og:image:width\" content=\"1000\" \/>\n\t<meta property=\"og:image:height\" content=\"1000\" \/>\n\t<meta property=\"og:image:type\" content=\"image\/jpeg\" \/>\n<meta name=\"twitter:card\" content=\"summary_large_image\" \/>\n<meta name=\"twitter:label1\" content=\"Timp estimat pentru citire\" \/>\n\t<meta name=\"twitter:data1\" content=\"2 minute\" \/>\n<script type=\"application\/ld+json\" class=\"yoast-schema-graph\">{\"@context\":\"https:\/\/schema.org\",\"@graph\":[{\"@type\":\"WebPage\",\"@id\":\"https:\/\/szekelycsuda.ro\/ro\/uzlet\/creme\/crema-analgezic\/\",\"url\":\"https:\/\/szekelycsuda.ro\/ro\/uzlet\/creme\/crema-analgezic\/\",\"name\":\"Crem\u0103 analgezic minune\",\"isPartOf\":{\"@id\":\"https:\/\/szekelycsuda.ro\/#website\"},\"datePublished\":\"2023-08-22T10:51:14+00:00\",\"dateModified\":\"2026-04-03T11:41:36+00:00\",\"description\":\"secuiasc\u0103, miraculoase, produse, crem\u0103 minunea, gel minune, crem\u0103 secuiasc\u0103 minune, gel secuiasc\u0103 minune, perne de sare miraculoase\",\"breadcrumb\":{\"@id\":\"https:\/\/szekelycsuda.ro\/ro\/uzlet\/creme\/crema-analgezic\/#breadcrumb\"},\"inLanguage\":\"ro-RO\",\"potentialAction\":[{\"@type\":\"ReadAction\",\"target\":[\"https:\/\/szekelycsuda.ro\/ro\/uzlet\/creme\/crema-analgezic\/\"]}]},{\"@type\":\"BreadcrumbList\",\"@id\":\"https:\/\/szekelycsuda.ro\/ro\/uzlet\/creme\/crema-analgezic\/#breadcrumb\",\"itemListElement\":[{\"@type\":\"ListItem\",\"position\":1,\"name\":\"Home\",\"item\":\"https:\/\/szekelycsuda.ro\/ro\/\"},{\"@type\":\"ListItem\",\"position\":2,\"name\":\"Term\u00e9kek\",\"item\":\"https:\/\/szekelycsuda.ro\/uzlet\/\"},{\"@type\":\"ListItem\",\"position\":3,\"name\":\"Crem\u0103 analgezic minune\"}]},{\"@type\":\"WebSite\",\"@id\":\"https:\/\/szekelycsuda.ro\/#website\",\"url\":\"https:\/\/szekelycsuda.ro\/\",\"name\":\"Sz\u00e9kely Csuda Ken\u0151cs\",\"description\":\"\",\"potentialAction\":[{\"@type\":\"SearchAction\",\"target\":{\"@type\":\"EntryPoint\",\"urlTemplate\":\"https:\/\/szekelycsuda.ro\/?s={search_term_string}\"},\"query-input\":\"required name=search_term_string\"}],\"inLanguage\":\"ro-RO\"}]}<\/script>\n<!-- \/ Yoast SEO Premium plugin. -->","yoast_head_json":{"title":"Crem\u0103 analgezic minune","description":"secuiasc\u0103, miraculoase, produse, crem\u0103 minunea, gel minune, crem\u0103 secuiasc\u0103 minune, gel secuiasc\u0103 minune, perne de sare miraculoase","robots":{"index":"index","follow":"follow","max-snippet":"max-snippet:-1","max-image-preview":"max-image-preview:large","max-video-preview":"max-video-preview:-1"},"canonical":"https:\/\/szekelycsuda.ro\/ro\/uzlet\/creme\/crema-analgezic\/","og_locale":"ro_RO","og_type":"article","og_title":"Crem\u0103 analgezic minune","og_description":"secuiasc\u0103, miraculoase, produse, crem\u0103 minunea, gel minune, crem\u0103 secuiasc\u0103 minune, gel secuiasc\u0103 minune, perne de sare miraculoase","og_url":"https:\/\/szekelycsuda.ro\/ro\/uzlet\/creme\/crema-analgezic\/","og_site_name":"Sz\u00e9kely Csuda Ken\u0151cs","article_modified_time":"2026-04-03T11:41:36+00:00","og_image":[{"width":1000,"height":1000,"url":"https:\/\/szekelycsuda.ro\/wp-content\/uploads\/szekely-csuda-kenocs-fajdalom-csillapito-1.jpg","type":"image\/jpeg"}],"twitter_card":"summary_large_image","twitter_misc":{"Timp estimat pentru citire":"2 minute"},"schema":{"@context":"https:\/\/schema.org","@graph":[{"@type":"WebPage","@id":"https:\/\/szekelycsuda.ro\/ro\/uzlet\/creme\/crema-analgezic\/","url":"https:\/\/szekelycsuda.ro\/ro\/uzlet\/creme\/crema-analgezic\/","name":"Crem\u0103 analgezic minune","isPartOf":{"@id":"https:\/\/szekelycsuda.ro\/#website"},"datePublished":"2023-08-22T10:51:14+00:00","dateModified":"2026-04-03T11:41:36+00:00","description":"secuiasc\u0103, miraculoase, produse, crem\u0103 minunea, gel minune, crem\u0103 secuiasc\u0103 minune, gel secuiasc\u0103 minune, perne de sare miraculoase","breadcrumb":{"@id":"https:\/\/szekelycsuda.ro\/ro\/uzlet\/creme\/crema-analgezic\/#breadcrumb"},"inLanguage":"ro-RO","potentialAction":[{"@type":"ReadAction","target":["https:\/\/szekelycsuda.ro\/ro\/uzlet\/creme\/crema-analgezic\/"]}]},{"@type":"BreadcrumbList","@id":"https:\/\/szekelycsuda.ro\/ro\/uzlet\/creme\/crema-analgezic\/#breadcrumb","itemListElement":[{"@type":"ListItem","position":1,"name":"Home","item":"https:\/\/szekelycsuda.ro\/ro\/"},{"@type":"ListItem","position":2,"name":"Term\u00e9kek","item":"https:\/\/szekelycsuda.ro\/uzlet\/"},{"@type":"ListItem","position":3,"name":"Crem\u0103 analgezic minune"}]},{"@type":"WebSite","@id":"https:\/\/szekelycsuda.ro\/#website","url":"https:\/\/szekelycsuda.ro\/","name":"Sz\u00e9kely Csuda Ken\u0151cs","description":"","potentialAction":[{"@type":"SearchAction","target":{"@type":"EntryPoint","urlTemplate":"https:\/\/szekelycsuda.ro\/?s={search_term_string}"},"query-input":"required name=search_term_string"}],"inLanguage":"ro-RO"}]}},"_links":{"self":[{"href":"https:\/\/szekelycsuda.ro\/ro\/wp-json\/wp\/v2\/product\/9182","targetHints":{"allow":["GET"]}}],"collection":[{"href":"https:\/\/szekelycsuda.ro\/ro\/wp-json\/wp\/v2\/product"}],"about":[{"href":"https:\/\/szekelycsuda.ro\/ro\/wp-json\/wp\/v2\/types\/product"}],"replies":[{"embeddable":true,"href":"https:\/\/szekelycsuda.ro\/ro\/wp-json\/wp\/v2\/comments?post=9182"}],"wp:featuredmedia":[{"embeddable":true,"href":"https:\/\/szekelycsuda.ro\/ro\/wp-json\/wp\/v2\/media\/8929"}],"wp:attachment":[{"href":"https:\/\/szekelycsuda.ro\/ro\/wp-json\/wp\/v2\/media?parent=9182"}],"wp:term":[{"taxonomy":"product_brand","embeddable":true,"href":"https:\/\/szekelycsuda.ro\/ro\/wp-json\/wp\/v2\/product_brand?post=9182"},{"taxonomy":"product_cat","embeddable":true,"href":"https:\/\/szekelycsuda.ro\/ro\/wp-json\/wp\/v2\/product_cat?post=9182"},{"taxonomy":"product_tag","embeddable":true,"href":"https:\/\/szekelycsuda.ro\/ro\/wp-json\/wp\/v2\/product_tag?post=9182"}],"curies":[{"name":"wp","href":"https:\/\/api.w.org\/{rel}","templated":true}]}}