{"id":9183,"date":"2023-08-22T13:49:39","date_gmt":"2023-08-22T10:49:39","guid":{"rendered":"https:\/\/szekelycsuda.ro\/uzlet\/fara-categorie\/crema-impotriva-vasoconstrictiei\/"},"modified":"2026-04-03T14:34:04","modified_gmt":"2026-04-03T11:34:04","slug":"crema-impotriva-vasoconstrictiei","status":"publish","type":"product","link":"https:\/\/szekelycsuda.ro\/ro\/uzlet\/creme\/crema-impotriva-vasoconstrictiei\/","title":{"rendered":"Crem\u0103 \u00eempotriva vasoconstric\u021biei"},"content":{"rendered":"<p>Prin ultimele sale dezvolt\u0103ri, Produse Naturale Rom\u00e2ne\u0219ti caut\u0103 un leac \u0219i pentru boli comune, cum ar fi vasoconstric\u021bia.<\/p>\n<p>Sunt pu\u021bine familii \u00een lume \u00een care cel pu\u021bin un membru al familiei s\u0103 nu fie afectat de o form\u0103 de boal\u0103 cardiovascular\u0103, iar Rom\u00e2nia nu face excep\u021bie. Stenoza vascular\u0103 este &#8222;\u00een\u021bepenirea&#8221; vaselor de s\u00e2nge care transport\u0103 oxigenul \u0219i substan\u021bele nutritive. De asemenea, reduce alimentarea cu s\u00e2nge a organelor \u0219i \u021besuturilor interne \u0219i poate duce adesea la complica\u021bii fatale \u0219i boli secundare, cum ar fi ulcerele de la picioare, cangrena sau insuficien\u021ba renal\u0103.<\/p>\n<p>Utilizarea Cremei pentru vasoconstric\u021bie poate cre\u0219te circula\u021bia sangvin\u0103 \u0219i limfatic\u0103 la picioarele dureroase \u0219i obosite cu vasoconstric\u021bie. Efectele sale benefice se datoreaz\u0103 plantelor pe care le con\u021bine dar \u0219i gr\u0103simii animale. Ingrediente: ghimbir, arborele pagodelor, flori de mu\u0219e\u021bel, urzic\u0103 vie, salvie, coada \u0219oricelui, g\u0103lbenele, floare de p\u0103ducel, castan s\u0103lbatic, sun\u0103toare, m\u0103ce\u0219e, arnic\u0103, scoar\u021ba de salcie, ulei iedera, usturoi, vitamina C, praf de ardei iute, ulei esen\u021biale ardei iute, ulei esen\u021biale rozmarin, ceara de albine, gr\u0103sime de origine animal\u0103.<\/p>\n<p>Castanul de India este deosebit de bun pentru \u00eent\u0103rirea pere\u021bilor vasculari. O alt\u0103 plant\u0103 antiinflamatoare natural\u0103 care poate fi folosit\u0103 pentru aproape orice este floarea de mu\u0219e\u021bel. Ea poate fi folosit\u0103 \u00een mod eficient pentru a trata vasoconstric\u021bia. Calendula este cunoscut\u0103 pentru numeroasele sale beneficii, inclusiv pentru vindecarea r\u0103nilor, propriet\u0103\u021bilor antiseptice \u0219i antiinflamatorii asupra pielii. Cu textura sa cremoas\u0103 \u0219i parfumul s\u0103u distinctiv, acest produs poate fi un r\u0103sf\u0103\u021b pentru sim\u021burile dumnevoastr\u0103 \u0219i poate deveni un favorit personal nu doar al nenum\u0103ra\u021bilor clien\u021bi mul\u021bumi\u021bi ci \u0219i al dumneavoastr\u0103!<\/p>\n<p>Se utilizeaz\u0103 de 2-3 ori pe zi. Aplica\u021bi un strat sub\u021bire pe zona sensibil\u0103, problematic\u0103 \u0219i l\u0103sa\u021bi s\u0103 se absoarb\u0103!<\/p>\n<p>\u00cen timp, celulele noastre produc din ce \u00een ce mai pu\u021bin acid hialuronic, iar cele pe care le avem deja \u00eencep s\u0103 se descompun\u0103, ceea ce reprezint\u0103 cauza principal\u0103 a \u00eemb\u0103tr\u00e2nirii.<\/p>\n<p style=\"text-align: justify\">Nu con\u0163ine aditivi (conservan\u0163i \u015fi coloran\u0163i) sintetici!<br \/>\nMod de utilizare: se aplic\u0103 de 2-3 ori pe zi, \u00een strat sub\u021bire.<br \/>\nNu utiliza\u021bi pe r\u0103ni deschise!<\/p>\n","protected":false},"excerpt":{"rendered":"<p style=\"text-align: justify\">Indica\u021bii: poate \u00eenbun\u0103t\u0103\u021bi circula\u021bia s\u00e2ngelui \u0219i circulaia limfatic\u0103, pentru picioare dureroase \u0219i obosite, picioare cu vasoconstric\u021bie.<br \/>\nIngrediente: ghimbir, arborele pagodelor, flori de mu\u0219e\u021bel, urzic\u0103 vie, salvie, coada \u0219oricelui, g\u0103lbenele, floare de p\u0103ducel, castan s\u0103lbatic, sun\u0103toare, m\u0103ce\u0219e, arnic\u0103, scoar\u021ba de salcie, ulei iedera, usturoi, vitamina C, praf de ardei iute, ulei esen\u021biale ardei iute, ulei esen\u021biale rozmarin, ceara de albine, gr\u0103sime de origine animal\u0103.<\/p>\n","protected":false},"featured_media":8926,"comment_status":"open","ping_status":"closed","template":"","meta":[],"product_brand":[],"product_cat":[105],"product_tag":[],"class_list":{"0":"post-9183","1":"product","2":"type-product","3":"status-publish","4":"has-post-thumbnail","6":"product_cat-creme","8":"first","9":"instock","10":"taxable","11":"shipping-taxable","12":"purchasable","13":"product-type-simple"},"yoast_head":"<!-- This site is optimized with the Yoast SEO Premium plugin v20.13 (Yoast SEO v20.13) - https:\/\/yoast.com\/wordpress\/plugins\/seo\/ -->\n<title>\u00cempotriva vasoconstric\u021biei - Crem\u0103 secuiasc\u0103 minune<\/title>\n<meta name=\"description\" content=\"secuiasc\u0103, miraculoase, produse, crem\u0103 minunea, gel minune, crem\u0103 secuiasc\u0103 minune, gel secuiasc\u0103 minune, perne de sare miraculoase\" \/>\n<meta name=\"robots\" content=\"index, follow, max-snippet:-1, max-image-preview:large, max-video-preview:-1\" \/>\n<link rel=\"canonical\" href=\"https:\/\/szekelycsuda.ro\/ro\/uzlet\/creme\/crema-impotriva-vasoconstrictiei\/\" \/>\n<meta property=\"og:locale\" content=\"ro_RO\" \/>\n<meta property=\"og:type\" content=\"article\" \/>\n<meta property=\"og:title\" content=\"Crem\u0103 \u00eempotriva vasoconstric\u021biei\" \/>\n<meta property=\"og:description\" content=\"secuiasc\u0103, miraculoase, produse, crem\u0103 minunea, gel minune, crem\u0103 secuiasc\u0103 minune, gel secuiasc\u0103 minune, perne de sare miraculoase\" \/>\n<meta property=\"og:url\" content=\"https:\/\/szekelycsuda.ro\/ro\/uzlet\/creme\/crema-impotriva-vasoconstrictiei\/\" \/>\n<meta property=\"og:site_name\" content=\"Sz\u00e9kely Csuda Ken\u0151cs\" \/>\n<meta property=\"article:modified_time\" content=\"2026-04-03T11:34:04+00:00\" \/>\n<meta property=\"og:image\" content=\"https:\/\/szekelycsuda.ro\/wp-content\/uploads\/szekely-csuda-kenocs-erszukuletre-1.jpg\" \/>\n\t<meta property=\"og:image:width\" content=\"1000\" \/>\n\t<meta property=\"og:image:height\" content=\"1000\" \/>\n\t<meta property=\"og:image:type\" content=\"image\/jpeg\" \/>\n<meta name=\"twitter:card\" content=\"summary_large_image\" \/>\n<meta name=\"twitter:label1\" content=\"Timp estimat pentru citire\" \/>\n\t<meta name=\"twitter:data1\" content=\"2 minute\" \/>\n<script type=\"application\/ld+json\" class=\"yoast-schema-graph\">{\"@context\":\"https:\/\/schema.org\",\"@graph\":[{\"@type\":\"WebPage\",\"@id\":\"https:\/\/szekelycsuda.ro\/ro\/uzlet\/creme\/crema-impotriva-vasoconstrictiei\/\",\"url\":\"https:\/\/szekelycsuda.ro\/ro\/uzlet\/creme\/crema-impotriva-vasoconstrictiei\/\",\"name\":\"\u00cempotriva vasoconstric\u021biei - Crem\u0103 secuiasc\u0103 minune\",\"isPartOf\":{\"@id\":\"https:\/\/szekelycsuda.ro\/#website\"},\"datePublished\":\"2023-08-22T10:49:39+00:00\",\"dateModified\":\"2026-04-03T11:34:04+00:00\",\"description\":\"secuiasc\u0103, miraculoase, produse, crem\u0103 minunea, gel minune, crem\u0103 secuiasc\u0103 minune, gel secuiasc\u0103 minune, perne de sare miraculoase\",\"breadcrumb\":{\"@id\":\"https:\/\/szekelycsuda.ro\/ro\/uzlet\/creme\/crema-impotriva-vasoconstrictiei\/#breadcrumb\"},\"inLanguage\":\"ro-RO\",\"potentialAction\":[{\"@type\":\"ReadAction\",\"target\":[\"https:\/\/szekelycsuda.ro\/ro\/uzlet\/creme\/crema-impotriva-vasoconstrictiei\/\"]}]},{\"@type\":\"BreadcrumbList\",\"@id\":\"https:\/\/szekelycsuda.ro\/ro\/uzlet\/creme\/crema-impotriva-vasoconstrictiei\/#breadcrumb\",\"itemListElement\":[{\"@type\":\"ListItem\",\"position\":1,\"name\":\"Home\",\"item\":\"https:\/\/szekelycsuda.ro\/ro\/\"},{\"@type\":\"ListItem\",\"position\":2,\"name\":\"Term\u00e9kek\",\"item\":\"https:\/\/szekelycsuda.ro\/uzlet\/\"},{\"@type\":\"ListItem\",\"position\":3,\"name\":\"Crem\u0103 \u00eempotriva vasoconstric\u021biei\"}]},{\"@type\":\"WebSite\",\"@id\":\"https:\/\/szekelycsuda.ro\/#website\",\"url\":\"https:\/\/szekelycsuda.ro\/\",\"name\":\"Sz\u00e9kely Csuda Ken\u0151cs\",\"description\":\"\",\"potentialAction\":[{\"@type\":\"SearchAction\",\"target\":{\"@type\":\"EntryPoint\",\"urlTemplate\":\"https:\/\/szekelycsuda.ro\/?s={search_term_string}\"},\"query-input\":\"required name=search_term_string\"}],\"inLanguage\":\"ro-RO\"}]}<\/script>\n<!-- \/ Yoast SEO Premium plugin. -->","yoast_head_json":{"title":"\u00cempotriva vasoconstric\u021biei - Crem\u0103 secuiasc\u0103 minune","description":"secuiasc\u0103, miraculoase, produse, crem\u0103 minunea, gel minune, crem\u0103 secuiasc\u0103 minune, gel secuiasc\u0103 minune, perne de sare miraculoase","robots":{"index":"index","follow":"follow","max-snippet":"max-snippet:-1","max-image-preview":"max-image-preview:large","max-video-preview":"max-video-preview:-1"},"canonical":"https:\/\/szekelycsuda.ro\/ro\/uzlet\/creme\/crema-impotriva-vasoconstrictiei\/","og_locale":"ro_RO","og_type":"article","og_title":"Crem\u0103 \u00eempotriva vasoconstric\u021biei","og_description":"secuiasc\u0103, miraculoase, produse, crem\u0103 minunea, gel minune, crem\u0103 secuiasc\u0103 minune, gel secuiasc\u0103 minune, perne de sare miraculoase","og_url":"https:\/\/szekelycsuda.ro\/ro\/uzlet\/creme\/crema-impotriva-vasoconstrictiei\/","og_site_name":"Sz\u00e9kely Csuda Ken\u0151cs","article_modified_time":"2026-04-03T11:34:04+00:00","og_image":[{"width":1000,"height":1000,"url":"https:\/\/szekelycsuda.ro\/wp-content\/uploads\/szekely-csuda-kenocs-erszukuletre-1.jpg","type":"image\/jpeg"}],"twitter_card":"summary_large_image","twitter_misc":{"Timp estimat pentru citire":"2 minute"},"schema":{"@context":"https:\/\/schema.org","@graph":[{"@type":"WebPage","@id":"https:\/\/szekelycsuda.ro\/ro\/uzlet\/creme\/crema-impotriva-vasoconstrictiei\/","url":"https:\/\/szekelycsuda.ro\/ro\/uzlet\/creme\/crema-impotriva-vasoconstrictiei\/","name":"\u00cempotriva vasoconstric\u021biei - Crem\u0103 secuiasc\u0103 minune","isPartOf":{"@id":"https:\/\/szekelycsuda.ro\/#website"},"datePublished":"2023-08-22T10:49:39+00:00","dateModified":"2026-04-03T11:34:04+00:00","description":"secuiasc\u0103, miraculoase, produse, crem\u0103 minunea, gel minune, crem\u0103 secuiasc\u0103 minune, gel secuiasc\u0103 minune, perne de sare miraculoase","breadcrumb":{"@id":"https:\/\/szekelycsuda.ro\/ro\/uzlet\/creme\/crema-impotriva-vasoconstrictiei\/#breadcrumb"},"inLanguage":"ro-RO","potentialAction":[{"@type":"ReadAction","target":["https:\/\/szekelycsuda.ro\/ro\/uzlet\/creme\/crema-impotriva-vasoconstrictiei\/"]}]},{"@type":"BreadcrumbList","@id":"https:\/\/szekelycsuda.ro\/ro\/uzlet\/creme\/crema-impotriva-vasoconstrictiei\/#breadcrumb","itemListElement":[{"@type":"ListItem","position":1,"name":"Home","item":"https:\/\/szekelycsuda.ro\/ro\/"},{"@type":"ListItem","position":2,"name":"Term\u00e9kek","item":"https:\/\/szekelycsuda.ro\/uzlet\/"},{"@type":"ListItem","position":3,"name":"Crem\u0103 \u00eempotriva vasoconstric\u021biei"}]},{"@type":"WebSite","@id":"https:\/\/szekelycsuda.ro\/#website","url":"https:\/\/szekelycsuda.ro\/","name":"Sz\u00e9kely Csuda Ken\u0151cs","description":"","potentialAction":[{"@type":"SearchAction","target":{"@type":"EntryPoint","urlTemplate":"https:\/\/szekelycsuda.ro\/?s={search_term_string}"},"query-input":"required name=search_term_string"}],"inLanguage":"ro-RO"}]}},"_links":{"self":[{"href":"https:\/\/szekelycsuda.ro\/ro\/wp-json\/wp\/v2\/product\/9183","targetHints":{"allow":["GET"]}}],"collection":[{"href":"https:\/\/szekelycsuda.ro\/ro\/wp-json\/wp\/v2\/product"}],"about":[{"href":"https:\/\/szekelycsuda.ro\/ro\/wp-json\/wp\/v2\/types\/product"}],"replies":[{"embeddable":true,"href":"https:\/\/szekelycsuda.ro\/ro\/wp-json\/wp\/v2\/comments?post=9183"}],"wp:featuredmedia":[{"embeddable":true,"href":"https:\/\/szekelycsuda.ro\/ro\/wp-json\/wp\/v2\/media\/8926"}],"wp:attachment":[{"href":"https:\/\/szekelycsuda.ro\/ro\/wp-json\/wp\/v2\/media?parent=9183"}],"wp:term":[{"taxonomy":"product_brand","embeddable":true,"href":"https:\/\/szekelycsuda.ro\/ro\/wp-json\/wp\/v2\/product_brand?post=9183"},{"taxonomy":"product_cat","embeddable":true,"href":"https:\/\/szekelycsuda.ro\/ro\/wp-json\/wp\/v2\/product_cat?post=9183"},{"taxonomy":"product_tag","embeddable":true,"href":"https:\/\/szekelycsuda.ro\/ro\/wp-json\/wp\/v2\/product_tag?post=9183"}],"curies":[{"name":"wp","href":"https:\/\/api.w.org\/{rel}","templated":true}]}}