{"id":9202,"date":"2023-08-22T13:52:46","date_gmt":"2023-08-22T10:52:46","guid":{"rendered":"https:\/\/szekelycsuda.ro\/uzlet\/fara-categorie\/crema-pentru-articulatii\/"},"modified":"2025-04-08T20:24:47","modified_gmt":"2025-04-08T17:24:47","slug":"crema-pentru-articulatii","status":"publish","type":"product","link":"https:\/\/szekelycsuda.ro\/ro\/uzlet\/creme\/crema-pentru-articulatii\/","title":{"rendered":"Crem\u0103 pentru articula\u021bii"},"content":{"rendered":"<p style=\"text-align: justify;\">Indica\u021bii: pentru inflama\u021bii, reumatisme, edeme, luxa\u021bii, entorse, contuzii, circula\u021bia capilar\u0103. Pentru uz extern!<\/p>\n<p style=\"text-align: justify;\">Ingrediente: gr\u0103sime de origine animal\u0103, cear\u0103 de albine-galben\u0103, t\u0103t\u0103neas\u0103 (Symphytum officinale), ghimbir (Zingiber officinale), turmeric (Curcuma longa), gheara diavolului (Harpagophytum procum), scoar\u021b\u0103 de salcie (Salix alba), muguri de plop (Populus nigra), frunze de mesteac\u0103n (Betulae folium), flori de soc (Sambuci flos), fructe de ienup\u0103r (Juniperus communis), urzic\u0103 vie (Urticae herba), flori de lavand\u0103 (Lavandula angustifolia Mill), frunze de rozmarin (Folium rozmarinii), coada \u0219oricelului (Millefolii herba), g\u0103lbenele (Calendula officinalis), flori de mu\u0219e\u021bel (Chamomillae flos), salvie (Salviae herba), menthol, ulei esen\u021bial de lavand\u0103, ulei esen\u021bial de ment\u0103, ulei esen\u021bial de rozmarin.<\/p>\n<p style=\"text-align: justify;\">Nu con\u0163ine aditivi (conservan\u0163i \u015fi coloran\u0163i) sintetici!<br \/>\nMod de utilizare: se aplic\u0103 de 2-3 ori pe zi, \u00een strat sub\u021bire.<br \/>\nAvertisment: A nu se l\u0103sa la \u00eendem\u00e2na copiilor. A se evita contactul cu ochii!<\/p>\n","protected":false},"excerpt":{"rendered":"<p style=\"text-align: justify;\">Indica\u021bii: pentru inflama\u021bii, reumatisme, edeme, luxa\u021bii, entorse, contuzii, circula\u021bia capilar\u0103. Pentru uz extern!<\/p>\n","protected":false},"featured_media":8932,"comment_status":"open","ping_status":"closed","template":"","meta":[],"product_brand":[],"product_cat":[105],"product_tag":[],"class_list":{"0":"post-9202","1":"product","2":"type-product","3":"status-publish","4":"has-post-thumbnail","6":"product_cat-creme","8":"first","9":"instock","10":"taxable","11":"shipping-taxable","12":"purchasable","13":"product-type-simple"},"yoast_head":"<!-- This site is optimized with the Yoast SEO Premium plugin v20.13 (Yoast SEO v20.13) - https:\/\/yoast.com\/wordpress\/plugins\/seo\/ -->\n<title>Crem\u0103 pentru articula\u021bii - Crem\u0103 secuiasc\u0103 minune<\/title>\n<meta name=\"description\" content=\"secuiasc\u0103, miraculoase, produse, crem\u0103 minunea, gel minune, crem\u0103 secuiasc\u0103 minune, gel secuiasc\u0103 minune, perne de sare miraculoase\" \/>\n<meta name=\"robots\" content=\"index, follow, max-snippet:-1, max-image-preview:large, max-video-preview:-1\" \/>\n<link rel=\"canonical\" href=\"https:\/\/szekelycsuda.ro\/ro\/uzlet\/creme\/crema-pentru-articulatii\/\" \/>\n<meta property=\"og:locale\" content=\"ro_RO\" \/>\n<meta property=\"og:type\" content=\"article\" \/>\n<meta property=\"og:title\" content=\"Crem\u0103 pentru articula\u021bii\" \/>\n<meta property=\"og:description\" content=\"secuiasc\u0103, miraculoase, produse, crem\u0103 minunea, gel minune, crem\u0103 secuiasc\u0103 minune, gel secuiasc\u0103 minune, perne de sare miraculoase\" \/>\n<meta property=\"og:url\" content=\"https:\/\/szekelycsuda.ro\/ro\/uzlet\/creme\/crema-pentru-articulatii\/\" \/>\n<meta property=\"og:site_name\" content=\"Sz\u00e9kely Csuda Ken\u0151cs\" \/>\n<meta property=\"article:modified_time\" content=\"2025-04-08T17:24:47+00:00\" \/>\n<meta property=\"og:image\" content=\"https:\/\/szekelycsuda.ro\/wp-content\/uploads\/szekely-csuda-kenocs-izuletekre-1.jpg\" \/>\n\t<meta property=\"og:image:width\" content=\"1000\" \/>\n\t<meta property=\"og:image:height\" content=\"1000\" \/>\n\t<meta property=\"og:image:type\" content=\"image\/jpeg\" \/>\n<meta name=\"twitter:card\" content=\"summary_large_image\" \/>\n<meta name=\"twitter:label1\" content=\"Timp estimat pentru citire\" \/>\n\t<meta name=\"twitter:data1\" content=\"1 minut\" \/>\n<script type=\"application\/ld+json\" class=\"yoast-schema-graph\">{\"@context\":\"https:\/\/schema.org\",\"@graph\":[{\"@type\":\"WebPage\",\"@id\":\"https:\/\/szekelycsuda.ro\/ro\/uzlet\/creme\/crema-pentru-articulatii\/\",\"url\":\"https:\/\/szekelycsuda.ro\/ro\/uzlet\/creme\/crema-pentru-articulatii\/\",\"name\":\"Crem\u0103 pentru articula\u021bii - Crem\u0103 secuiasc\u0103 minune\",\"isPartOf\":{\"@id\":\"https:\/\/szekelycsuda.ro\/#website\"},\"datePublished\":\"2023-08-22T10:52:46+00:00\",\"dateModified\":\"2025-04-08T17:24:47+00:00\",\"description\":\"secuiasc\u0103, miraculoase, produse, crem\u0103 minunea, gel minune, crem\u0103 secuiasc\u0103 minune, gel secuiasc\u0103 minune, perne de sare miraculoase\",\"breadcrumb\":{\"@id\":\"https:\/\/szekelycsuda.ro\/ro\/uzlet\/creme\/crema-pentru-articulatii\/#breadcrumb\"},\"inLanguage\":\"ro-RO\",\"potentialAction\":[{\"@type\":\"ReadAction\",\"target\":[\"https:\/\/szekelycsuda.ro\/ro\/uzlet\/creme\/crema-pentru-articulatii\/\"]}]},{\"@type\":\"BreadcrumbList\",\"@id\":\"https:\/\/szekelycsuda.ro\/ro\/uzlet\/creme\/crema-pentru-articulatii\/#breadcrumb\",\"itemListElement\":[{\"@type\":\"ListItem\",\"position\":1,\"name\":\"Home\",\"item\":\"https:\/\/szekelycsuda.ro\/ro\/\"},{\"@type\":\"ListItem\",\"position\":2,\"name\":\"Term\u00e9kek\",\"item\":\"https:\/\/szekelycsuda.ro\/uzlet\/\"},{\"@type\":\"ListItem\",\"position\":3,\"name\":\"Crem\u0103 pentru articula\u021bii\"}]},{\"@type\":\"WebSite\",\"@id\":\"https:\/\/szekelycsuda.ro\/#website\",\"url\":\"https:\/\/szekelycsuda.ro\/\",\"name\":\"Sz\u00e9kely Csuda Ken\u0151cs\",\"description\":\"\",\"potentialAction\":[{\"@type\":\"SearchAction\",\"target\":{\"@type\":\"EntryPoint\",\"urlTemplate\":\"https:\/\/szekelycsuda.ro\/?s={search_term_string}\"},\"query-input\":\"required name=search_term_string\"}],\"inLanguage\":\"ro-RO\"}]}<\/script>\n<!-- \/ Yoast SEO Premium plugin. -->","yoast_head_json":{"title":"Crem\u0103 pentru articula\u021bii - Crem\u0103 secuiasc\u0103 minune","description":"secuiasc\u0103, miraculoase, produse, crem\u0103 minunea, gel minune, crem\u0103 secuiasc\u0103 minune, gel secuiasc\u0103 minune, perne de sare miraculoase","robots":{"index":"index","follow":"follow","max-snippet":"max-snippet:-1","max-image-preview":"max-image-preview:large","max-video-preview":"max-video-preview:-1"},"canonical":"https:\/\/szekelycsuda.ro\/ro\/uzlet\/creme\/crema-pentru-articulatii\/","og_locale":"ro_RO","og_type":"article","og_title":"Crem\u0103 pentru articula\u021bii","og_description":"secuiasc\u0103, miraculoase, produse, crem\u0103 minunea, gel minune, crem\u0103 secuiasc\u0103 minune, gel secuiasc\u0103 minune, perne de sare miraculoase","og_url":"https:\/\/szekelycsuda.ro\/ro\/uzlet\/creme\/crema-pentru-articulatii\/","og_site_name":"Sz\u00e9kely Csuda Ken\u0151cs","article_modified_time":"2025-04-08T17:24:47+00:00","og_image":[{"width":1000,"height":1000,"url":"https:\/\/szekelycsuda.ro\/wp-content\/uploads\/szekely-csuda-kenocs-izuletekre-1.jpg","type":"image\/jpeg"}],"twitter_card":"summary_large_image","twitter_misc":{"Timp estimat pentru citire":"1 minut"},"schema":{"@context":"https:\/\/schema.org","@graph":[{"@type":"WebPage","@id":"https:\/\/szekelycsuda.ro\/ro\/uzlet\/creme\/crema-pentru-articulatii\/","url":"https:\/\/szekelycsuda.ro\/ro\/uzlet\/creme\/crema-pentru-articulatii\/","name":"Crem\u0103 pentru articula\u021bii - Crem\u0103 secuiasc\u0103 minune","isPartOf":{"@id":"https:\/\/szekelycsuda.ro\/#website"},"datePublished":"2023-08-22T10:52:46+00:00","dateModified":"2025-04-08T17:24:47+00:00","description":"secuiasc\u0103, miraculoase, produse, crem\u0103 minunea, gel minune, crem\u0103 secuiasc\u0103 minune, gel secuiasc\u0103 minune, perne de sare miraculoase","breadcrumb":{"@id":"https:\/\/szekelycsuda.ro\/ro\/uzlet\/creme\/crema-pentru-articulatii\/#breadcrumb"},"inLanguage":"ro-RO","potentialAction":[{"@type":"ReadAction","target":["https:\/\/szekelycsuda.ro\/ro\/uzlet\/creme\/crema-pentru-articulatii\/"]}]},{"@type":"BreadcrumbList","@id":"https:\/\/szekelycsuda.ro\/ro\/uzlet\/creme\/crema-pentru-articulatii\/#breadcrumb","itemListElement":[{"@type":"ListItem","position":1,"name":"Home","item":"https:\/\/szekelycsuda.ro\/ro\/"},{"@type":"ListItem","position":2,"name":"Term\u00e9kek","item":"https:\/\/szekelycsuda.ro\/uzlet\/"},{"@type":"ListItem","position":3,"name":"Crem\u0103 pentru articula\u021bii"}]},{"@type":"WebSite","@id":"https:\/\/szekelycsuda.ro\/#website","url":"https:\/\/szekelycsuda.ro\/","name":"Sz\u00e9kely Csuda Ken\u0151cs","description":"","potentialAction":[{"@type":"SearchAction","target":{"@type":"EntryPoint","urlTemplate":"https:\/\/szekelycsuda.ro\/?s={search_term_string}"},"query-input":"required name=search_term_string"}],"inLanguage":"ro-RO"}]}},"_links":{"self":[{"href":"https:\/\/szekelycsuda.ro\/ro\/wp-json\/wp\/v2\/product\/9202","targetHints":{"allow":["GET"]}}],"collection":[{"href":"https:\/\/szekelycsuda.ro\/ro\/wp-json\/wp\/v2\/product"}],"about":[{"href":"https:\/\/szekelycsuda.ro\/ro\/wp-json\/wp\/v2\/types\/product"}],"replies":[{"embeddable":true,"href":"https:\/\/szekelycsuda.ro\/ro\/wp-json\/wp\/v2\/comments?post=9202"}],"wp:featuredmedia":[{"embeddable":true,"href":"https:\/\/szekelycsuda.ro\/ro\/wp-json\/wp\/v2\/media\/8932"}],"wp:attachment":[{"href":"https:\/\/szekelycsuda.ro\/ro\/wp-json\/wp\/v2\/media?parent=9202"}],"wp:term":[{"taxonomy":"product_brand","embeddable":true,"href":"https:\/\/szekelycsuda.ro\/ro\/wp-json\/wp\/v2\/product_brand?post=9202"},{"taxonomy":"product_cat","embeddable":true,"href":"https:\/\/szekelycsuda.ro\/ro\/wp-json\/wp\/v2\/product_cat?post=9202"},{"taxonomy":"product_tag","embeddable":true,"href":"https:\/\/szekelycsuda.ro\/ro\/wp-json\/wp\/v2\/product_tag?post=9202"}],"curies":[{"name":"wp","href":"https:\/\/api.w.org\/{rel}","templated":true}]}}