{"id":9203,"date":"2023-08-22T13:54:15","date_gmt":"2023-08-22T10:54:15","guid":{"rendered":"https:\/\/szekelycsuda.ro\/uzlet\/fara-categorie\/crema-antirid\/"},"modified":"2026-04-03T14:23:29","modified_gmt":"2026-04-03T11:23:29","slug":"crema-antirid-ro","status":"publish","type":"product","link":"https:\/\/szekelycsuda.ro\/ro\/uzlet\/creme\/crema-antirid-ro\/","title":{"rendered":"Crem\u0103 antirid"},"content":{"rendered":"<p>Crem\u0103 Antirid v\u0103 aduce beneficiile naturale\u021bii. Ajut\u0103 \u0219i \u00eengrije\u0219te pielea cu puterea plantelor, nu con\u021bine coloran\u021bi \u0219i nici ingrediente artificiale.<\/p>\n<p>Ridurile apar \u00een timp la toate persoanele, indiferent de tipul de piele. Indiferent dac\u0103 pielea ta este problematic\u0103, sensibil\u0103 sau uscat\u0103, alegerea corect\u0103 a unei creme antirid poate s\u0103-i redea tonusul \u0219i elasticitatea natural\u0103. Crem\u0103 Antirid poate fi folosit\u0103 pe toate tipurile de piele \u0219i este recomandat\u0103 chiar \u0219i pentru cele mai sensibile tenuri. Parfumul s\u0103u pl\u0103cut aminte\u0219te de natur\u0103, iar amestecul subtil de ierburi este, \u00een sine, lini\u0219titor pentru suflet. Protejeaz\u0103 \u0219i \u00eengrije\u0219te s\u0103n\u0103tatea pielii, p\u0103str\u00e2ndu-i str\u0103lucirea natural\u0103. Produsul con\u021bine, de asemenea, acid hialuronic, care este cunoscut pentru propriet\u0103\u021bile sale anti-\u00eemb\u0103tr\u00e2nire. Produs \u00een mod natural \u00een pielea t\u00e2n\u0103r\u0103, acidul hialuronic joac\u0103 un rol-cheie \u00een hidratarea pielii, motiv pentru care este un ingredient at\u00e2t de popular \u00een lumea \u00eengrijirii pielii. \u00cen timp, celulele noastre produc din ce \u00een ce mai pu\u021bin acid hialuronic, iar cele pe care le avem deja \u00eencep s\u0103 se descompun\u0103, ceea ce reprezint\u0103 cauza principal\u0103 a \u00eemb\u0103tr\u00e2nirii. Crem\u0103 antirid poate preveni primele semne de \u00eemb\u0103tr\u00e2nire: liniile fine \u0219i ridurile. Printre ingredientele sale se num\u0103r\u0103 uleiul de cocos, ceara galben\u0103 de albine, untul de shea \u0219i calendula. Toate acestea sunt cunoscute de mult timp ca av\u00e2nd un efect pozitiv asupra organismului nostru.<\/p>\n<p>Ceara galben\u0103 de albine con\u021bine vitamina A, care \u00eentinere\u0219te \u0219i protejeaz\u0103 pielea sensibil\u0103 \u0219i uscat\u0103. Untul de shea este esen\u021bial pentru \u00eenmuierea pielii, atenu\u00e2nd ridurile \u0219i irita\u021biile externe, iar versatila calendula este cunoscut\u0103 pentru nenum\u0103ratele sale beneficii, promov\u00e2nd formarea colagenului pentru a ajuta la hidratarea pielii. Se utilizeaz\u0103 de 2-3 ori pe zi. Aplica\u021bi un strat sub\u021bire pe zona sensibil\u0103, problematic\u0103 \u0219i l\u0103sa\u021bi s\u0103 se absoarb\u0103! Ridurile apar \u00een timp la toate persoanele, indiferent de tipul de piele. Indiferent dac\u0103 pielea ta este problematic\u0103, sensibil\u0103 sau uscat\u0103, alegerea corect\u0103 a unei creme antirid poate s\u0103-i redea tonusul \u0219i elasticitatea natural\u0103. Crem\u0103 Antirid poate fi folosit\u0103 pe toate tipurile de piele \u0219i este recomandat\u0103 chiar \u0219i pentru cele mai sensibile tenuri. Parfumul s\u0103u pl\u0103cut aminte\u0219te de natur\u0103, iar amestecul subtil de ierburi este, \u00een sine, lini\u0219titor pentru suflet.<\/p>\n<p>Se utilizeaz\u0103 de 2-3 ori pe zi. Aplica\u021bi un strat sub\u021bire pe zona sensibil\u0103, problematic\u0103 \u0219i l\u0103sa\u021bi s\u0103 se absoarb\u0103!<\/p>\n<p>\u00cen timp, celulele noastre produc din ce \u00een ce mai pu\u021bin acid hialuronic, iar cele pe care le avem deja \u00eencep s\u0103 se descompun\u0103, ceea ce reprezint\u0103 cauza principal\u0103 a \u00eemb\u0103tr\u00e2nirii.<\/p>\n<p style=\"text-align: justify\">Ingrediente: ulei de nuc\u0103 de cocos, cear\u0103 de albine, unt de shea, acid hialuronic, ghimbir, scoar\u021b\u0103 de salcie, sun\u0103toare, galium, floare de lev\u0103n\u021bic\u0103, calendula, mu\u0219e\u021bel, ulei de calendula, vitamina E, ulei de geraniu, Q10, ulei de m\u0103sline, pudr\u0103 de cofein\u0103.<br \/>\nNu con\u0163ine aditivi (conservan\u0163i \u015fi coloran\u0163i) sintetici!<\/p>\n","protected":false},"excerpt":{"rendered":"<p style=\"text-align: justify\">Crem\u0103 antirid hr\u0103ne\u0219te \u0219i \u00eengrije\u0219te pielea cu puterea ierburilor.<br \/>\nSe aplic\u0103 pe fa\u021b\u0103, g\u00e2t \u0219i zone decolteului cu mi\u0219c\u0103ri u\u0219oare.<\/p>\n","protected":false},"featured_media":8938,"comment_status":"open","ping_status":"closed","template":"","meta":[],"product_brand":[],"product_cat":[105],"product_tag":[],"class_list":{"0":"post-9203","1":"product","2":"type-product","3":"status-publish","4":"has-post-thumbnail","6":"product_cat-creme","8":"first","9":"instock","10":"taxable","11":"shipping-taxable","12":"purchasable","13":"product-type-simple"},"yoast_head":"<!-- This site is optimized with the Yoast SEO Premium plugin v20.13 (Yoast SEO v20.13) - https:\/\/yoast.com\/wordpress\/plugins\/seo\/ -->\n<title>Crem\u0103 antirid - Crem\u0103 secuiasc\u0103 minue<\/title>\n<meta name=\"description\" content=\"secuiasc\u0103, miraculoase, produse, crem\u0103 minunea, gel minune, crem\u0103 secuiasc\u0103 minune, gel secuiasc\u0103 minune, perne de sare miraculoase\" \/>\n<meta name=\"robots\" content=\"index, follow, max-snippet:-1, max-image-preview:large, max-video-preview:-1\" \/>\n<link rel=\"canonical\" href=\"https:\/\/szekelycsuda.ro\/ro\/uzlet\/creme\/crema-antirid\/\" \/>\n<meta property=\"og:locale\" content=\"ro_RO\" \/>\n<meta property=\"og:type\" content=\"article\" \/>\n<meta property=\"og:title\" content=\"Crem\u0103 antirid\" \/>\n<meta property=\"og:description\" content=\"secuiasc\u0103, miraculoase, produse, crem\u0103 minunea, gel minune, crem\u0103 secuiasc\u0103 minune, gel secuiasc\u0103 minune, perne de sare miraculoase\" \/>\n<meta property=\"og:url\" content=\"https:\/\/szekelycsuda.ro\/ro\/uzlet\/creme\/crema-antirid\/\" \/>\n<meta property=\"og:site_name\" content=\"Sz\u00e9kely Csuda Ken\u0151cs\" \/>\n<meta property=\"article:modified_time\" content=\"2026-04-03T11:23:29+00:00\" \/>\n<meta property=\"og:image\" content=\"https:\/\/szekelycsuda.ro\/wp-content\/uploads\/szekely-csuda-kenocs-ranctalanito-1.jpg\" \/>\n\t<meta property=\"og:image:width\" content=\"1000\" \/>\n\t<meta property=\"og:image:height\" content=\"1000\" \/>\n\t<meta property=\"og:image:type\" content=\"image\/jpeg\" \/>\n<meta name=\"twitter:card\" content=\"summary_large_image\" \/>\n<meta name=\"twitter:label1\" content=\"Timp estimat pentru citire\" \/>\n\t<meta name=\"twitter:data1\" content=\"3 minute\" \/>\n<script type=\"application\/ld+json\" class=\"yoast-schema-graph\">{\"@context\":\"https:\/\/schema.org\",\"@graph\":[{\"@type\":\"WebPage\",\"@id\":\"https:\/\/szekelycsuda.ro\/ro\/uzlet\/creme\/crema-antirid\/\",\"url\":\"https:\/\/szekelycsuda.ro\/ro\/uzlet\/creme\/crema-antirid\/\",\"name\":\"Crem\u0103 antirid - Crem\u0103 secuiasc\u0103 minue\",\"isPartOf\":{\"@id\":\"https:\/\/szekelycsuda.ro\/#website\"},\"datePublished\":\"2023-08-22T10:54:15+00:00\",\"dateModified\":\"2026-04-03T11:23:29+00:00\",\"description\":\"secuiasc\u0103, miraculoase, produse, crem\u0103 minunea, gel minune, crem\u0103 secuiasc\u0103 minune, gel secuiasc\u0103 minune, perne de sare miraculoase\",\"breadcrumb\":{\"@id\":\"https:\/\/szekelycsuda.ro\/ro\/uzlet\/creme\/crema-antirid\/#breadcrumb\"},\"inLanguage\":\"ro-RO\",\"potentialAction\":[{\"@type\":\"ReadAction\",\"target\":[\"https:\/\/szekelycsuda.ro\/ro\/uzlet\/creme\/crema-antirid\/\"]}]},{\"@type\":\"BreadcrumbList\",\"@id\":\"https:\/\/szekelycsuda.ro\/ro\/uzlet\/creme\/crema-antirid\/#breadcrumb\",\"itemListElement\":[{\"@type\":\"ListItem\",\"position\":1,\"name\":\"Home\",\"item\":\"https:\/\/szekelycsuda.ro\/ro\/\"},{\"@type\":\"ListItem\",\"position\":2,\"name\":\"Term\u00e9kek\",\"item\":\"https:\/\/szekelycsuda.ro\/uzlet\/\"},{\"@type\":\"ListItem\",\"position\":3,\"name\":\"Crem\u0103 antirid\"}]},{\"@type\":\"WebSite\",\"@id\":\"https:\/\/szekelycsuda.ro\/#website\",\"url\":\"https:\/\/szekelycsuda.ro\/\",\"name\":\"Sz\u00e9kely Csuda Ken\u0151cs\",\"description\":\"\",\"potentialAction\":[{\"@type\":\"SearchAction\",\"target\":{\"@type\":\"EntryPoint\",\"urlTemplate\":\"https:\/\/szekelycsuda.ro\/?s={search_term_string}\"},\"query-input\":\"required name=search_term_string\"}],\"inLanguage\":\"ro-RO\"}]}<\/script>\n<!-- \/ Yoast SEO Premium plugin. -->","yoast_head_json":{"title":"Crem\u0103 antirid - Crem\u0103 secuiasc\u0103 minue","description":"secuiasc\u0103, miraculoase, produse, crem\u0103 minunea, gel minune, crem\u0103 secuiasc\u0103 minune, gel secuiasc\u0103 minune, perne de sare miraculoase","robots":{"index":"index","follow":"follow","max-snippet":"max-snippet:-1","max-image-preview":"max-image-preview:large","max-video-preview":"max-video-preview:-1"},"canonical":"https:\/\/szekelycsuda.ro\/ro\/uzlet\/creme\/crema-antirid\/","og_locale":"ro_RO","og_type":"article","og_title":"Crem\u0103 antirid","og_description":"secuiasc\u0103, miraculoase, produse, crem\u0103 minunea, gel minune, crem\u0103 secuiasc\u0103 minune, gel secuiasc\u0103 minune, perne de sare miraculoase","og_url":"https:\/\/szekelycsuda.ro\/ro\/uzlet\/creme\/crema-antirid\/","og_site_name":"Sz\u00e9kely Csuda Ken\u0151cs","article_modified_time":"2026-04-03T11:23:29+00:00","og_image":[{"width":1000,"height":1000,"url":"https:\/\/szekelycsuda.ro\/wp-content\/uploads\/szekely-csuda-kenocs-ranctalanito-1.jpg","type":"image\/jpeg"}],"twitter_card":"summary_large_image","twitter_misc":{"Timp estimat pentru citire":"3 minute"},"schema":{"@context":"https:\/\/schema.org","@graph":[{"@type":"WebPage","@id":"https:\/\/szekelycsuda.ro\/ro\/uzlet\/creme\/crema-antirid\/","url":"https:\/\/szekelycsuda.ro\/ro\/uzlet\/creme\/crema-antirid\/","name":"Crem\u0103 antirid - Crem\u0103 secuiasc\u0103 minue","isPartOf":{"@id":"https:\/\/szekelycsuda.ro\/#website"},"datePublished":"2023-08-22T10:54:15+00:00","dateModified":"2026-04-03T11:23:29+00:00","description":"secuiasc\u0103, miraculoase, produse, crem\u0103 minunea, gel minune, crem\u0103 secuiasc\u0103 minune, gel secuiasc\u0103 minune, perne de sare miraculoase","breadcrumb":{"@id":"https:\/\/szekelycsuda.ro\/ro\/uzlet\/creme\/crema-antirid\/#breadcrumb"},"inLanguage":"ro-RO","potentialAction":[{"@type":"ReadAction","target":["https:\/\/szekelycsuda.ro\/ro\/uzlet\/creme\/crema-antirid\/"]}]},{"@type":"BreadcrumbList","@id":"https:\/\/szekelycsuda.ro\/ro\/uzlet\/creme\/crema-antirid\/#breadcrumb","itemListElement":[{"@type":"ListItem","position":1,"name":"Home","item":"https:\/\/szekelycsuda.ro\/ro\/"},{"@type":"ListItem","position":2,"name":"Term\u00e9kek","item":"https:\/\/szekelycsuda.ro\/uzlet\/"},{"@type":"ListItem","position":3,"name":"Crem\u0103 antirid"}]},{"@type":"WebSite","@id":"https:\/\/szekelycsuda.ro\/#website","url":"https:\/\/szekelycsuda.ro\/","name":"Sz\u00e9kely Csuda Ken\u0151cs","description":"","potentialAction":[{"@type":"SearchAction","target":{"@type":"EntryPoint","urlTemplate":"https:\/\/szekelycsuda.ro\/?s={search_term_string}"},"query-input":"required name=search_term_string"}],"inLanguage":"ro-RO"}]}},"_links":{"self":[{"href":"https:\/\/szekelycsuda.ro\/ro\/wp-json\/wp\/v2\/product\/9203","targetHints":{"allow":["GET"]}}],"collection":[{"href":"https:\/\/szekelycsuda.ro\/ro\/wp-json\/wp\/v2\/product"}],"about":[{"href":"https:\/\/szekelycsuda.ro\/ro\/wp-json\/wp\/v2\/types\/product"}],"replies":[{"embeddable":true,"href":"https:\/\/szekelycsuda.ro\/ro\/wp-json\/wp\/v2\/comments?post=9203"}],"wp:featuredmedia":[{"embeddable":true,"href":"https:\/\/szekelycsuda.ro\/ro\/wp-json\/wp\/v2\/media\/8938"}],"wp:attachment":[{"href":"https:\/\/szekelycsuda.ro\/ro\/wp-json\/wp\/v2\/media?parent=9203"}],"wp:term":[{"taxonomy":"product_brand","embeddable":true,"href":"https:\/\/szekelycsuda.ro\/ro\/wp-json\/wp\/v2\/product_brand?post=9203"},{"taxonomy":"product_cat","embeddable":true,"href":"https:\/\/szekelycsuda.ro\/ro\/wp-json\/wp\/v2\/product_cat?post=9203"},{"taxonomy":"product_tag","embeddable":true,"href":"https:\/\/szekelycsuda.ro\/ro\/wp-json\/wp\/v2\/product_tag?post=9203"}],"curies":[{"name":"wp","href":"https:\/\/api.w.org\/{rel}","templated":true}]}}