{"id":9218,"date":"2023-08-22T13:56:38","date_gmt":"2023-08-22T10:56:38","guid":{"rendered":"https:\/\/szekelycsuda.ro\/uzlet\/fara-categorie\/crema-namol-magic-secuiesc\/"},"modified":"2026-03-25T18:26:54","modified_gmt":"2026-03-25T16:26:54","slug":"reumas-kenocs","status":"publish","type":"product","link":"https:\/\/szekelycsuda.ro\/ro\/uzlet\/creme\/reumas-kenocs\/","title":{"rendered":"Crem\u0103 n\u0103mol magic secuiesc"},"content":{"rendered":"<p style=\"text-align: justify;\">Recomand\u0103ri de utilizare: inflama\u021bii articulare, artroze, dureri reumatice, dureri inflamatorii termina\u021bii nervoase, acnee, puncte negre, poate avea un efect de reducere a ridurilor. Instruc\u021biuni de utilizare: aplica\u021bi pe suprafa\u021ba dorit\u0103. L\u0103sa\u021bi s\u0103 se usuce 10-30 minute apoi freca\u021bi \u0219i sp\u0103la\u021bi cu ap\u0103 cald\u0103. Produsul nu se recomand\u0103 \u00een urm\u0103toarele situa\u021bii: afec\u021biuni hepatice, renale, sarcin\u0103, afec\u021biuni cardiace, st\u0103ri febrile, afec\u021biuni maligne.<\/p>\n<p style=\"text-align: justify;\">Ingrediente: n\u0103mol, ap\u0103. Nu con\u0163ine aditivi (conservan\u0163i \u015fi coloran\u0163i) sintetice! Avertisment: A nu se l\u0103sa la \u00eendem\u00e2na copiilor. A se evita contactul cu ochii!<\/p>\n","protected":false},"excerpt":{"rendered":"<p style=\"text-align: justify;\">Recomand\u0103ri de utilizare: inflama\u021bii articulare, artroze, dureri reumatice, dureri inflamatorii termina\u021bii nervoase, acnee, puncte negre, poate avea un efect de reducere a ridurilor. Instruc\u021biuni de utilizare: aplica\u021bi pe suprafa\u021ba dorit\u0103. L\u0103sa\u021bi s\u0103 se usuce 10-30 minute apoi freca\u021bi \u0219i sp\u0103la\u021bi cu ap\u0103 cald\u0103. Produsul nu se recomand\u0103 \u00een urm\u0103toarele situa\u021bii: afec\u021biuni hepatice, renale, sarcin\u0103, afec\u021biuni cardiace, st\u0103ri febrile, afec\u021biuni maligne.<\/p>\n","protected":false},"featured_media":8941,"comment_status":"open","ping_status":"closed","template":"","meta":[],"product_brand":[],"product_cat":[105],"product_tag":[],"class_list":{"0":"post-9218","1":"product","2":"type-product","3":"status-publish","4":"has-post-thumbnail","6":"product_cat-creme","8":"first","9":"instock","10":"taxable","11":"shipping-taxable","12":"purchasable","13":"product-type-simple"},"yoast_head":"<!-- This site is optimized with the Yoast SEO Premium plugin v20.13 (Yoast SEO v20.13) - https:\/\/yoast.com\/wordpress\/plugins\/seo\/ -->\n<title>N\u0103mol magic secuiesc pentru dureri reumatice - Secuiasc\u0103 minune<\/title>\n<meta name=\"description\" content=\"secuiasc\u0103, miraculoase, produse, crem\u0103 minunea, gel minune, crem\u0103 secuiasc\u0103 minune, gel secuiasc\u0103 minune, perne de sare miraculoase\" \/>\n<meta name=\"robots\" content=\"index, follow, max-snippet:-1, max-image-preview:large, max-video-preview:-1\" \/>\n<link rel=\"canonical\" href=\"https:\/\/szekelycsuda.ro\/ro\/uzlet\/creme\/crema-secuiasca-cu-namol-din-praid\/\" \/>\n<meta property=\"og:locale\" content=\"ro_RO\" \/>\n<meta property=\"og:type\" content=\"article\" \/>\n<meta property=\"og:title\" content=\"Crem\u0103 n\u0103mol magic secuiesc\" \/>\n<meta property=\"og:description\" content=\"secuiasc\u0103, miraculoase, produse, crem\u0103 minunea, gel minune, crem\u0103 secuiasc\u0103 minune, gel secuiasc\u0103 minune, perne de sare miraculoase\" \/>\n<meta property=\"og:url\" content=\"https:\/\/szekelycsuda.ro\/ro\/uzlet\/creme\/crema-secuiasca-cu-namol-din-praid\/\" \/>\n<meta property=\"og:site_name\" content=\"Sz\u00e9kely Csuda Ken\u0151cs\" \/>\n<meta property=\"article:modified_time\" content=\"2026-03-25T16:26:54+00:00\" \/>\n<meta property=\"og:image\" content=\"https:\/\/szekelycsuda.ro\/wp-content\/uploads\/szekely-csuda-kenocs-reumara-1.jpg\" \/>\n\t<meta property=\"og:image:width\" content=\"1000\" \/>\n\t<meta property=\"og:image:height\" content=\"1000\" \/>\n\t<meta property=\"og:image:type\" content=\"image\/jpeg\" \/>\n<meta name=\"twitter:card\" content=\"summary_large_image\" \/>\n<meta name=\"twitter:label1\" content=\"Timp estimat pentru citire\" \/>\n\t<meta name=\"twitter:data1\" content=\"1 minut\" \/>\n<script type=\"application\/ld+json\" class=\"yoast-schema-graph\">{\"@context\":\"https:\/\/schema.org\",\"@graph\":[{\"@type\":\"WebPage\",\"@id\":\"https:\/\/szekelycsuda.ro\/ro\/uzlet\/creme\/crema-secuiasca-cu-namol-din-praid\/\",\"url\":\"https:\/\/szekelycsuda.ro\/ro\/uzlet\/creme\/crema-secuiasca-cu-namol-din-praid\/\",\"name\":\"N\u0103mol magic secuiesc pentru dureri reumatice - Secuiasc\u0103 minune\",\"isPartOf\":{\"@id\":\"https:\/\/szekelycsuda.ro\/#website\"},\"datePublished\":\"2023-08-22T10:56:38+00:00\",\"dateModified\":\"2026-03-25T16:26:54+00:00\",\"description\":\"secuiasc\u0103, miraculoase, produse, crem\u0103 minunea, gel minune, crem\u0103 secuiasc\u0103 minune, gel secuiasc\u0103 minune, perne de sare miraculoase\",\"breadcrumb\":{\"@id\":\"https:\/\/szekelycsuda.ro\/ro\/uzlet\/creme\/crema-secuiasca-cu-namol-din-praid\/#breadcrumb\"},\"inLanguage\":\"ro-RO\",\"potentialAction\":[{\"@type\":\"ReadAction\",\"target\":[\"https:\/\/szekelycsuda.ro\/ro\/uzlet\/creme\/crema-secuiasca-cu-namol-din-praid\/\"]}]},{\"@type\":\"BreadcrumbList\",\"@id\":\"https:\/\/szekelycsuda.ro\/ro\/uzlet\/creme\/crema-secuiasca-cu-namol-din-praid\/#breadcrumb\",\"itemListElement\":[{\"@type\":\"ListItem\",\"position\":1,\"name\":\"Home\",\"item\":\"https:\/\/szekelycsuda.ro\/ro\/\"},{\"@type\":\"ListItem\",\"position\":2,\"name\":\"Term\u00e9kek\",\"item\":\"https:\/\/szekelycsuda.ro\/uzlet\/\"},{\"@type\":\"ListItem\",\"position\":3,\"name\":\"Crem\u0103 n\u0103mol magic secuiesc\"}]},{\"@type\":\"WebSite\",\"@id\":\"https:\/\/szekelycsuda.ro\/#website\",\"url\":\"https:\/\/szekelycsuda.ro\/\",\"name\":\"Sz\u00e9kely Csuda Ken\u0151cs\",\"description\":\"\",\"potentialAction\":[{\"@type\":\"SearchAction\",\"target\":{\"@type\":\"EntryPoint\",\"urlTemplate\":\"https:\/\/szekelycsuda.ro\/?s={search_term_string}\"},\"query-input\":\"required name=search_term_string\"}],\"inLanguage\":\"ro-RO\"}]}<\/script>\n<!-- \/ Yoast SEO Premium plugin. -->","yoast_head_json":{"title":"N\u0103mol magic secuiesc pentru dureri reumatice - Secuiasc\u0103 minune","description":"secuiasc\u0103, miraculoase, produse, crem\u0103 minunea, gel minune, crem\u0103 secuiasc\u0103 minune, gel secuiasc\u0103 minune, perne de sare miraculoase","robots":{"index":"index","follow":"follow","max-snippet":"max-snippet:-1","max-image-preview":"max-image-preview:large","max-video-preview":"max-video-preview:-1"},"canonical":"https:\/\/szekelycsuda.ro\/ro\/uzlet\/creme\/crema-secuiasca-cu-namol-din-praid\/","og_locale":"ro_RO","og_type":"article","og_title":"Crem\u0103 n\u0103mol magic secuiesc","og_description":"secuiasc\u0103, miraculoase, produse, crem\u0103 minunea, gel minune, crem\u0103 secuiasc\u0103 minune, gel secuiasc\u0103 minune, perne de sare miraculoase","og_url":"https:\/\/szekelycsuda.ro\/ro\/uzlet\/creme\/crema-secuiasca-cu-namol-din-praid\/","og_site_name":"Sz\u00e9kely Csuda Ken\u0151cs","article_modified_time":"2026-03-25T16:26:54+00:00","og_image":[{"width":1000,"height":1000,"url":"https:\/\/szekelycsuda.ro\/wp-content\/uploads\/szekely-csuda-kenocs-reumara-1.jpg","type":"image\/jpeg"}],"twitter_card":"summary_large_image","twitter_misc":{"Timp estimat pentru citire":"1 minut"},"schema":{"@context":"https:\/\/schema.org","@graph":[{"@type":"WebPage","@id":"https:\/\/szekelycsuda.ro\/ro\/uzlet\/creme\/crema-secuiasca-cu-namol-din-praid\/","url":"https:\/\/szekelycsuda.ro\/ro\/uzlet\/creme\/crema-secuiasca-cu-namol-din-praid\/","name":"N\u0103mol magic secuiesc pentru dureri reumatice - Secuiasc\u0103 minune","isPartOf":{"@id":"https:\/\/szekelycsuda.ro\/#website"},"datePublished":"2023-08-22T10:56:38+00:00","dateModified":"2026-03-25T16:26:54+00:00","description":"secuiasc\u0103, miraculoase, produse, crem\u0103 minunea, gel minune, crem\u0103 secuiasc\u0103 minune, gel secuiasc\u0103 minune, perne de sare miraculoase","breadcrumb":{"@id":"https:\/\/szekelycsuda.ro\/ro\/uzlet\/creme\/crema-secuiasca-cu-namol-din-praid\/#breadcrumb"},"inLanguage":"ro-RO","potentialAction":[{"@type":"ReadAction","target":["https:\/\/szekelycsuda.ro\/ro\/uzlet\/creme\/crema-secuiasca-cu-namol-din-praid\/"]}]},{"@type":"BreadcrumbList","@id":"https:\/\/szekelycsuda.ro\/ro\/uzlet\/creme\/crema-secuiasca-cu-namol-din-praid\/#breadcrumb","itemListElement":[{"@type":"ListItem","position":1,"name":"Home","item":"https:\/\/szekelycsuda.ro\/ro\/"},{"@type":"ListItem","position":2,"name":"Term\u00e9kek","item":"https:\/\/szekelycsuda.ro\/uzlet\/"},{"@type":"ListItem","position":3,"name":"Crem\u0103 n\u0103mol magic secuiesc"}]},{"@type":"WebSite","@id":"https:\/\/szekelycsuda.ro\/#website","url":"https:\/\/szekelycsuda.ro\/","name":"Sz\u00e9kely Csuda Ken\u0151cs","description":"","potentialAction":[{"@type":"SearchAction","target":{"@type":"EntryPoint","urlTemplate":"https:\/\/szekelycsuda.ro\/?s={search_term_string}"},"query-input":"required name=search_term_string"}],"inLanguage":"ro-RO"}]}},"_links":{"self":[{"href":"https:\/\/szekelycsuda.ro\/ro\/wp-json\/wp\/v2\/product\/9218","targetHints":{"allow":["GET"]}}],"collection":[{"href":"https:\/\/szekelycsuda.ro\/ro\/wp-json\/wp\/v2\/product"}],"about":[{"href":"https:\/\/szekelycsuda.ro\/ro\/wp-json\/wp\/v2\/types\/product"}],"replies":[{"embeddable":true,"href":"https:\/\/szekelycsuda.ro\/ro\/wp-json\/wp\/v2\/comments?post=9218"}],"wp:featuredmedia":[{"embeddable":true,"href":"https:\/\/szekelycsuda.ro\/ro\/wp-json\/wp\/v2\/media\/8941"}],"wp:attachment":[{"href":"https:\/\/szekelycsuda.ro\/ro\/wp-json\/wp\/v2\/media?parent=9218"}],"wp:term":[{"taxonomy":"product_brand","embeddable":true,"href":"https:\/\/szekelycsuda.ro\/ro\/wp-json\/wp\/v2\/product_brand?post=9218"},{"taxonomy":"product_cat","embeddable":true,"href":"https:\/\/szekelycsuda.ro\/ro\/wp-json\/wp\/v2\/product_cat?post=9218"},{"taxonomy":"product_tag","embeddable":true,"href":"https:\/\/szekelycsuda.ro\/ro\/wp-json\/wp\/v2\/product_tag?post=9218"}],"curies":[{"name":"wp","href":"https:\/\/api.w.org\/{rel}","templated":true}]}}