{"id":9219,"date":"2023-08-22T13:57:22","date_gmt":"2023-08-22T10:57:22","guid":{"rendered":"https:\/\/szekelycsuda.ro\/uzlet\/fara-categorie\/crema-pentru-rani\/"},"modified":"2026-03-25T18:29:55","modified_gmt":"2026-03-25T16:29:55","slug":"sebekre-borre","status":"publish","type":"product","link":"https:\/\/szekelycsuda.ro\/ro\/uzlet\/creme\/sebekre-borre\/","title":{"rendered":"Crem\u0103 pentru r\u0103ni"},"content":{"rendered":"<p style=\"text-align: justify;\">Mod de utilizare: se aplic\u0103 de 2-3 ori pe zi, \u00een strat sub\u021bire.<\/p>\n<p style=\"text-align: justify;\">\nIngrediente: rostopasc\u0103(Chelidonium majus), c\u0103tin\u0103(Hippophae), p\u0103tlagin\u0103(Plantagolanceolata), arnic\u0103(Arnicamontana), urzic\u0103 vie(Urticae herba), coada \u0219oricelui(Millefolii herba), g\u0103lbenele(Calendula officinalis), flori de mu\u0219e\u021bel(Chamomillae flos), salvie(Salviae herba), ghimbir (Zingiber officinale), uleiuri essen\u021biale tea tree(Melaleuca Alternifolia), sun\u0103toare(Hypericum perforatum), gr\u0103sime de origine animal\u0103, cear\u0103 de albine-galben\u0103.<\/p>\n<p>Nu con\u0163ine aditivi (conservan\u0163i \u015fi coloran\u0163i) sintetici!<br \/>\nMod de utilizare: se aplic\u0103 de 2-3 ori pe zi, \u00een strat sub\u021bire. Nu utiliza\u021bi pe r\u0103ni deschise!<\/p>\n<p style=\"text-align: justify;\">\nAvertisment: A nu se l\u0103sa la \u00eendem\u00e2na copiilor. A se evita contactul cu ochii! Utilizarea produsului este contraindicat\u0103 persoanelor cu alergii la oricare dintre componentele produsului!<\/p>\n<p style=\"text-align: justify;\">Depozitare: A se p\u0103stra la: 10-20 C\u00b0. A se feri de lumin\u0103 \u0219i umezeal\u0103<\/p>\n","protected":false},"excerpt":{"rendered":"<p style=\"text-align: justify;\">Mod de utilizare: se aplic\u0103 de 2-3 ori pe zi, \u00een strat sub\u021bire.<\/p>\n","protected":false},"featured_media":8944,"comment_status":"open","ping_status":"closed","template":"","meta":[],"product_brand":[],"product_cat":[105],"product_tag":[],"class_list":{"0":"post-9219","1":"product","2":"type-product","3":"status-publish","4":"has-post-thumbnail","6":"product_cat-creme","8":"first","9":"instock","10":"taxable","11":"shipping-taxable","12":"purchasable","13":"product-type-simple"},"yoast_head":"<!-- This site is optimized with the Yoast SEO Premium plugin v20.13 (Yoast SEO v20.13) - https:\/\/yoast.com\/wordpress\/plugins\/seo\/ -->\n<title>Crem\u0103 pentru r\u0103ni - Crem\u0103 secuiasc\u0103 minune<\/title>\n<meta name=\"description\" content=\"secuiasc\u0103, miraculoase, produse, crem\u0103 minunea, gel minune, crem\u0103 secuiasc\u0103 minune, gel secuiasc\u0103 minune, perne de sare miraculoase\" \/>\n<meta name=\"robots\" content=\"index, follow, max-snippet:-1, max-image-preview:large, max-video-preview:-1\" \/>\n<link rel=\"canonical\" href=\"https:\/\/szekelycsuda.ro\/ro\/uzlet\/creme\/sebekre-borre\/\" \/>\n<meta property=\"og:locale\" content=\"ro_RO\" \/>\n<meta property=\"og:type\" content=\"article\" \/>\n<meta property=\"og:title\" content=\"Crem\u0103 pentru r\u0103ni\" \/>\n<meta property=\"og:description\" content=\"secuiasc\u0103, miraculoase, produse, crem\u0103 minunea, gel minune, crem\u0103 secuiasc\u0103 minune, gel secuiasc\u0103 minune, perne de sare miraculoase\" \/>\n<meta property=\"og:url\" content=\"https:\/\/szekelycsuda.ro\/ro\/uzlet\/creme\/sebekre-borre\/\" \/>\n<meta property=\"og:site_name\" content=\"Sz\u00e9kely Csuda Ken\u0151cs\" \/>\n<meta property=\"article:modified_time\" content=\"2026-03-25T16:29:55+00:00\" \/>\n<meta property=\"og:image\" content=\"https:\/\/szekelycsuda.ro\/wp-content\/uploads\/szekely-csuda-kenocs-sebekre-1.jpg\" \/>\n\t<meta property=\"og:image:width\" content=\"1000\" \/>\n\t<meta property=\"og:image:height\" content=\"1000\" \/>\n\t<meta property=\"og:image:type\" content=\"image\/jpeg\" \/>\n<meta name=\"twitter:card\" content=\"summary_large_image\" \/>\n<meta name=\"twitter:label1\" content=\"Timp estimat pentru citire\" \/>\n\t<meta name=\"twitter:data1\" content=\"1 minut\" \/>\n<script type=\"application\/ld+json\" class=\"yoast-schema-graph\">{\"@context\":\"https:\/\/schema.org\",\"@graph\":[{\"@type\":\"WebPage\",\"@id\":\"https:\/\/szekelycsuda.ro\/ro\/uzlet\/creme\/sebekre-borre\/\",\"url\":\"https:\/\/szekelycsuda.ro\/ro\/uzlet\/creme\/sebekre-borre\/\",\"name\":\"Crem\u0103 pentru r\u0103ni - Crem\u0103 secuiasc\u0103 minune\",\"isPartOf\":{\"@id\":\"https:\/\/szekelycsuda.ro\/#website\"},\"datePublished\":\"2023-08-22T10:57:22+00:00\",\"dateModified\":\"2026-03-25T16:29:55+00:00\",\"description\":\"secuiasc\u0103, miraculoase, produse, crem\u0103 minunea, gel minune, crem\u0103 secuiasc\u0103 minune, gel secuiasc\u0103 minune, perne de sare miraculoase\",\"breadcrumb\":{\"@id\":\"https:\/\/szekelycsuda.ro\/ro\/uzlet\/creme\/sebekre-borre\/#breadcrumb\"},\"inLanguage\":\"ro-RO\",\"potentialAction\":[{\"@type\":\"ReadAction\",\"target\":[\"https:\/\/szekelycsuda.ro\/ro\/uzlet\/creme\/sebekre-borre\/\"]}]},{\"@type\":\"BreadcrumbList\",\"@id\":\"https:\/\/szekelycsuda.ro\/ro\/uzlet\/creme\/sebekre-borre\/#breadcrumb\",\"itemListElement\":[{\"@type\":\"ListItem\",\"position\":1,\"name\":\"Home\",\"item\":\"https:\/\/szekelycsuda.ro\/ro\/\"},{\"@type\":\"ListItem\",\"position\":2,\"name\":\"Term\u00e9kek\",\"item\":\"https:\/\/szekelycsuda.ro\/uzlet\/\"},{\"@type\":\"ListItem\",\"position\":3,\"name\":\"Crem\u0103 pentru r\u0103ni\"}]},{\"@type\":\"WebSite\",\"@id\":\"https:\/\/szekelycsuda.ro\/#website\",\"url\":\"https:\/\/szekelycsuda.ro\/\",\"name\":\"Sz\u00e9kely Csuda Ken\u0151cs\",\"description\":\"\",\"potentialAction\":[{\"@type\":\"SearchAction\",\"target\":{\"@type\":\"EntryPoint\",\"urlTemplate\":\"https:\/\/szekelycsuda.ro\/?s={search_term_string}\"},\"query-input\":\"required name=search_term_string\"}],\"inLanguage\":\"ro-RO\"}]}<\/script>\n<!-- \/ Yoast SEO Premium plugin. -->","yoast_head_json":{"title":"Crem\u0103 pentru r\u0103ni - Crem\u0103 secuiasc\u0103 minune","description":"secuiasc\u0103, miraculoase, produse, crem\u0103 minunea, gel minune, crem\u0103 secuiasc\u0103 minune, gel secuiasc\u0103 minune, perne de sare miraculoase","robots":{"index":"index","follow":"follow","max-snippet":"max-snippet:-1","max-image-preview":"max-image-preview:large","max-video-preview":"max-video-preview:-1"},"canonical":"https:\/\/szekelycsuda.ro\/ro\/uzlet\/creme\/sebekre-borre\/","og_locale":"ro_RO","og_type":"article","og_title":"Crem\u0103 pentru r\u0103ni","og_description":"secuiasc\u0103, miraculoase, produse, crem\u0103 minunea, gel minune, crem\u0103 secuiasc\u0103 minune, gel secuiasc\u0103 minune, perne de sare miraculoase","og_url":"https:\/\/szekelycsuda.ro\/ro\/uzlet\/creme\/sebekre-borre\/","og_site_name":"Sz\u00e9kely Csuda Ken\u0151cs","article_modified_time":"2026-03-25T16:29:55+00:00","og_image":[{"width":1000,"height":1000,"url":"https:\/\/szekelycsuda.ro\/wp-content\/uploads\/szekely-csuda-kenocs-sebekre-1.jpg","type":"image\/jpeg"}],"twitter_card":"summary_large_image","twitter_misc":{"Timp estimat pentru citire":"1 minut"},"schema":{"@context":"https:\/\/schema.org","@graph":[{"@type":"WebPage","@id":"https:\/\/szekelycsuda.ro\/ro\/uzlet\/creme\/sebekre-borre\/","url":"https:\/\/szekelycsuda.ro\/ro\/uzlet\/creme\/sebekre-borre\/","name":"Crem\u0103 pentru r\u0103ni - Crem\u0103 secuiasc\u0103 minune","isPartOf":{"@id":"https:\/\/szekelycsuda.ro\/#website"},"datePublished":"2023-08-22T10:57:22+00:00","dateModified":"2026-03-25T16:29:55+00:00","description":"secuiasc\u0103, miraculoase, produse, crem\u0103 minunea, gel minune, crem\u0103 secuiasc\u0103 minune, gel secuiasc\u0103 minune, perne de sare miraculoase","breadcrumb":{"@id":"https:\/\/szekelycsuda.ro\/ro\/uzlet\/creme\/sebekre-borre\/#breadcrumb"},"inLanguage":"ro-RO","potentialAction":[{"@type":"ReadAction","target":["https:\/\/szekelycsuda.ro\/ro\/uzlet\/creme\/sebekre-borre\/"]}]},{"@type":"BreadcrumbList","@id":"https:\/\/szekelycsuda.ro\/ro\/uzlet\/creme\/sebekre-borre\/#breadcrumb","itemListElement":[{"@type":"ListItem","position":1,"name":"Home","item":"https:\/\/szekelycsuda.ro\/ro\/"},{"@type":"ListItem","position":2,"name":"Term\u00e9kek","item":"https:\/\/szekelycsuda.ro\/uzlet\/"},{"@type":"ListItem","position":3,"name":"Crem\u0103 pentru r\u0103ni"}]},{"@type":"WebSite","@id":"https:\/\/szekelycsuda.ro\/#website","url":"https:\/\/szekelycsuda.ro\/","name":"Sz\u00e9kely Csuda Ken\u0151cs","description":"","potentialAction":[{"@type":"SearchAction","target":{"@type":"EntryPoint","urlTemplate":"https:\/\/szekelycsuda.ro\/?s={search_term_string}"},"query-input":"required name=search_term_string"}],"inLanguage":"ro-RO"}]}},"_links":{"self":[{"href":"https:\/\/szekelycsuda.ro\/ro\/wp-json\/wp\/v2\/product\/9219","targetHints":{"allow":["GET"]}}],"collection":[{"href":"https:\/\/szekelycsuda.ro\/ro\/wp-json\/wp\/v2\/product"}],"about":[{"href":"https:\/\/szekelycsuda.ro\/ro\/wp-json\/wp\/v2\/types\/product"}],"replies":[{"embeddable":true,"href":"https:\/\/szekelycsuda.ro\/ro\/wp-json\/wp\/v2\/comments?post=9219"}],"wp:featuredmedia":[{"embeddable":true,"href":"https:\/\/szekelycsuda.ro\/ro\/wp-json\/wp\/v2\/media\/8944"}],"wp:attachment":[{"href":"https:\/\/szekelycsuda.ro\/ro\/wp-json\/wp\/v2\/media?parent=9219"}],"wp:term":[{"taxonomy":"product_brand","embeddable":true,"href":"https:\/\/szekelycsuda.ro\/ro\/wp-json\/wp\/v2\/product_brand?post=9219"},{"taxonomy":"product_cat","embeddable":true,"href":"https:\/\/szekelycsuda.ro\/ro\/wp-json\/wp\/v2\/product_cat?post=9219"},{"taxonomy":"product_tag","embeddable":true,"href":"https:\/\/szekelycsuda.ro\/ro\/wp-json\/wp\/v2\/product_tag?post=9219"}],"curies":[{"name":"wp","href":"https:\/\/api.w.org\/{rel}","templated":true}]}}