{"id":9543,"date":"2023-11-14T21:52:39","date_gmt":"2023-11-14T19:52:39","guid":{"rendered":"https:\/\/szekelycsuda.ro\/uzlet\/fara-categorie\/sampon-brad-secuiasca-minune\/"},"modified":"2025-03-05T12:59:25","modified_gmt":"2025-03-05T10:59:25","slug":"sampon-brad-secuiasca-minune","status":"publish","type":"product","link":"https:\/\/szekelycsuda.ro\/ro\/uzlet\/sampoane\/sampon-brad-secuiasca-minune\/","title":{"rendered":"\u0218ampon Brad Secuiasc\u0103 minune"},"content":{"rendered":"<p><strong>Ingrediente:<\/strong> Aqua, Tensid\u0103 SCI, Glicerin\u0103 Vegetal\u0103, Decyl Glucoside, Lauryl Glucoside, Keratin Vegetal, Caffeine, Guma Xathan, Vitamina E, Sorbat de Potasiu, Benzoat de Sodiu, Acid Citric, Acid Lactic, Ulei esen\u021bial de Brad<\/p>\n<p><strong>Mod de p\u0103strare:<\/strong> Ferit de lumin\u0103 \u0219i c\u0103ldur\u0103, la temperatruri cuprinse \u00eentre 0-25 C. A se folosi preferabil \u00eensinte de data marcat\u0103 pe ambalaj. Nu intra\u021bi \u00een ochi.<\/p>\n","protected":false},"excerpt":{"rendered":"<p><strong>Precau\u021bii:<\/strong> Nu se aplic\u0103 pe pielea iritat\u0103 \u0219i pe plagi. Se vor feri ochii \u0219i mucoasele. Nu intra\u021bi \u00een ochi.<br \/>\n<strong>Mod de p\u0103strare:<\/strong> Ferit de lumin\u0103 \u0219i c\u0103ldur\u0103, la temperatruri cuprinse \u00eentre 0-25 C. A se folosi preferabil \u00eensinte de data marcat\u0103 pe ambalaj.<\/p>\n","protected":false},"featured_media":9510,"comment_status":"open","ping_status":"closed","template":"","meta":[],"product_brand":[],"product_cat":[120],"product_tag":[],"class_list":{"0":"post-9543","1":"product","2":"type-product","3":"status-publish","4":"has-post-thumbnail","6":"product_cat-sampoane","8":"first","9":"instock","10":"taxable","11":"shipping-taxable","12":"purchasable","13":"product-type-simple"},"yoast_head":"<!-- This site is optimized with the Yoast SEO Premium plugin v20.13 (Yoast SEO v20.13) - https:\/\/yoast.com\/wordpress\/plugins\/seo\/ -->\n<title>\u0218ampon Brad Secuiasc\u0103 minune<\/title>\n<meta name=\"description\" content=\"Se aplic\u0103 pe piele \u00een strat sub\u021bire \u0219i se maseaz\u0103 p\u00e2n\u0103 la absorb\u021bie complet\u0103.\" \/>\n<meta name=\"robots\" content=\"index, follow, max-snippet:-1, max-image-preview:large, max-video-preview:-1\" \/>\n<link rel=\"canonical\" href=\"https:\/\/szekelycsuda.ro\/ro\/uzlet\/sampoane\/sampon-brad-secuiasca-minune\/\" \/>\n<meta property=\"og:locale\" content=\"ro_RO\" \/>\n<meta property=\"og:type\" content=\"article\" \/>\n<meta property=\"og:title\" content=\"\u0218ampon Brad Secuiasc\u0103 minune\" \/>\n<meta property=\"og:description\" content=\"Se aplic\u0103 pe piele \u00een strat sub\u021bire \u0219i se maseaz\u0103 p\u00e2n\u0103 la absorb\u021bie complet\u0103.\" \/>\n<meta property=\"og:url\" content=\"https:\/\/szekelycsuda.ro\/ro\/uzlet\/sampoane\/sampon-brad-secuiasca-minune\/\" \/>\n<meta property=\"og:site_name\" content=\"Sz\u00e9kely Csuda Ken\u0151cs\" \/>\n<meta property=\"article:modified_time\" content=\"2025-03-05T10:59:25+00:00\" \/>\n<meta property=\"og:image\" content=\"https:\/\/szekelycsuda.ro\/wp-content\/uploads\/sampon-fenyo.jpg\" \/>\n\t<meta property=\"og:image:width\" content=\"1000\" \/>\n\t<meta property=\"og:image:height\" content=\"1000\" \/>\n\t<meta property=\"og:image:type\" content=\"image\/jpeg\" \/>\n<meta name=\"twitter:card\" content=\"summary_large_image\" \/>\n<meta name=\"twitter:label1\" content=\"Timp estimat pentru citire\" \/>\n\t<meta name=\"twitter:data1\" content=\"1 minut\" \/>\n<script type=\"application\/ld+json\" class=\"yoast-schema-graph\">{\"@context\":\"https:\/\/schema.org\",\"@graph\":[{\"@type\":\"WebPage\",\"@id\":\"https:\/\/szekelycsuda.ro\/ro\/uzlet\/sampoane\/sampon-brad-secuiasca-minune\/\",\"url\":\"https:\/\/szekelycsuda.ro\/ro\/uzlet\/sampoane\/sampon-brad-secuiasca-minune\/\",\"name\":\"\u0218ampon Brad Secuiasc\u0103 minune\",\"isPartOf\":{\"@id\":\"https:\/\/szekelycsuda.ro\/#website\"},\"datePublished\":\"2023-11-14T19:52:39+00:00\",\"dateModified\":\"2025-03-05T10:59:25+00:00\",\"description\":\"Se aplic\u0103 pe piele \u00een strat sub\u021bire \u0219i se maseaz\u0103 p\u00e2n\u0103 la absorb\u021bie complet\u0103.\",\"breadcrumb\":{\"@id\":\"https:\/\/szekelycsuda.ro\/ro\/uzlet\/sampoane\/sampon-brad-secuiasca-minune\/#breadcrumb\"},\"inLanguage\":\"ro-RO\",\"potentialAction\":[{\"@type\":\"ReadAction\",\"target\":[\"https:\/\/szekelycsuda.ro\/ro\/uzlet\/sampoane\/sampon-brad-secuiasca-minune\/\"]}]},{\"@type\":\"BreadcrumbList\",\"@id\":\"https:\/\/szekelycsuda.ro\/ro\/uzlet\/sampoane\/sampon-brad-secuiasca-minune\/#breadcrumb\",\"itemListElement\":[{\"@type\":\"ListItem\",\"position\":1,\"name\":\"Home\",\"item\":\"https:\/\/szekelycsuda.ro\/ro\/\"},{\"@type\":\"ListItem\",\"position\":2,\"name\":\"Term\u00e9kek\",\"item\":\"https:\/\/szekelycsuda.ro\/uzlet\/\"},{\"@type\":\"ListItem\",\"position\":3,\"name\":\"\u0218ampon Brad Secuiasc\u0103 minune\"}]},{\"@type\":\"WebSite\",\"@id\":\"https:\/\/szekelycsuda.ro\/#website\",\"url\":\"https:\/\/szekelycsuda.ro\/\",\"name\":\"Sz\u00e9kely Csuda Ken\u0151cs\",\"description\":\"\",\"potentialAction\":[{\"@type\":\"SearchAction\",\"target\":{\"@type\":\"EntryPoint\",\"urlTemplate\":\"https:\/\/szekelycsuda.ro\/?s={search_term_string}\"},\"query-input\":\"required name=search_term_string\"}],\"inLanguage\":\"ro-RO\"}]}<\/script>\n<!-- \/ Yoast SEO Premium plugin. -->","yoast_head_json":{"title":"\u0218ampon Brad Secuiasc\u0103 minune","description":"Se aplic\u0103 pe piele \u00een strat sub\u021bire \u0219i se maseaz\u0103 p\u00e2n\u0103 la absorb\u021bie complet\u0103.","robots":{"index":"index","follow":"follow","max-snippet":"max-snippet:-1","max-image-preview":"max-image-preview:large","max-video-preview":"max-video-preview:-1"},"canonical":"https:\/\/szekelycsuda.ro\/ro\/uzlet\/sampoane\/sampon-brad-secuiasca-minune\/","og_locale":"ro_RO","og_type":"article","og_title":"\u0218ampon Brad Secuiasc\u0103 minune","og_description":"Se aplic\u0103 pe piele \u00een strat sub\u021bire \u0219i se maseaz\u0103 p\u00e2n\u0103 la absorb\u021bie complet\u0103.","og_url":"https:\/\/szekelycsuda.ro\/ro\/uzlet\/sampoane\/sampon-brad-secuiasca-minune\/","og_site_name":"Sz\u00e9kely Csuda Ken\u0151cs","article_modified_time":"2025-03-05T10:59:25+00:00","og_image":[{"width":1000,"height":1000,"url":"https:\/\/szekelycsuda.ro\/wp-content\/uploads\/sampon-fenyo.jpg","type":"image\/jpeg"}],"twitter_card":"summary_large_image","twitter_misc":{"Timp estimat pentru citire":"1 minut"},"schema":{"@context":"https:\/\/schema.org","@graph":[{"@type":"WebPage","@id":"https:\/\/szekelycsuda.ro\/ro\/uzlet\/sampoane\/sampon-brad-secuiasca-minune\/","url":"https:\/\/szekelycsuda.ro\/ro\/uzlet\/sampoane\/sampon-brad-secuiasca-minune\/","name":"\u0218ampon Brad Secuiasc\u0103 minune","isPartOf":{"@id":"https:\/\/szekelycsuda.ro\/#website"},"datePublished":"2023-11-14T19:52:39+00:00","dateModified":"2025-03-05T10:59:25+00:00","description":"Se aplic\u0103 pe piele \u00een strat sub\u021bire \u0219i se maseaz\u0103 p\u00e2n\u0103 la absorb\u021bie complet\u0103.","breadcrumb":{"@id":"https:\/\/szekelycsuda.ro\/ro\/uzlet\/sampoane\/sampon-brad-secuiasca-minune\/#breadcrumb"},"inLanguage":"ro-RO","potentialAction":[{"@type":"ReadAction","target":["https:\/\/szekelycsuda.ro\/ro\/uzlet\/sampoane\/sampon-brad-secuiasca-minune\/"]}]},{"@type":"BreadcrumbList","@id":"https:\/\/szekelycsuda.ro\/ro\/uzlet\/sampoane\/sampon-brad-secuiasca-minune\/#breadcrumb","itemListElement":[{"@type":"ListItem","position":1,"name":"Home","item":"https:\/\/szekelycsuda.ro\/ro\/"},{"@type":"ListItem","position":2,"name":"Term\u00e9kek","item":"https:\/\/szekelycsuda.ro\/uzlet\/"},{"@type":"ListItem","position":3,"name":"\u0218ampon Brad Secuiasc\u0103 minune"}]},{"@type":"WebSite","@id":"https:\/\/szekelycsuda.ro\/#website","url":"https:\/\/szekelycsuda.ro\/","name":"Sz\u00e9kely Csuda Ken\u0151cs","description":"","potentialAction":[{"@type":"SearchAction","target":{"@type":"EntryPoint","urlTemplate":"https:\/\/szekelycsuda.ro\/?s={search_term_string}"},"query-input":"required name=search_term_string"}],"inLanguage":"ro-RO"}]}},"_links":{"self":[{"href":"https:\/\/szekelycsuda.ro\/ro\/wp-json\/wp\/v2\/product\/9543","targetHints":{"allow":["GET"]}}],"collection":[{"href":"https:\/\/szekelycsuda.ro\/ro\/wp-json\/wp\/v2\/product"}],"about":[{"href":"https:\/\/szekelycsuda.ro\/ro\/wp-json\/wp\/v2\/types\/product"}],"replies":[{"embeddable":true,"href":"https:\/\/szekelycsuda.ro\/ro\/wp-json\/wp\/v2\/comments?post=9543"}],"wp:featuredmedia":[{"embeddable":true,"href":"https:\/\/szekelycsuda.ro\/ro\/wp-json\/wp\/v2\/media\/9510"}],"wp:attachment":[{"href":"https:\/\/szekelycsuda.ro\/ro\/wp-json\/wp\/v2\/media?parent=9543"}],"wp:term":[{"taxonomy":"product_brand","embeddable":true,"href":"https:\/\/szekelycsuda.ro\/ro\/wp-json\/wp\/v2\/product_brand?post=9543"},{"taxonomy":"product_cat","embeddable":true,"href":"https:\/\/szekelycsuda.ro\/ro\/wp-json\/wp\/v2\/product_cat?post=9543"},{"taxonomy":"product_tag","embeddable":true,"href":"https:\/\/szekelycsuda.ro\/ro\/wp-json\/wp\/v2\/product_tag?post=9543"}],"curies":[{"name":"wp","href":"https:\/\/api.w.org\/{rel}","templated":true}]}}